{"id":7,"date":"2025-08-28T18:47:37","date_gmt":"2025-08-28T18:47:37","guid":{"rendered":"https:\/\/www.theupsstore1.net\/expedier-au-canada\/?page_id=7"},"modified":"2025-12-30T19:21:24","modified_gmt":"2025-12-30T19:21:24","slug":"un-colis-a-expedier-au-canada","status":"publish","type":"page","link":"https:\/\/www.theupsstore1.net\/expedier-au-canada\/","title":{"rendered":"Un colis \u00e0 exp\u00e9dier au Canada?"},"content":{"rendered":"\n\n\t\t\t\t<img decoding=\"async\" src=\"https:\/\/www.theupsstore1.net\/expedier-au-canada\/wp-content\/uploads\/sites\/986\/2025\/08\/2021-TUPSS-Logo-RGB-FR_WHT-1.png\" alt=\"2021-TUPSS-Logo-RGB-FR_WHT 1\" itemprop=\"image\" title=\"2021-TUPSS-Logo-RGB-FR_WHT 1\" onerror=\"this.style.display='none'\" loading=\"lazy\" \/>\n\t<p><a href=\"https:\/\/www.theupsstore1.net\/domestic-ground-shipping\/\" rel=\"noopener\">English<\/a><\/p>\n<h1>\n\t\t\tUn colis \u00e0 exp\u00e9dier au Canada?\t<\/h1>\n<h4>\n\t\t\t\u00c9conomisez jusqu&rsquo;\u00e0 30 % sur le service d&rsquo;exp\u00e9dition UPS Standard au Canada offert \u00e0 The UPS Store.\t<\/h4>\n<h2>\n\t\t\tTrouvez un magasin\t<\/h2>\n<h5>\n\t\t\tNous avons plus de 400 emplacements au Canada. Trouvez le centre le plus pr\u00e8s de chez vous!\t<\/h5>\n\t\t\t<a href=\"https:\/\/www.theupsstore1.net\/fr\/localisateur\/?utm_source=facebook&#038;utm_medium=landing+page&#038;utm_campaign=safe-shredding-services-fr-social&#038;utm_id=safe-shredding-services-fr-social\" target=\"_blank\" rel=\"noopener\">\n\t\t\t\t\t\t\tTrouver un magasin\n\t\t\t\t\t<\/a>\n<h2>\n\t\t\tExp\u00e9dition par voie terrestre: tarifs les plus bas maintenant \u00e0 The UPS Store.\t<\/h2>\n\t<p>Voici quelques bonnes raisons de choisir le service UPS Standard pour vos envois au Canada :<\/p>\n\t\t\t <p>Livraison plus rapide<\/p>\t\t\n\t\t\t <p>Traitement de colis plus lourds et plus volumineux<\/p>\t\t\n\t\t\t <p>Garantie d&#8217;emballage et d&rsquo;exp\u00e9dition : en cas de perte ou de dommage, obtenez une couverture compl\u00e8te de vos biens, ainsi que le remboursement des frais d&#8217;emballage et d&rsquo;exp\u00e9dition, jusqu&rsquo;\u00e0 concurrence de 10\u202f000 $ par colis**<\/p>\t\t\n\t\t\t <p>Livraison par voie terrestre possible le samedi. Vos destinataires n&rsquo;ont plus besoin d&rsquo;attendre au lundi pour recevoir leurs colis!<\/p>\t\t\n\t<p>* Offre exclusive aux centres The UPS StoreMD du Canada. Valide uniquement pour le service d&rsquo;exp\u00e9dition par voie terrestre UPS Standard au Canada. Pour que l&rsquo;offre s&rsquo;applique, l&rsquo;envoi doit \u00eatre effectu\u00e9 par UPS en utilisant le compte UPS du centre. L&rsquo;offre est valide dans les centres participants seulement, du 3 ao\u00fbt 2025 au 30 juin 2026, et peut \u00eatre annul\u00e9e en tout temps. Renseignez-vous aupr\u00e8s d&rsquo;un associ\u00e9 pour plus de d\u00e9tails.<\/p>\n<p>&nbsp;<\/p>\n<p>** Certaines conditions s&rsquo;appliquent. Renseignez-vous aupr\u00e8s d&rsquo;un associ\u00e9 pour plus de d\u00e9tails.<\/p>\n\t\t\t\t<img decoding=\"async\" src=\"https:\/\/www.theupsstore1.net\/domestic-ground-shipping\/wp-content\/uploads\/sites\/985\/2025\/08\/phone-fr-2023.jpg\" alt=\"phone-fr-2023\" itemprop=\"image\" title=\"phone-fr-2023\" onerror=\"this.style.display='none'\" loading=\"lazy\" \/>\n<h2>\n\t\t\tApplication OBTENEZ PLUS\t<\/h2>\n\t<p>Non seulement nous sommes votre guichet unique pour les produits et services The UPS Store, mais nous avons \u00e9galement une application. T\u00e9l\u00e9chargez-la pour profiter d&rsquo;offres sp\u00e9ciales sur les services d&rsquo;affaires dont vous avez le plus besoin.<\/p>\n\t<p><a href=\"https:\/\/www.theupsstore1.net\/fr\/solutions-petites-entreprises\/obtenez-plus\/\" target=\"_blank\" rel=\"noopener\">Inscrivez-vous<\/a><\/p>\n\t\t\t\t<a href=\"https:\/\/apps.apple.com\/ca\/app\/the-ups-store-canada-get-more\/id1469562285\"  target=\"_blank\" rel=\"noopener\"  itemprop=\"url\">\n\t\t\t\t<img decoding=\"async\" src=\"https:\/\/www.theupsstore1.net\/domestic-ground-shipping\/wp-content\/uploads\/sites\/985\/2025\/08\/Download_on_the_App_Store_Badge_FR_RGB_blk_100517-1.png\" alt=\"Download_on_the_App_Store_Badge_FR_RGB_blk_100517 1\" itemprop=\"image\" title=\"Download_on_the_App_Store_Badge_FR_RGB_blk_100517 1\" onerror=\"this.style.display='none'\" loading=\"lazy\" \/>\n\t\t\t\t<\/a>\n\t\t\t\t<a href=\"https:\/\/play.google.com\/store\/apps\/details?id=ca.theupsstore.app\"  target=\"_blank\" rel=\"noopener\"  itemprop=\"url\">\n\t\t\t\t<img decoding=\"async\" src=\"https:\/\/www.theupsstore1.net\/domestic-ground-shipping\/wp-content\/uploads\/sites\/985\/2025\/08\/GetItOnGooglePlay_Badge_Web_color_French-CA.png\" alt=\"GetItOnGooglePlay_Badge_Web_color_French-CA\" itemprop=\"image\" title=\"GetItOnGooglePlay_Badge_Web_color_French-CA\" onerror=\"this.style.display='none'\" loading=\"lazy\" \/>\n\t\t\t\t<\/a>\n\t\t\t\t<a href=\"https:\/\/www.theupsstore1.net\/fr\/services\/emballage-expedition\/\"  target=\"_blank\" rel=\"noopener\"  itemprop=\"url\">\n\t\t\t\t<img decoding=\"async\" src=\"https:\/\/theupsstore.landings.promo\/wp-content\/uploads\/sites\/61\/2018\/07\/060212_UPS_BackRM_MINIPAKR_003_FNL_HR-r.jpg\" alt=\"\" itemprop=\"image\" onerror=\"this.style.display='none'\" loading=\"lazy\" \/>\n\t\t\t\t<\/a>\n<h3><a href=\"https:\/\/www.theupsstore1.net\/fr\/services\/emballage-expedition\/\" target=\"_blank\"  rel=\"noopener\">Services d&#8217;emballage et d&rsquo;exp\u00e9dition<\/a><\/h3><p>Vous recherchez une entreprise de messagerie canadienne qui assure la livraison au pays et \u00e0 l&rsquo;international ? Vous avez besoin d&rsquo;aide pour emballer vos articles fragiles en pr\u00e9vision d&rsquo;un grand d\u00e9m\u00e9nagement ? The UPS Store offre des services de livraison locale et int\u00e9rieure, en plus de ses services d&rsquo;exp\u00e9dition vers la plupart des pays. C&rsquo;est sans compter ses services d&#8217;emballage et sa vaste gamme de fournitures de d\u00e9m\u00e9nagement.<\/p>\n<a href=\"https:\/\/www.theupsstore1.net\/fr\/services\/emballage-expedition\/\"  rel=\"noopener\"  target=\"_blank\">Apprendre Encore Plus<\/a>\t\n\t\t\t\t<a href=\"https:\/\/www.theupsstore1.net\/fr\/services\/impression\/\"  target=\"_blank\" rel=\"noopener\"  itemprop=\"url\">\n\t\t\t\t<img decoding=\"async\" src=\"https:\/\/www.theupsstore1.net\/domestic-ground-shipping\/wp-content\/uploads\/sites\/985\/2025\/08\/TUPSS-8-1033_small.jpg\" alt=\"TUPSS-8-1033_small\" itemprop=\"image\" title=\"TUPSS-8-1033_small\" onerror=\"this.style.display='none'\" loading=\"lazy\" \/>\n\t\t\t\t<\/a>\n<h3><a href=\"https:\/\/www.theupsstore1.net\/fr\/services\/impression\/\" target=\"_blank\"  rel=\"noopener\">Service de d\u00e9chiquetage s\u00e9curitaire<\/a><\/h3><p>D\u00e9chiquetez les documents importants dont vous n&rsquo;avez plus besoin dans un centre The UPS Store et prot\u00e9gez votre identit\u00e9. Destruction s\u00fbre et s\u00e9curitaire.<\/p>\n<a href=\"https:\/\/www.theupsstore1.net\/fr\/services\/impression\/\"  rel=\"noopener\"  target=\"_blank\">Apprendre Encore Plus<\/a>\t\n\t\t\t\t<a href=\"https:\/\/www.theupsstore1.nethttps:\/\/www.theupsstore.ca\/fr\/services\/boites-postales\/services\/mailboxes\/\"  target=\"_blank\" rel=\"noopener\"  itemprop=\"url\">\n\t\t\t\t<img decoding=\"async\" src=\"https:\/\/theupsstore.landings.promo\/wp-content\/uploads\/sites\/61\/2018\/07\/UPS-Tallahassee-76299-r_Hand-removing-mail_FNL2.jpg\" alt=\"\" itemprop=\"image\" onerror=\"this.style.display='none'\" loading=\"lazy\" \/>\n\t\t\t\t<\/a>\n<h3><a href=\"https:\/\/www.theupsstore1.nethttps:\/\/www.theupsstore.ca\/fr\/services\/boites-postales\/services\/mailboxes\/\" target=\"_blank\"  rel=\"noopener\">Services de bo\u00eetes postales<\/a><\/h3><p>The UPS Store Canada vous offre, \u00e0 vous ou \u00e0 votre entreprise, des services de location de bo\u00eete postale, de r\u00e9acheminement de courrier* et de r\u00e9ception de colis. Si vous voyagez souvent ou pr\u00e9voyez vous absenter longtemps, The UPS Store peut mettre \u00e0 votre disposition une bo\u00eete postale s\u00e9curitaire o\u00f9 vous pourrez conserver votre courrier jusqu&rsquo;\u00e0 ce que vous puissiez le r\u00e9cup\u00e9rer.<\/p>\n<a href=\"https:\/\/www.theupsstore1.nethttps:\/\/www.theupsstore.ca\/fr\/services\/boites-postales\/services\/mailboxes\/\"  rel=\"noopener\"  target=\"_blank\">Apprendre Encore Plus<\/a>\t\n\t\t\t\t<img decoding=\"async\" src=\"https:\/\/www.theupsstore1.net\/expedier-au-canada\/wp-content\/uploads\/sites\/986\/2025\/08\/1218184franchisee_burke_closeup_5022_hr_r-1080.1080.jpg\" alt=\"1218184franchisee_burke_closeup_5022_hr_r-1080.1080\" itemprop=\"image\" title=\"1218184franchisee_burke_closeup_5022_hr_r-1080.1080\" onerror=\"this.style.display='none'\" loading=\"lazy\" \/>\n<h2>\n\t\t\tTrouvez un magasin\t<\/h2>\n\t<p>Nous avons plus de 400 emplacements au Canada. Trouvez le centre le plus pr\u00e8s de chez vous !<\/p>\n\t\t\t<a href=\"https:\/\/www.theupsstore1.net\/fr\/localisateur\/?utm_source=facebook&#038;utm_medium=landing+page&#038;utm_campaign=safe-shredding-services-fr-social&#038;utm_id=safe-shredding-services-fr-social\" target=\"_blank\" rel=\"noopener\">\n\t\t\t\t\t\t\tTrouvez un magasin\n\t\t\t\t\t<\/a>\n\n","protected":false},"excerpt":{"rendered":"<p>English Un colis \u00e0 exp\u00e9dier au Canada? \u00c9conomisez jusqu&rsquo;\u00e0 30 % sur le service d&rsquo;exp\u00e9dition UPS Standard au Canada offert \u00e0 The UPS Store. Trouvez un magasin Nous avons plus de 400 emplacements au Canada. Trouvez le centre le plus pr\u00e8s de chez vous! Trouver un magasin Exp\u00e9dition par voie terrestre: tarifs les plus bas&hellip;<\/p>\n","protected":false},"author":570,"featured_media":0,"parent":0,"menu_order":0,"comment_status":"closed","ping_status":"closed","template":"","meta":{"footnotes":""},"class_list":["post-7","page","type-page","status-publish","hentry"],"_links":{"self":[{"href":"https:\/\/www.theupsstore1.net\/expedier-au-canada\/wp-json\/wp\/v2\/pages\/7","targetHints":{"allow":["GET"]}}],"collection":[{"href":"https:\/\/www.theupsstore1.net\/expedier-au-canada\/wp-json\/wp\/v2\/pages"}],"about":[{"href":"https:\/\/www.theupsstore1.net\/expedier-au-canada\/wp-json\/wp\/v2\/types\/page"}],"author":[{"embeddable":true,"href":"https:\/\/www.theupsstore1.net\/expedier-au-canada\/wp-json\/wp\/v2\/users\/570"}],"replies":[{"embeddable":true,"href":"https:\/\/www.theupsstore1.net\/expedier-au-canada\/wp-json\/wp\/v2\/comments?post=7"}],"version-history":[{"count":10,"href":"https:\/\/www.theupsstore1.net\/expedier-au-canada\/wp-json\/wp\/v2\/pages\/7\/revisions"}],"predecessor-version":[{"id":10005162,"href":"https:\/\/www.theupsstore1.net\/expedier-au-canada\/wp-json\/wp\/v2\/pages\/7\/revisions\/10005162"}],"wp:attachment":[{"href":"https:\/\/www.theupsstore1.net\/expedier-au-canada\/wp-json\/wp\/v2\/media?parent=7"}],"curies":[{"name":"wp","href":"https:\/\/api.w.org\/{rel}","templated":true}]}}