{"id":1251,"date":"2013-05-16T22:01:29","date_gmt":"2013-05-16T22:01:29","guid":{"rendered":"https:\/\/www.theupsstore1.net\/?page_id=1251"},"modified":"2024-01-18T11:15:13","modified_gmt":"2024-01-18T16:15:13","slug":"emballage-expedition","status":"publish","type":"page","link":"https:\/\/www.theupsstore1.net\/fr\/solutions-petites-entreprises\/obtenez-plus\/emballage-expedition\/","title":{"rendered":"UPS emballage et exp\u00e9dition"},"content":{"rendered":"<div class=\"wp-editor-content\"><h2>Nous livrons tout \u00e7a et plus \u00e0 The UPS Store<\/h2>\n<p>\u00cates-vous \u00e0 la recherche d\u2019un exp\u00e9diteur pour vos envois\u00a0int\u00e9rieurs et internationaux au Canada? Avez-vous besoin\u00a0d\u2019aide pour emballer les articles fragiles que vous envoyez\u00a0\u00e0 un client important? Votre entreprise a-t-elle besoin de\u00a0mat\u00e9riel d\u2019emballage ad\u00e9quat \u00e0 un colis de grande\u00a0dimension? Le centre The UPS Store vous offre \u00a0l\u2019exp\u00e9dition\u00a0locale et int\u00e9rieure, ainsi que des options d\u2019exp\u00e9dition \u00e0\u00a0l\u2019\u00e9tranger, des services d\u2019emballage et une vaste gamme\u00a0de fournitures d\u2019exp\u00e9dition.<\/p>\n<h3>Sp\u00e9cialistes de l\u2019emballage certifi\u00e9s<\/h3>\n<p>Les emballeurs certifi\u00e9s du centre The UPS Store peuvent emballer tout ce que vous avez \u00e0 exp\u00e9dier, qu\u2019il s\u2019agisse de documents, de petits colis ou d\u2019articles volumineux \u00a0u de forme irr\u00e9guli\u00e8re. Mais si vous \u00eates du genre bricoleur, nous offrons toutes les fournitures dont vous avez besoin pour emballer vos articles de mani\u00e8re \u00e0 ce qu\u2019ils soient bien prot\u00e9g\u00e9s.<\/p>\n<h3>Notre garantie \u2018Emballez et exp\u00e9diez \u2019<\/h3>\n<p>\u00c0 The UPS Store, vous n\u2019avez \u00e0 vous pr\u00e9occuper de rien.\u00a0Si un article emball\u00e9 par notre personnel et exp\u00e9di\u00e9 par UPS*\u00a0sous couvert de la garantie \u2018Emballez et exp\u00e9diez \u2018 offerte\u00a0seulement chez nous devait \u00eatre endommag\u00e9 ou \u00e9gar\u00e9,\u00a0nous vous remboursons sa valeur (sa valeur r\u00e9elle ou le co\u00fbt\u00a0de son remplacement ou de sa r\u00e9paration, selon le montant\u00a0le moins \u00e9lev\u00e9), le co\u00fbt du service et des fournitures\u00a0d\u2019emballage et les frais d\u2019exp\u00e9dition (exclusion faite du co\u00fbt\u00a0de la garantie). Certaines restrictions \u00a0l\u2019appliquent. Pour\u00a0obtenir tous les renseignements \u00e0 cet \u00e9gard, voyez notre\u00a0garantie \u2018Emballez et exp\u00e9diez \u2019.**<\/p>\n<p><em>* sur les exp\u00e9ditions que vous portez \u00e0 votre compte UPS<\/em><br \/>\n<em>** Frais additionnels applicables<\/em><\/p>\n<\/div>","protected":false},"excerpt":{"rendered":"<p>Nous livrons tout \u00e7a et plus \u00e0 The UPS Store \u00cates-vous \u00e0 la recherche d\u2019un exp\u00e9diteur pour vos envois\u00a0int\u00e9rieurs et internationaux au Canada? Avez-vous besoin\u00a0d\u2019aide pour emballer les articles fragiles que vous envoyez\u00a0\u00e0 un client important? Votre entreprise a-t-elle besoin de\u00a0mat\u00e9riel d\u2019emballage ad\u00e9quat \u00e0 un colis de grande\u00a0dimension? Le centre The UPS Store vous offre &hellip; <a href=\"https:\/\/www.theupsstore1.net\/fr\/solutions-petites-entreprises\/obtenez-plus\/emballage-expedition\/\">Continued<\/a><\/p>\n","protected":false},"author":8,"featured_media":70325,"parent":1239,"menu_order":0,"comment_status":"open","ping_status":"closed","template":"","meta":{"footnotes":""},"class_list":["post-1251","page","type-page","status-publish","has-post-thumbnail","hentry"],"_links":{"self":[{"href":"https:\/\/www.theupsstore1.net\/fr\/wp-json\/wp\/v2\/pages\/1251","targetHints":{"allow":["GET"]}}],"collection":[{"href":"https:\/\/www.theupsstore1.net\/fr\/wp-json\/wp\/v2\/pages"}],"about":[{"href":"https:\/\/www.theupsstore1.net\/fr\/wp-json\/wp\/v2\/types\/page"}],"author":[{"embeddable":true,"href":"https:\/\/www.theupsstore1.net\/fr\/wp-json\/wp\/v2\/users\/8"}],"replies":[{"embeddable":true,"href":"https:\/\/www.theupsstore1.net\/fr\/wp-json\/wp\/v2\/comments?post=1251"}],"version-history":[{"count":0,"href":"https:\/\/www.theupsstore1.net\/fr\/wp-json\/wp\/v2\/pages\/1251\/revisions"}],"up":[{"embeddable":true,"href":"https:\/\/www.theupsstore1.net\/fr\/wp-json\/wp\/v2\/pages\/1239"}],"wp:featuredmedia":[{"embeddable":true,"href":"https:\/\/www.theupsstore1.net\/fr\/wp-json\/wp\/v2\/media\/70325"}],"wp:attachment":[{"href":"https:\/\/www.theupsstore1.net\/fr\/wp-json\/wp\/v2\/media?parent=1251"}],"curies":[{"name":"wp","href":"https:\/\/api.w.org\/{rel}","templated":true}]}}