{"id":1491,"date":"2013-09-24T15:59:33","date_gmt":"2013-09-24T15:59:33","guid":{"rendered":"https:\/\/www.theupsstore1.net\/?page_id=1491"},"modified":"2020-03-13T14:13:39","modified_gmt":"2020-03-13T18:13:39","slug":"occasions-de-franchises-pour-les-veterans","status":"publish","type":"page","link":"https:\/\/www.theupsstore1.net\/fr\/franchisage\/occasions\/occasions-de-franchises-pour-les-veterans\/","title":{"rendered":"Occasions de franchises pour les v\u00e9t\u00e9rans"},"content":{"rendered":"<div class=\"wp-editor-content\"><table border=\"0\" align=\"left\">\n<tbody>\n<tr>\n<td style=\"width: 200px;\" valign=\"top\">\u00a0<img loading=\"lazy\" decoding=\"async\" class=\"alignnone size-full wp-image-1489\" src=\"https:\/\/www.theupsstore1.net\/wp-content\/uploads\/2013\/09\/canada-flag.jpg\" alt=\"Canada Flag\" width=\"213\" height=\"141\" srcset=\"https:\/\/www.theupsstore1.net\/wp-content\/uploads\/2013\/09\/canada-flag.jpg 213w, https:\/\/www.theupsstore.ca\/wp-content\/uploads\/2013\/09\/canada-flag-203x135.jpg 203w\" sizes=\"auto, (max-width: 213px) 100vw, 213px\" \/><\/td>\n<td>\n<h2>D\u00e9vouement. Travail d\u2019\u00e9quipe. Discipline. Engagement.<\/h2>\n<p>Vous \u00eates \u00e0 la recherche d\u2019une nouvelle occasion d\u2019affaires qui vous permettra de mettre \u00e0 profit les comp\u00e9tences et les valeurs que vous avez acquises au sein du service militaire canadien\u00a0? Avec les occasions de franchises pour les v\u00e9t\u00e9rans de The UPS Store, vous d\u00e9couvrirez \u00e0 quel point il est avantageux de lancer une entreprise et d\u2019\u00eatre propri\u00e9taire de la franchise d\u2019une marque reconnue \u00e0 l\u2019\u00e9chelle nationale et respect\u00e9e mondialement\u00a0; une marque qui soutient le retour \u00e0 la vie civile des hommes et des femmes ayant servi dans les forces arm\u00e9es.<\/p>\n<p>Consid\u00e9rez les avantages de travailler au sein d\u2019un r\u00e9seau professionnel \u00e0 la fois structur\u00e9 et novateur, fort de plus de 30\u00a0ann\u00e9es d\u2019exp\u00e9rience et d\u2019expertise dans les domaines de la vente au d\u00e9tail et de la franchise. Toutes les comp\u00e9tences que vous avez d\u00e9velopp\u00e9es \u00e0 ce jour vous seront tr\u00e8s utiles lorsque vous les appliquerez \u00e0 la cr\u00e9ation de votre propre petite entreprise en tant que franchis\u00e9 The UPS Store.<\/p>\n<h2>Les v\u00e9t\u00e9rans canadiens obtiennent un rabais de 10 000 $ sur les redevances de franchisage.<\/h2>\n<p>Pour vous remercier de votre service militaire et vous aider dans votre transition, nous offrons aux v\u00e9t\u00e9rans admissibles la possibilit\u00e9 d\u2019obtenir\u00a0:<\/p>\n<ul>\n<li>Un rabais de 10 000 $ sur les redevances de franchisage d\u2019un nouvel \u00e9tablissment The UPS Store au Canada\u00a0;<\/li>\n<li>Un rabais de 50 % sur les frais initiaux d\u2019inscription;<\/li>\n<li>Le programme de formation initiale sans frais (caleur de 5 000 $CA)<\/li>\n<\/ul>\n<p>Votre service militaire aide \u00e0 entretenir le r\u00eave canadien. Il est maintenant temps de commencer \u00e0 r\u00e9aliser votre r\u00eave.<\/td>\n<\/tr>\n<\/tbody>\n<\/table>\n<p>&nbsp;<\/p>\n<p><strong>Lancez-vous d\u00e8s aujourd\u2019hui !<br \/>\n<\/strong><br \/>\nSi vous voulez en savoir plus sur les occasions de franchises au Canada ou si vous avez toujours r\u00eav\u00e9 de poss\u00e9der votre propre entreprise, voici comment faire :<\/p>\n<ul>\n<li>Remplissez\u00a0<a href=\"https:\/\/www.theupsstore1.net\/fr\/franchisage\/demande-en-ligne\/\">le formulaire de demande confidentielle de franchise<\/a>.<\/li>\n<li>Adressez-vous \u00e0 un repr\u00e9sentant de notre \u00e9quipe du franchisage pour discuter des d\u00e9bouch\u00e9s qui s\u2019offrent \u00e0 vous dans la r\u00e9gion qui vous int\u00e9resse :<\/li>\n<\/ul>\n<p>Num\u00e9ro sans frais : 1-800-661-6232 x246<br \/>\nDu lundi au vendredi de 9 h \u00e0 17 h (HNE)<\/p>\n<p><em>L\u2019information contenue sur ce site ne constitue pas une offre de franchisage. Toute offre de vente sera subs\u00e9quente \u00e0 la pr\u00e9sentation d\u2019un document d\u2019information sur le franchisage.<\/em><\/p>\n<p><a href=\"https:\/\/www.theupsstore1.net\/wp-content\/uploads\/2020\/03\/ACF_Member_logo.jpg\"><img loading=\"lazy\" decoding=\"async\" class=\"alignnone  wp-image-38604\" src=\"https:\/\/www.theupsstore1.net\/wp-content\/uploads\/2020\/03\/ACF_Member_logo-300x180.jpg\" alt=\"\" width=\"187\" height=\"112\" srcset=\"https:\/\/www.theupsstore1.net\/wp-content\/uploads\/2020\/03\/ACF_Member_logo-300x180.jpg 300w, https:\/\/www.theupsstore.ca\/wp-content\/uploads\/2020\/03\/ACF_Member_logo-768x461.jpg 768w, https:\/\/www.theupsstore.ca\/wp-content\/uploads\/2020\/03\/ACF_Member_logo-770x462.jpg 770w, https:\/\/www.theupsstore.ca\/wp-content\/uploads\/2020\/03\/ACF_Member_logo.jpg 1000w\" sizes=\"auto, (max-width: 187px) 100vw, 187px\" \/><\/a><\/p>\n<\/div>","protected":false},"excerpt":{"rendered":"<p>\u00a0 D\u00e9vouement. Travail d\u2019\u00e9quipe. Discipline. Engagement. Vous \u00eates \u00e0 la recherche d\u2019une nouvelle occasion d\u2019affaires qui vous permettra de mettre \u00e0 profit les comp\u00e9tences et les valeurs que vous avez acquises au sein du service militaire canadien\u00a0? Avec les occasions de franchises pour les v\u00e9t\u00e9rans de The UPS Store, vous d\u00e9couvrirez \u00e0 quel point il &hellip; <a href=\"https:\/\/www.theupsstore1.net\/fr\/franchisage\/occasions\/occasions-de-franchises-pour-les-veterans\/\">Continued<\/a><\/p>\n","protected":false},"author":377,"featured_media":0,"parent":906,"menu_order":0,"comment_status":"closed","ping_status":"closed","template":"","meta":{"footnotes":""},"class_list":["post-1491","page","type-page","status-publish","hentry"],"_links":{"self":[{"href":"https:\/\/www.theupsstore1.net\/fr\/wp-json\/wp\/v2\/pages\/1491","targetHints":{"allow":["GET"]}}],"collection":[{"href":"https:\/\/www.theupsstore1.net\/fr\/wp-json\/wp\/v2\/pages"}],"about":[{"href":"https:\/\/www.theupsstore1.net\/fr\/wp-json\/wp\/v2\/types\/page"}],"author":[{"embeddable":true,"href":"https:\/\/www.theupsstore1.net\/fr\/wp-json\/wp\/v2\/users\/377"}],"replies":[{"embeddable":true,"href":"https:\/\/www.theupsstore1.net\/fr\/wp-json\/wp\/v2\/comments?post=1491"}],"version-history":[{"count":0,"href":"https:\/\/www.theupsstore1.net\/fr\/wp-json\/wp\/v2\/pages\/1491\/revisions"}],"up":[{"embeddable":true,"href":"https:\/\/www.theupsstore1.net\/fr\/wp-json\/wp\/v2\/pages\/906"}],"wp:attachment":[{"href":"https:\/\/www.theupsstore1.net\/fr\/wp-json\/wp\/v2\/media?parent=1491"}],"curies":[{"name":"wp","href":"https:\/\/api.w.org\/{rel}","templated":true}]}}