{"id":17974,"date":"2016-04-14T17:50:17","date_gmt":"2016-04-14T21:50:17","guid":{"rendered":"https:\/\/www.theupsstore1.net\/fr\/?page_id=17974"},"modified":"2016-04-15T17:03:59","modified_gmt":"2016-04-15T21:03:59","slug":"inscrivez-vous-a-notre-infolettre","status":"publish","type":"page","link":"https:\/\/www.theupsstore1.net\/fr\/inscrivez-vous-a-notre-infolettre\/","title":{"rendered":"Inscrivez-vous \u00e0 notre infolettre"},"content":{"rendered":"<div class=\"wp-editor-content\"><p>Inscrivez-vous \u00e0 notre infolettre pour recevoir des offres et des nouvelles \u00e0 votre bo\u00eete de r\u00e9ception.<\/p>\n<\/div>","protected":false},"excerpt":{"rendered":"<p>Inscrivez-vous \u00e0 notre infolettre pour recevoir des offres et des nouvelles \u00e0 votre bo\u00eete de r\u00e9ception.<\/p>\n","protected":false},"author":404,"featured_media":0,"parent":0,"menu_order":0,"comment_status":"closed","ping_status":"closed","template":"template-contact.php","meta":{"footnotes":""},"class_list":["post-17974","page","type-page","status-publish","hentry"],"_links":{"self":[{"href":"https:\/\/www.theupsstore1.net\/fr\/wp-json\/wp\/v2\/pages\/17974","targetHints":{"allow":["GET"]}}],"collection":[{"href":"https:\/\/www.theupsstore1.net\/fr\/wp-json\/wp\/v2\/pages"}],"about":[{"href":"https:\/\/www.theupsstore1.net\/fr\/wp-json\/wp\/v2\/types\/page"}],"author":[{"embeddable":true,"href":"https:\/\/www.theupsstore1.net\/fr\/wp-json\/wp\/v2\/users\/404"}],"replies":[{"embeddable":true,"href":"https:\/\/www.theupsstore1.net\/fr\/wp-json\/wp\/v2\/comments?post=17974"}],"version-history":[{"count":0,"href":"https:\/\/www.theupsstore1.net\/fr\/wp-json\/wp\/v2\/pages\/17974\/revisions"}],"wp:attachment":[{"href":"https:\/\/www.theupsstore1.net\/fr\/wp-json\/wp\/v2\/media?parent=17974"}],"curies":[{"name":"wp","href":"https:\/\/api.w.org\/{rel}","templated":true}]}}