{"id":18826,"date":"2016-06-29T16:22:30","date_gmt":"2016-06-29T20:22:30","guid":{"rendered":"https:\/\/www.theupsstore1.net\/fr\/?page_id=18826"},"modified":"2016-07-05T11:48:44","modified_gmt":"2016-07-05T15:48:44","slug":"shipping-landing-page-fr","status":"publish","type":"page","link":"https:\/\/www.theupsstore1.net\/fr\/shipping-landing-page-fr\/","title":{"rendered":"Shipping Landing Page FR"},"content":{"rendered":"<div class=\"wp-editor-content\"><h1>The UPS Store r\u00e9pond \u00e0 tous vos besoins de livraison\u00a0!<\/h1>\n<p>Ne laissez pas la distribution du courrier vous compliquer la vie. The UPS Store est une solution fiable et pratique qui r\u00e9pond \u00e0 tous vos besoins d\u2019emballage et de livraison int\u00e9rieure et internationale. Vous pouvez exp\u00e9dier vos envois avec UPS ou choisir un autre transporteur comme DHL et Canpar. De plus, vous r\u00e9alisez des \u00e9conomies en utilisant votre carte\u00a0<a href=\"https:\/\/www.theupsstore1.net\/fr\/solutions-petites-entreprises\/aeroplan\/\">Aeroplan<sup>MD<\/sup><\/a>\u00a0et votre carte du <a href=\"https:\/\/www.theupsstore1.net\/fr\/solutions-petites-entreprises\/obtenez-plus\/\">programme Obtenez plus<\/a>. Avec plus de 355\u00a0succursales au Canada, il y a un centre The UPS Store pr\u00e8s de chez vous\u00a0!<\/p>\n[gray_button link=\"\/fr\/calculatrice-frais-expedition\/\" icon=\"fa-calculator\" max-width=\"420px\"]<br \/>\nCalculatrice de frais d\u2019exp\u00e9dition<br \/>\n[\/gray_button]\n\t\t<div class=\"find horizontal-widget long span-12 \">\n                    <div class=\"title\">\n                            <h2>Trouver un magasin<\/h2>\n                    <\/div>\n                    <div class=\"find-widget-content\">\n                        <span class=\"find-widget-header-text\"><i class=\"fa fa-map-marker\"><\/i>Trouver un magasin:<\/span>\n                        <span class=\"tile kit-text span-2 form-text\"><strong>Entrez votre Adresse, Ville, Province ou Code Postal:<\/strong><\/span>\n                        <span class=\"tile horizontal-search \">\n                            <span id=\"searchbox\">\n                                <form action=\"\/fr\/localisateur\/\" method=\"post\" name=\"FindLocationForm\" class=\"findLocationForm\">\n\t<input name=\"FindLocationTextBox\" type=\"text\" maxlength=\"100\"  class=\"form_box findLocationTextBox\">\n\t<input type=\"hidden\" value=\"\" name=\"lat\" class=\"findLocationLat\"\/>\n\t<input type=\"hidden\" value=\"\" name=\"lng\" class=\"findLocationLng\"\/>\n    <button type=\"submit\" name=\"FindLocationButton\" class=\"search_submit button findLocationButton\"><i class=\"fa fa-search\"><\/i><\/button>\n<\/form>                            <\/span>\n                        <\/span>\n                        <div class=\"clearfix\"><\/div>\n                        <div class=\"tile kit-text span-2\"><\/div>\n                    <\/div>\n\t\t<\/div>\n\t\t\n<p>Quelle que soit votre situation, les centres The UPS Store offrent des services de messagerie et d\u2019exp\u00e9dition adapt\u00e9s aux besoins des particuliers et des entreprises. Communiquez avec un centre pr\u00e8s de chez vous pour conna\u00eetre les services offerts, les prix, les tarifs d\u2019exp\u00e9dition et les horaires d\u2019exp\u00e9dition.<\/p>\n<p>Vous cherchez un \u00e9tablissement qui offre la livraison au Canada ou \u00e0 l\u2019\u00e9tranger\u00a0? Vous avez besoin d\u2019aide pour emballer vos objets fragiles\u00a0? Votre entreprise a besoin de fournitures pour envoyer un colis de grande taille\u00a0? The UPS Store offre la livraison locale et int\u00e9rieure, de m\u00eame que des solutions d\u2019exp\u00e9dition internationale, des services d\u2019emballage et une vaste gamme de fournitures de d\u00e9m\u00e9nagement.<\/p>\n<h2>Services de livraison offerts<\/h2>\n<ul>\n<li>UPS Express Early<sup>MD<\/sup><\/li>\n<li>UPS Express<sup>MD<\/sup><\/li>\n<li>UPS Express Saver<sup>MD<\/sup><\/li>\n<li>UPS Expedited<sup>MD<\/sup><\/li>\n<li>UPS 3 Day Select<sup>MD<\/sup><\/li>\n<li>UPS Standard<sup>MD<\/sup><\/li>\n<\/ul>\n<h2>Besoin d\u2019acheminer un envoi\u00a0?<\/h2>\n<table class=\"feature-table\" border=\"0\" cellspacing=\"0\" cellpadding=\"0\">\n<thead>\n<tr>\n<th class=\"form-header\" colspan=\"1\"><b>D\u00e9lai de livraison<\/b><\/th>\n<th class=\"form-header\" colspan=\"1\"><b>Heure de livraison<\/b><\/th>\n<th class=\"form-header\" colspan=\"1\"><b>Service recommand\u00e9<\/b><\/th>\n<\/tr>\n<\/thead>\n<tbody>\n<tr>\n<td valign=\"top\" width=\"26%\">1 jour ouvrable<\/td>\n<td valign=\"top\" width=\"39%\">Livraison g\u00e9n\u00e9ralement effectu\u00e9e avant 9\u00a0h<\/td>\n<td valign=\"top\" width=\"35%\">UPS Express Early<\/td>\n<\/tr>\n<tr>\n<td valign=\"top\" width=\"26%\">1 jour ouvrable<\/td>\n<td valign=\"top\" width=\"39%\">Livraison g\u00e9n\u00e9ralement effectu\u00e9e avant 10\u00a0h\u00a030<\/td>\n<td valign=\"top\" width=\"35%\">UPS Express<\/td>\n<\/tr>\n<tr>\n<td valign=\"top\" width=\"26%\">1 jour ouvrable<\/td>\n<td valign=\"top\" width=\"39%\">Livraison g\u00e9n\u00e9ralement effectu\u00e9e avant 15\u00a0h<\/td>\n<td valign=\"top\" width=\"35%\">UPS Express Saver<\/td>\n<\/tr>\n<tr>\n<td valign=\"top\" width=\"26%\">2 jours ouvrables<\/td>\n<td valign=\"top\" width=\"39%\">Livraison avant la fin de la journ\u00e9e<\/td>\n<td valign=\"top\" width=\"35%\">UPS Expedited<\/td>\n<\/tr>\n<tr>\n<td valign=\"top\" width=\"26%\">Livraison flexible selon la destination de l\u2019envoi<\/td>\n<td valign=\"top\" width=\"39%\">Livraison avant la fin de la journ\u00e9e<\/td>\n<td valign=\"top\" width=\"35%\">UPS Standard<\/td>\n<\/tr>\n<\/tbody>\n<\/table>\n<p>&nbsp;<\/p>\n<h2>Nous sommes l\u00e0 pour vous aider\u00a0!<\/h2>\n<p>The UPS Store est un r\u00e9seau de franchises d\u00e9tenues \u00e0 l\u2019\u00e9chelle locale qui offre une vaste gamme de produits et de services pour aider et appuyer les petites entreprises d\u2019ici.<\/p>\n<div class=\"col-md-4 col-sm-6\"><div class=\"content-image-module-wrap\"><a href=\"https:\/\/www.theupsstore1.net\/fr\/services\/emballage-expedition\/livraison-canada\/\/\"><div class=\"content-image-module\" style=\"background-image: url(http:\/\/www.theupsstore.ca\/wp-content\/uploads\/2016\/04\/DS-1.jpg\"><div class=\"content-image-module-title\"><\/p>\n<p>Livraison int\u00e9rieure<\/p>\n<p><\/div><\/div><\/a><\/div><\/div>\n<div class=\"col-md-4 col-sm-6\"><div class=\"content-image-module-wrap\"><a href=\"https:\/\/www.theupsstore1.net\/fr\/services\/emballage-expedition\/livraison-internationale\/\"><div class=\"content-image-module\" style=\"background-image: url(http:\/\/www.theupsstore.ca\/wp-content\/uploads\/2016\/04\/IS.jpg\"><div class=\"content-image-module-title\"><\/p>\n<p>Livraison internationale<\/p>\n<p><\/div><\/div><\/a><\/div><\/div>\n<div class=\"col-md-4 col-sm-6\"><div class=\"content-image-module-wrap\"><a href=\"\"><div class=\"content-image-module\" style=\"background-image: url(\/wp-content\/uploads\/2016\/06\/UPS_GetMore_Card_FR.jpg\"><div class=\"content-image-module-title\"><\/p>\n<p>Programme Obtenez plus<\/p>\n<p><\/div><\/div><\/a><\/div><\/div>\n<div class=\"col-md-4 col-sm-6\"><div class=\"content-image-module-wrap\"><a href=\"https:\/\/www.theupsstore1.net\/fr\/services\/emballage-expedition\/garantie\/\"><div class=\"content-image-module\" style=\"background-image: url(http:\/\/www.theupsstore.ca\/wp-content\/uploads\/2016\/04\/PSG.jpg\"><div class=\"content-image-module-title\"><\/p>\n<p>Garantie d\u2019emballage et d\u2019exp\u00e9dition<\/p>\n<p><\/div><\/div><\/a><\/div><\/div>\n<div class=\"col-md-4 col-sm-6\"><div class=\"content-image-module-wrap\"><a href=\"https:\/\/www.theupsstore1.net\/fr\/services\/emballage-expedition\/emballage\/\"><div class=\"content-image-module\" style=\"background-image: url(http:\/\/www.theupsstore.ca\/wp-content\/uploads\/2016\/04\/PS.jpg\"><div class=\"content-image-module-title\"><\/p>\n<p>Services d\u2019emballage<\/p>\n<p><\/div><\/div><\/a><\/div><\/div>\n<div class=\"col-md-4 col-sm-6\"><div class=\"content-image-module-wrap\"><a href=\"https:\/\/www.theupsstore1.net\/fr\/calculatrice-frais-expedition\/\"><div class=\"content-image-module\" style=\"background-image: url(http:\/\/www.theupsstore.ca\/wp-content\/uploads\/2016\/04\/SCC.jpg\"><div class=\"content-image-module-title\"><\/p>\n<p>Calculatrice de frais d\u2019exp\u00e9dition<\/p>\n<p><\/div><\/div><\/a><\/div><\/div>\n<div class=\"clearfix\"><\/div>\n<h3 id=\"questions-courantes-sur-la-livraison-interne-title\" >Questions courantes sur la livraison interne<\/h3><ul id=\"questions-courantes-sur-la-livraison-interne\" class=\"accordion\"><\/p>\n<p><li><h3 class=\"faq-question\"><span class=\"faq-toggle\"><i class=\"fa fa-plus\"><\/i><\/span><span class=\"faq-question-text\">Faites-vous la livraison des colis surdimensionn\u00e9s ou de forme sp\u00e9ciale ?<\/span><\/h3><span class=\"faq-answer\"><p><\/p>\n<p>Oui. Bon nombre de nos centres exp\u00e9dient les objets surdimensionn\u00e9s ou dont le format n\u2019est pas standard, comme les meubles. Ces articles requi\u00e8rent tr\u00e8s souvent un emballage sp\u00e9cial. C\u2019est pourquoi les centres The UPS Store ont tout ce qu\u2019il faut pour offrir un service de manutention et d\u2019emballage personnalis\u00e9: couvertures, bo\u00eetes sur mesure, caisses en bois, emballage par r\u00e9traction et palettisation. Les experts de<br \/>\nvotre centre le plus pr\u00e8s pourront vous conseiller sur les meilleures m\u00e9thodes d\u2019emballage.\u00a0<a href=\"https:\/\/www.theupsstore1.net\/fr\/localisateur\/\">Demandez-leur<\/a>\u00a0s\u2019ils offrent le service d\u2019emballage et d\u2019exp\u00e9dition des articles surdimensionn\u00e9s ou de forme sp\u00e9ciale.<br \/>\n<\/p><\/span><\/li><\/p>\n<p><li><h3 class=\"faq-question\"><span class=\"faq-toggle\"><i class=\"fa fa-plus\"><\/i><\/span><span class=\"faq-question-text\">Pouvez-vous ramasser les colis que je compte exp\u00e9dier par UPS ou une autre entreprise de messagerie ?<\/span><\/h3><span class=\"faq-answer\"><p><\/p>\n<p>Non. Toutefois, vous pouvez les d\u00e9poser au centre The UPS Store le plus pr\u00e8s, accompagn\u00e9s de leur bordereau d\u2019exp\u00e9dition. Pour pr\u00e9voir une cueillette \u00e0 votre bureau ou \u00e0 votre domicile, communiquez directement avec l\u2019entreprise de messagerie.<br \/>\n<\/p><\/span><\/li><\/p>\n<p><li><h3 class=\"faq-question\"><span class=\"faq-toggle\"><i class=\"fa fa-plus\"><\/i><\/span><span class=\"faq-question-text\">Pouvez-vous ramasser mes articles, puis les emballer et les exp\u00e9dier ?<\/span><\/h3><span class=\"faq-answer\"><p>\nPlusieurs de nos centres sont en mesure de faire la cueillette de vos articles, puis de les emballer et de les exp\u00e9dier. Toutefois, nous ne ramassons pas les colis d\u00e9j\u00e0 accompagn\u00e9s de leur bordereau d\u2019exp\u00e9dition et destin\u00e9s \u00e0 \u00eatre envoy\u00e9s par UPS ou toute autre entreprise de messagerie. Vous pouvez d\u00e9poser de tels colis au centre The UPS Store le plus pr\u00e8s. Comme nos centres sont d\u00e9tenus et exploit\u00e9s par des franchis\u00e9s ind\u00e9pendants, les services et les prix peuvent varier. Communiquez\u00a0avec <a href=\"https:\/\/www.theupsstore1.net\/fr\/localisateur\/\">le centre\u00a0le plus pr\u00e8s<\/a> pour savoir s\u2019il offre ce service.<br \/>\n<\/p><\/span><\/li><\/p>\n<p><\/ul>\n<p><a href=\"https:\/\/www.theupsstore1.net\/fr\/service-a-la-clientele\/faq\/#questions-courantes-sur-la-livraison-interne-title\">Voir toutes les questions courantes sur l\u2019emballage<\/a><\/p>\n<\/div>","protected":false},"excerpt":{"rendered":"<p>The UPS Store r\u00e9pond \u00e0 tous vos besoins de livraison\u00a0! Ne laissez pas la distribution du courrier vous compliquer la vie. The UPS Store est une solution fiable et pratique qui r\u00e9pond \u00e0 tous vos besoins d\u2019emballage et de livraison int\u00e9rieure et internationale. Vous pouvez exp\u00e9dier vos envois avec UPS ou choisir un autre transporteur &hellip; <a href=\"https:\/\/www.theupsstore1.net\/fr\/shipping-landing-page-fr\/\">Continued<\/a><\/p>\n","protected":false},"author":4,"featured_media":18806,"parent":0,"menu_order":0,"comment_status":"closed","ping_status":"closed","template":"page-shipping-landing.php","meta":{"footnotes":""},"class_list":["post-18826","page","type-page","status-publish","has-post-thumbnail","hentry"],"_links":{"self":[{"href":"https:\/\/www.theupsstore1.net\/fr\/wp-json\/wp\/v2\/pages\/18826","targetHints":{"allow":["GET"]}}],"collection":[{"href":"https:\/\/www.theupsstore1.net\/fr\/wp-json\/wp\/v2\/pages"}],"about":[{"href":"https:\/\/www.theupsstore1.net\/fr\/wp-json\/wp\/v2\/types\/page"}],"author":[{"embeddable":true,"href":"https:\/\/www.theupsstore1.net\/fr\/wp-json\/wp\/v2\/users\/4"}],"replies":[{"embeddable":true,"href":"https:\/\/www.theupsstore1.net\/fr\/wp-json\/wp\/v2\/comments?post=18826"}],"version-history":[{"count":0,"href":"https:\/\/www.theupsstore1.net\/fr\/wp-json\/wp\/v2\/pages\/18826\/revisions"}],"wp:featuredmedia":[{"embeddable":true,"href":"https:\/\/www.theupsstore1.net\/fr\/wp-json\/wp\/v2\/media\/18806"}],"wp:attachment":[{"href":"https:\/\/www.theupsstore1.net\/fr\/wp-json\/wp\/v2\/media?parent=18826"}],"curies":[{"name":"wp","href":"https:\/\/api.w.org\/{rel}","templated":true}]}}