{"id":2471,"date":"2014-12-05T10:16:10","date_gmt":"2014-12-05T15:16:10","guid":{"rendered":"https:\/\/www.theupsstore1.net\/les-fetes\/holiday-printing\/"},"modified":"2025-11-06T09:53:48","modified_gmt":"2025-11-06T14:53:48","slug":"services-impression-les-fetes","status":"publish","type":"page","link":"https:\/\/www.theupsstore1.net\/fr\/les-fetes\/services-impression-les-fetes\/","title":{"rendered":"Services d\u2019impression pour les F\u00eates"},"content":{"rendered":"<div class=\"wp-editor-content\"><p>Adressez vos v\u0153ux les plus chers \u00e0 vos proches, \u00e0 vos amis ou \u00e0 vos clients avec des cartes personnalis\u00e9es. The UPS Store offre une vaste gamme de mod\u00e8les de cartes, de messages, de timbres-signature et d\u2019enveloppes. Nous pouvons m\u00eame imprimer des calendriers personnalis\u00e9s pour vous aider \u00e0 garder contact avec vos clients tous les jours de l\u2019ann\u00e9e. Faites concevoir et imprimer le v\u00f4tre au centre The UPS Store le plus pr\u00e8s\u2009!<\/p>\n<h3>Calendriers personnalis\u00e9s<\/h3>\n<p><a href=\"https:\/\/www.theupsstore1.net\/wp-content\/uploads\/2023\/10\/rev-calendar2-300x200.jpg\"><img loading=\"lazy\" decoding=\"async\" class=\"alignleft size-medium wp-image-73884\" src=\"https:\/\/www.theupsstore1.net\/wp-content\/uploads\/2023\/10\/rev-calendar2-300x200.jpg\" alt=\"\" width=\"300\" height=\"200\" \/><\/a>Un calendrier personnalis\u00e9 est un cadeau unique que vous pouvez offrir \u00e0 vos proches et \u00e0 vos amis avec l\u2019aide des centres The UPS Store. Apportez-nous vos photos pr\u00e9f\u00e9r\u00e9es, et nous vous aiderons \u00e0 cr\u00e9er un calendrier \u00e0 votre image comprenant les dates importantes. Vous pouvez aussi nous apporter votre projet fini afin que nous l\u2019imprimions pour vous.<\/p>\n<p>Divers formats s\u2019offrent \u00e0 vous, dont des calendriers de bureau, des calendriers muraux et des calendriers suspendus. De plus, nous les faisons commencer par le mois de votre choix\u2009!<\/p>\n<p>&nbsp;<\/p>\n<h3>Cartes de v\u0153ux personnalis\u00e9es<\/h3>\n<p><a href=\"https:\/\/www.theupsstore1.net\/wp-content\/uploads\/2025\/10\/FRE-1229040Greeting-cards-178-300x264.png\"><img loading=\"lazy\" decoding=\"async\" class=\"alignleft wp-image-83290 size-medium\" src=\"https:\/\/www.theupsstore1.net\/wp-content\/uploads\/2025\/10\/FRE-1229040Greeting-cards-178-300x264.png\" alt=\"\" width=\"300\" height=\"264\" srcset=\"https:\/\/www.theupsstore1.net\/wp-content\/uploads\/2025\/10\/FRE-1229040Greeting-cards-178-300x264.png 300w, https:\/\/www.theupsstore.ca\/wp-content\/uploads\/2025\/10\/FRE-1229040Greeting-cards-178-1024x901.png 1024w, https:\/\/www.theupsstore.ca\/wp-content\/uploads\/2025\/10\/FRE-1229040Greeting-cards-178-768x676.png 768w, https:\/\/www.theupsstore.ca\/wp-content\/uploads\/2025\/10\/FRE-1229040Greeting-cards-178-1536x1351.png 1536w, https:\/\/www.theupsstore.ca\/wp-content\/uploads\/2025\/10\/FRE-1229040Greeting-cards-178-30x25.png 30w, https:\/\/www.theupsstore.ca\/wp-content\/uploads\/2025\/10\/FRE-1229040Greeting-cards-178-770x677.png 770w, https:\/\/www.theupsstore.ca\/wp-content\/uploads\/2025\/10\/FRE-1229040Greeting-cards-178.png 1838w\" sizes=\"auto, (max-width: 300px) 100vw, 300px\" \/><\/a>The UPS Store peut vous aider \u00e0 cr\u00e9er vos cartes de v\u0153ux, vos cartes de remerciement, vos cartons d\u2019invitation et bien d\u2019autres choses encore. Apportez-nous votre fichier ou laissez-nous les concevoir pour vous.\u00a0Nous offrons plusieurs solutions d\u2019impression\u00a0:<\/p>\n<ul>\n<li>Impression recto verso<\/li>\n<li>Impression couleur<\/li>\n<li>Choix de finitions<\/li>\n<li>Assortiment de papier cartonn\u00e9<\/li>\n<\/ul>\n<p>&nbsp;<\/p>\n<h3>Cadeaux \u00e0 partir de photos<\/h3>\n<p><a href=\"https:\/\/www.theupsstore1.net\/wp-content\/uploads\/2025\/10\/19225324-scaled-e1761669007960.jpg\"><img loading=\"lazy\" decoding=\"async\" class=\"alignleft wp-image-83272 size-medium\" src=\"https:\/\/www.theupsstore1.net\/wp-content\/uploads\/2025\/10\/19225324-scaled-e1761669007960.jpg\" alt=\"\" width=\"300\" height=\"201\" \/><\/a><\/p>\n<p>Transformez votre photo pr\u00e9f\u00e9r\u00e9e en un cadeau inoubliable ! Nous vous aidons \u00e0 cr\u00e9er et imprimer un cadeau photo personnalis\u00e9 pour votre famille et vos amis. Agrandissements photo, affiches, toiles imprim\u00e9es, photos sur panneau et m\u00eame puzzles !<\/p>\n<p><a href=\"https:\/\/www.theupsstore1.net\/fr\/solutions-petites-entreprises\/obtenez-plus\/\"><img loading=\"lazy\" decoding=\"async\" class=\"aligncenter wp-image-67311 size-full\" src=\"https:\/\/www.theupsstore1.net\/wp-content\/uploads\/2025\/11\/2025-Obtenez-Plus.png\" alt=\"\" width=\"1050\" height=\"300\" \/><\/a><\/p>\n<h2><\/h2>\n<p>&nbsp;<\/p>\n<h2>Conseils des F\u00eates des centres The UPS Store<\/h2>\n<p>Pendant que vous \u00eates ici, consultez nos billets des F\u00eates. Vous y trouverez quelques conseils utiles sur l\u2019emballage et l\u2019exp\u00e9dition pour que vos cadeaux arrivent \u00e0 destination en temps voulu.<\/p>\n\t\t<div class=\"blog-content\">\n\n\t\t\t<div class=\"section-title\" ><h2>Blogues des F\u00eates<\/h2><\/div>\n\t\t\t\t\t<article id=\"post-83518\" class=\"clearfix post-83518 post type-post status-publish format-standard has-post-thumbnail hentry category-services-dimpression tag-holiday-printing-fr\" role=\"article\">\n\n\t\t\t\t<div class=\"featured-image\">\n\t\t\t\t\t\t\t\t\t\t\t<a href=\"https:\/\/www.theupsstore1.net\/fr\/des-encarts-creatifs-a-glisser-dans-vos-envois-des-fetes\/\"><img loading=\"lazy\" decoding=\"async\" width=\"690\" height=\"400\" src=\"https:\/\/www.theupsstore1.net\/wp-content\/uploads\/2025\/10\/thank-you-card-inset-holidays-small-business.png\" class=\"attachment-blog-thumbnail size-blog-thumbnail wp-post-image\" alt=\"Une petite carte rouge pli\u00e9e sur laquelle on peut lire \u00ab Merci \u00bb au recto\" srcset=\"https:\/\/www.theupsstore1.net\/wp-content\/uploads\/2025\/10\/thank-you-card-inset-holidays-small-business.png 690w, https:\/\/www.theupsstore.ca\/wp-content\/uploads\/2025\/10\/thank-you-card-inset-holidays-small-business-300x174.png 300w\" sizes=\"auto, (max-width: 690px) 100vw, 690px\" \/><\/a>\n\t\t\t\t\t\t\t\t\t<\/div>\n\n\t\t\t\t<div class=\"post-body\">\n\t\t\t\t<header class=\"article-header\">\n\n\t\t\t\t\t\t\t\t\t\t<span class=\"category-wrap\">\n\t\t\t\t\t\t<span class=\"category-title\">Services d\u2019impression<\/span>\n\t\t\t\t\t<\/span>\n\t\t\t\t\t\n\t\t\t\t\t<h3 class=\"h2\"><a href=\"https:\/\/www.theupsstore1.net\/fr\/des-encarts-creatifs-a-glisser-dans-vos-envois-des-fetes\/\" rel=\"bookmark\" title=\"Des encarts cr\u00e9atifs \u00e0 glisser dans vos envois des F\u00eates\">Des encarts cr\u00e9atifs \u00e0 glisser dans vos envois des F\u00eates<\/a><\/h3>\n\t\t\t\t\t<p class=\"byline vcard\">par <span class=\"author\"><a href=\"https:\/\/www.theupsstore1.net\/fr\/author\/alexf\/\" title=\"Articles par alexf\" rel=\"author\">alexf<\/a><\/span> \t\t\t\t\t<\/p>\n\t\t\t\t\t\n\t\t\t\t<\/header> <!-- end article header -->\n\n\t\t\t\t<section class=\"entry-content clearfix\">\n\n\t\t\t\t\tLa p\u00e9riode des F\u00eates peut \u00eatre tr\u00e8s charg\u00e9e pour les propri\u00e9taires de petites entreprises. Pourquoi...\n\t\t\t\t\t<a class=\"read-article\" href=\"https:\/\/www.theupsstore1.net\/fr\/des-encarts-creatifs-a-glisser-dans-vos-envois-des-fetes\/\">Lire l'article<\/a>\n\n\t\t\t\t<\/section> <!-- end article section -->\n\n\t\t\t\t<footer class=\"article-footer\">\n\n\t\t\t\t<\/footer> <!-- end article footer -->\n\t\t\t\t<\/div>\n\n\t\t\t<\/article> <!-- end article -->\n\t\t\t\t\t<article id=\"post-67795\" class=\"clearfix post-67795 post type-post status-publish format-standard has-post-thumbnail hentry category-services-dimpression tag-holiday-printing-fr\" role=\"article\">\n\n\t\t\t\t<div class=\"featured-image\">\n\t\t\t\t\t\t\t\t\t\t\t<a href=\"https:\/\/www.theupsstore1.net\/fr\/messages-du-temps-des-fetes-a-envoyer-a-vos-clients\/\"><img loading=\"lazy\" decoding=\"async\" width=\"600\" height=\"400\" src=\"https:\/\/www.theupsstore1.net\/wp-content\/uploads\/2022\/11\/holiday-card-messages-ups-store-1.png\" class=\"attachment-blog-thumbnail size-blog-thumbnail wp-post-image\" alt=\"\" srcset=\"https:\/\/www.theupsstore1.net\/wp-content\/uploads\/2022\/11\/holiday-card-messages-ups-store-1.png 600w, https:\/\/www.theupsstore.ca\/wp-content\/uploads\/2022\/11\/holiday-card-messages-ups-store-1-300x200.png 300w\" sizes=\"auto, (max-width: 600px) 100vw, 600px\" \/><\/a>\n\t\t\t\t\t\t\t\t\t<\/div>\n\n\t\t\t\t<div class=\"post-body\">\n\t\t\t\t<header class=\"article-header\">\n\n\t\t\t\t\t\t\t\t\t\t<span class=\"category-wrap\">\n\t\t\t\t\t\t<span class=\"category-title\">Services d\u2019impression<\/span>\n\t\t\t\t\t<\/span>\n\t\t\t\t\t\n\t\t\t\t\t<h3 class=\"h2\"><a href=\"https:\/\/www.theupsstore1.net\/fr\/messages-du-temps-des-fetes-a-envoyer-a-vos-clients\/\" rel=\"bookmark\" title=\"Messages du temps des F\u00eates \u00e0 envoyer \u00e0 vos clients\">Messages du temps des F\u00eates \u00e0 envoyer \u00e0 vos clients<\/a><\/h3>\n\t\t\t\t\t<p class=\"byline vcard\">par <span class=\"author\"><a href=\"https:\/\/www.theupsstore1.net\/fr\/author\/jenn\/\" title=\"Articles par jenn\" rel=\"author\">jenn<\/a><\/span> \t\t\t\t\t<\/p>\n\t\t\t\t\t\n\t\t\t\t<\/header> <!-- end article header -->\n\n\t\t\t\t<section class=\"entry-content clearfix\">\n\n\t\t\t\t\tEn tant que propri\u00e9taire de petite entreprise, il importe de trouver des fa\u00e7ons de cultiver vos relations...\n\t\t\t\t\t<a class=\"read-article\" href=\"https:\/\/www.theupsstore1.net\/fr\/messages-du-temps-des-fetes-a-envoyer-a-vos-clients\/\">Lire l'article<\/a>\n\n\t\t\t\t<\/section> <!-- end article section -->\n\n\t\t\t\t<footer class=\"article-footer\">\n\n\t\t\t\t<\/footer> <!-- end article footer -->\n\t\t\t\t<\/div>\n\n\t\t\t<\/article> <!-- end article -->\n\t\t\t\t\t<article id=\"post-20707\" class=\"clearfix post-20707 post type-post status-publish format-standard has-post-thumbnail hentry category-services-dimpression tag-holiday-printing-fr tag-services-dimpression\" role=\"article\">\n\n\t\t\t\t<div class=\"featured-image\">\n\t\t\t\t\t\t\t\t\t\t\t<a href=\"https:\/\/www.theupsstore1.net\/fr\/trucs-et-conseils-pour-lenvoi-de-cartes-des-fetes-originales-a-vos-clients\/\"><img loading=\"lazy\" decoding=\"async\" width=\"600\" height=\"400\" src=\"https:\/\/www.theupsstore1.net\/wp-content\/uploads\/2016\/11\/iStock-547015406.png\" class=\"attachment-blog-thumbnail size-blog-thumbnail wp-post-image\" alt=\"\" srcset=\"https:\/\/www.theupsstore1.net\/wp-content\/uploads\/2016\/11\/iStock-547015406.png 600w, https:\/\/www.theupsstore.ca\/wp-content\/uploads\/2016\/11\/iStock-547015406-300x200.png 300w\" sizes=\"auto, (max-width: 600px) 100vw, 600px\" \/><\/a>\n\t\t\t\t\t\t\t\t\t<\/div>\n\n\t\t\t\t<div class=\"post-body\">\n\t\t\t\t<header class=\"article-header\">\n\n\t\t\t\t\t\t\t\t\t\t<span class=\"category-wrap\">\n\t\t\t\t\t\t<span class=\"category-title\">Services d\u2019impression<\/span>\n\t\t\t\t\t<\/span>\n\t\t\t\t\t\n\t\t\t\t\t<h3 class=\"h2\"><a href=\"https:\/\/www.theupsstore1.net\/fr\/trucs-et-conseils-pour-lenvoi-de-cartes-des-fetes-originales-a-vos-clients\/\" rel=\"bookmark\" title=\"Trucs et conseils pour l\u2019envoi de cartes des F\u00eates originales \u00e0 vos clients\">Trucs et conseils pour l\u2019envoi de cartes des F\u00eates originales \u00e0 vos clients<\/a><\/h3>\n\t\t\t\t\t<p class=\"byline vcard\">par <span class=\"author\"><a href=\"https:\/\/www.theupsstore1.net\/fr\/author\/okdm\/\" title=\"Articles par The UPS Store Canada\" rel=\"author\">The UPS Store Canada<\/a><\/span> \t\t\t\t\t<\/p>\n\t\t\t\t\t\n\t\t\t\t<\/header> <!-- end article header -->\n\n\t\t\t\t<section class=\"entry-content clearfix\">\n\n\t\t\t\t\tLes cartes des F\u00eates sont une tradition vieille de plus de 175 ans. On doit la toute premi\u00e8re production...\n\t\t\t\t\t<a class=\"read-article\" href=\"https:\/\/www.theupsstore1.net\/fr\/trucs-et-conseils-pour-lenvoi-de-cartes-des-fetes-originales-a-vos-clients\/\">Lire l'article<\/a>\n\n\t\t\t\t<\/section> <!-- end article section -->\n\n\t\t\t\t<footer class=\"article-footer\">\n\n\t\t\t\t<\/footer> <!-- end article footer -->\n\t\t\t\t<\/div>\n\n\t\t\t<\/article> <!-- end article -->\n\t\t\t\t\t<article id=\"post-2505\" class=\"clearfix post-2505 post type-post status-publish format-standard has-post-thumbnail hentry category-non-classifiee tag-holiday-printing-fr\" role=\"article\">\n\n\t\t\t\t<div class=\"featured-image\">\n\t\t\t\t\t\t\t\t\t\t\t<a href=\"https:\/\/www.theupsstore1.net\/fr\/creez-vos-propres-calendriers-personnalises\/\"><img loading=\"lazy\" decoding=\"async\" width=\"300\" height=\"200\" src=\"https:\/\/www.theupsstore1.net\/wp-content\/uploads\/2013\/11\/personalized-calendars-300x200.jpg\" class=\"attachment-blog-thumbnail size-blog-thumbnail wp-post-image\" alt=\"\" srcset=\"https:\/\/www.theupsstore1.net\/wp-content\/uploads\/2013\/11\/personalized-calendars-300x200.jpg 300w, https:\/\/www.theupsstore.ca\/wp-content\/uploads\/2013\/11\/personalized-calendars-600x400.jpg 600w\" sizes=\"auto, (max-width: 300px) 100vw, 300px\" \/><\/a>\n\t\t\t\t\t\t\t\t\t<\/div>\n\n\t\t\t\t<div class=\"post-body\">\n\t\t\t\t<header class=\"article-header\">\n\n\t\t\t\t\t\t\t\t\t\t<span class=\"category-wrap\">\n\t\t\t\t\t\t<span class=\"category-title\">Non classifi\u00e9(e)<\/span>\n\t\t\t\t\t<\/span>\n\t\t\t\t\t\n\t\t\t\t\t<h3 class=\"h2\"><a href=\"https:\/\/www.theupsstore1.net\/fr\/creez-vos-propres-calendriers-personnalises\/\" rel=\"bookmark\" title=\"Cr\u00e9ez vos propres calendriers personnalis\u00e9s\">Cr\u00e9ez vos propres calendriers personnalis\u00e9s<\/a><\/h3>\n\t\t\t\t\t<p class=\"byline vcard\">par <span class=\"author\"><a href=\"https:\/\/www.theupsstore1.net\/fr\/author\/okdm\/\" title=\"Articles par The UPS Store Canada\" rel=\"author\">The UPS Store Canada<\/a><\/span> \t\t\t\t\t<\/p>\n\t\t\t\t\t\n\t\t\t\t<\/header> <!-- end article header -->\n\n\t\t\t\t<section class=\"entry-content clearfix\">\n\n\t\t\t\t\tEn offrant des calendriers personnalis\u00e9s \u00e0 vos clients pour les F\u00eates, vous ferez en sorte qu\u2019ils...\n\t\t\t\t\t<a class=\"read-article\" href=\"https:\/\/www.theupsstore1.net\/fr\/creez-vos-propres-calendriers-personnalises\/\">Lire l'article<\/a>\n\n\t\t\t\t<\/section> <!-- end article section -->\n\n\t\t\t\t<footer class=\"article-footer\">\n\n\t\t\t\t<\/footer> <!-- end article footer -->\n\t\t\t\t<\/div>\n\n\t\t\t<\/article> <!-- end article -->\n\t\t\t\t<\/div>\n\t\t\n<p>&nbsp;<\/p>\n\t\t<div class=\"find horizontal-widget long span-12 \">\n                    <div class=\"title\">\n                            <h2>Trouver un magasin<\/h2>\n                    <\/div>\n                    <div class=\"find-widget-content\">\n                        <span class=\"find-widget-header-text\"><i class=\"fa fa-map-marker\"><\/i>Trouver un magasin:<\/span>\n                        <span class=\"tile kit-text span-2 form-text\"><strong>Entrez votre Adresse, Ville, Province ou Code Postal:<\/strong><\/span>\n                        <span class=\"tile horizontal-search \">\n                            <span id=\"searchbox\">\n                                <form action=\"\/fr\/localisateur\/\" method=\"post\" name=\"FindLocationForm\" class=\"findLocationForm\">\n\t<input name=\"FindLocationTextBox\" type=\"text\" maxlength=\"100\"  class=\"form_box findLocationTextBox\">\n\t<input type=\"hidden\" value=\"\" name=\"lat\" class=\"findLocationLat\"\/>\n\t<input type=\"hidden\" value=\"\" name=\"lng\" class=\"findLocationLng\"\/>\n    <button type=\"submit\" name=\"FindLocationButton\" class=\"search_submit button findLocationButton\"><i class=\"fa fa-search\"><\/i><\/button>\n<\/form>                            <\/span>\n                        <\/span>\n                        <div class=\"clearfix\"><\/div>\n                        <div class=\"tile kit-text span-2\"><\/div>\n                    <\/div>\n\t\t<\/div>\n\t\t\n\t\t<div class=\"track horizontal-widget long span-12  tracking-shortcode\">\n                        <h2>Suivi de Colis<\/h2>\n\t\t\t<div class=\"tracking\">\n\t\t\t\t<div id=\"searchbox\" class=\"tracking-box\">\n\t\t\t\t\t<form action=\"https:\/\/www.theupsstore1.net\/track\/\" method=\"get\" onsubmit=\"location.href='https:\/\/www.theupsstore1.net\/track\/' + encodeURIComponent(this.tracking_number.value).replace(\/%20\/g, '+'); return false;\" >\n\t<label for=\"tracking_number\">Num\u00e9ro de suivi &nbsp;<\/label>\n\t<input type=\"text\" name=\"tracking_number\" class=\"form_box\" \/>\n\t<input type=\"submit\" name=\"TrackPackageButton\" id=\"TrackPackageButton\" class=\"gray-button-large\" value=\"Suivi\">\n<\/form>\t\t\t\t<\/div>\n\t\t\t<\/div>\n\t\t\t<div class=\"tile kit-text span-2\"><\/div>\n\t\t<\/div>\n\t\t\n<\/div>","protected":false},"excerpt":{"rendered":"<p>Adressez vos v\u0153ux les plus chers \u00e0 vos proches, \u00e0 vos amis ou \u00e0 vos clients avec des cartes personnalis\u00e9es. The UPS Store offre une vaste gamme de mod\u00e8les de cartes, de messages, de timbres-signature et d\u2019enveloppes. Nous pouvons m\u00eame imprimer des calendriers personnalis\u00e9s pour vous aider \u00e0 garder contact avec vos clients tous les jours de l\u2019ann\u00e9e. Faites concevoir et imprimer le v\u00f4tre au centre The UPS Store le plus pr\u00e8s !<\/p>\n","protected":false},"author":377,"featured_media":83438,"parent":2467,"menu_order":5,"comment_status":"closed","ping_status":"closed","template":"page-special-section-holiday.php","meta":{"footnotes":""},"class_list":["post-2471","page","type-page","status-publish","has-post-thumbnail","hentry"],"_links":{"self":[{"href":"https:\/\/www.theupsstore1.net\/fr\/wp-json\/wp\/v2\/pages\/2471","targetHints":{"allow":["GET"]}}],"collection":[{"href":"https:\/\/www.theupsstore1.net\/fr\/wp-json\/wp\/v2\/pages"}],"about":[{"href":"https:\/\/www.theupsstore1.net\/fr\/wp-json\/wp\/v2\/types\/page"}],"author":[{"embeddable":true,"href":"https:\/\/www.theupsstore1.net\/fr\/wp-json\/wp\/v2\/users\/377"}],"replies":[{"embeddable":true,"href":"https:\/\/www.theupsstore1.net\/fr\/wp-json\/wp\/v2\/comments?post=2471"}],"version-history":[{"count":4,"href":"https:\/\/www.theupsstore1.net\/fr\/wp-json\/wp\/v2\/pages\/2471\/revisions"}],"predecessor-version":[{"id":83431,"href":"https:\/\/www.theupsstore1.net\/fr\/wp-json\/wp\/v2\/pages\/2471\/revisions\/83431"}],"up":[{"embeddable":true,"href":"https:\/\/www.theupsstore1.net\/fr\/wp-json\/wp\/v2\/pages\/2467"}],"wp:featuredmedia":[{"embeddable":true,"href":"https:\/\/www.theupsstore1.net\/fr\/wp-json\/wp\/v2\/media\/83438"}],"wp:attachment":[{"href":"https:\/\/www.theupsstore1.net\/fr\/wp-json\/wp\/v2\/media?parent=2471"}],"curies":[{"name":"wp","href":"https:\/\/api.w.org\/{rel}","templated":true}]}}