{"id":56954,"date":"2021-05-03T17:40:47","date_gmt":"2021-05-03T21:40:47","guid":{"rendered":"https:\/\/www.theupsstore1.net\/?page_id=56954"},"modified":"2024-04-30T19:33:40","modified_gmt":"2024-04-30T23:33:40","slug":"foire-aux-questions","status":"publish","type":"page","link":"https:\/\/www.theupsstore1.net\/fr\/solutions-petites-entreprises\/obtenez-plus\/foire-aux-questions\/","title":{"rendered":"Foire Aux Questions"},"content":{"rendered":"<div class=\"wp-editor-content\"><h3 id=\"foire-aux-questions-title\" >Foire Aux Questions<\/h3><ul id=\"foire-aux-questions\" class=\"accordion\"><\/p>\n<p><li><h3 class=\"faq-question\"><span class=\"faq-toggle\"><i class=\"fa fa-plus\"><\/i><\/span><span class=\"faq-question-text\">En quoi consiste le programme de r\u00e9compenses Obtenez plus ?<\/span><\/h3><span class=\"faq-answer\"><p><\/p>\n<p>The UPS Store Canada offre le programme de r\u00e9compenses Obtenez plus aux propri\u00e9taires de petites entreprises qui souhaitent g\u00e9rer efficacement leurs affaires ainsi qu\u2019aux clients qui cherchent \u00e0 \u00e9conomiser \u00e0 des fins personnelles. Pour vous inscrire au programme, rendez-vous \u00e0 l\u2019adresse theupsstore.ca ou t\u00e9l\u00e9chargez notre appli. \u00c0 la suite de votre inscription, vous recevrez un num\u00e9ro de membre Obtenez plus. Pour avoir droit \u00e0 des rabais, \u00e0 des offres sp\u00e9ciales et \u00e0 des avantages \u00e0 valeur ajout\u00e9e, vous n\u2019avez qu\u2019\u00e0 pr\u00e9senter votre num\u00e9ro de membre en magasin.<\/p>\n<p><\/p><\/span><\/li><\/p>\n<p><li><h3 class=\"faq-question\"><span class=\"faq-toggle\"><i class=\"fa fa-plus\"><\/i><\/span><span class=\"faq-question-text\">Quelles sont les offres sp\u00e9ciales comprises dans le programme\u2009?<\/span><\/h3><span class=\"faq-answer\"><p><\/p>\n<p>Les membres du programme Obtenez plus b\u00e9n\u00e9ficient actuellement d\u2019un rabais de 10\u00a0% sur presque tout en magasin\u2009! Ce rabais s\u2019applique notamment \u00e0 ce qui suit\u00a0:<\/p>\n<ul>\n<li>l\u2019exp\u00e9dition avec UPS (lorsque les frais sont port\u00e9s au compte du magasin)\u2009;<\/li>\n<li>les fournitures et services d\u2019emballage\u2009;<\/li>\n<li>la location de bo\u00eetes postales\u2009;<\/li>\n<li>les services postaux tels que le r\u00e9acheminement et la retenue de courrier\u2009;<\/li>\n<li>les services d\u2019impression et de reprographie\u2009;<\/li>\n<li>les services de finition de documents ;<\/li>\n<li>Les services de d\u00e9chiquetage ;<\/li>\n<li>Les photos de passeport et de carte d\u2019identit\u00e9 ;<\/li>\n<li>Les services de t\u00e9l\u00e9copie.<\/li>\n<\/ul>\n<p><\/p><\/span><\/li><\/p>\n<p><li><h3 class=\"faq-question\"><span class=\"faq-toggle\"><i class=\"fa fa-plus\"><\/i><\/span><span class=\"faq-question-text\">Quels sont les produits et services non admissibles au rabais\u2009?<\/span><\/h3><span class=\"faq-answer\"><p><\/p>\n<p>Les membres du programme de r\u00e9compenses Obtenez plus profitent d\u2019un rabais de 10 % sur le prix de d\u00e9tail affich\u00e9 de tous les produits et services, \u00e0 l\u2019exception des suivants : services postaux : services d\u2019affranchissement et d\u2019exp\u00e9dition pour les particuliers; services de messagerie : le rabais s\u2019applique uniquement aux envois par UPS dont les frais sont port\u00e9s au compte du magasin, et pas aux autres services de messagerie. Le rabais s\u2019applique aux frais d\u2019exp\u00e9dition de base, major\u00e9s du suppl\u00e9ment pour le carburant, ainsi qu\u2019aux frais optionnels pour la protection du colis (Garantie d\u2019emballage et d\u2019exp\u00e9dition). Le rabais ne s\u2019applique pas aux frais accessoires d\u2019UPS. Il ne s\u2019applique pas non plus \u00e0 ce qui suit : services Western Union, frais de r\u00e9acheminement de courrier, frais de mise en service, d\u00e9p\u00f4ts pour cl\u00e9s de bo\u00eete postale, comptes pr\u00e9pay\u00e9s pour photocopies et t\u00e9l\u00e9copies. Ce rabais ne peut \u00eatre jumel\u00e9 \u00e0 d\u2019autres offres. La gamme de services couverts et le bar\u00e8me de prix peuvent varier d\u2019un magasin \u00e0 l\u2019autre.<\/p>\n<p><\/p><\/span><\/li><\/p>\n<p><li><h3 class=\"faq-question\"><span class=\"faq-toggle\"><i class=\"fa fa-plus\"><\/i><\/span><span class=\"faq-question-text\">Comment puis-je m\u2019inscrire au programme de r\u00e9compenses Obtenez plus\u2009?<\/span><\/h3><span class=\"faq-answer\"><p><\/p>\n<p>Il y a deux fa\u00e7ons simples de s\u2019inscrire. Vous pouvez vous cr\u00e9er un profil directement sur la page Obtenez plus de notre site Web ou t\u00e9l\u00e9charger l\u2019application sur votre t\u00e9l\u00e9phone intelligent \u00e0 partir de l\u2019App Store ou de Google Play. Cliquez ici pour vous inscrire \u00e0 partir de notre site Web.<\/p>\n<p><\/p><\/span><\/li><\/p>\n<p><li><h3 class=\"faq-question\"><span class=\"faq-toggle\"><i class=\"fa fa-plus\"><\/i><\/span><span class=\"faq-question-text\">Puis-je profiter du programme dans tous les centres ou seulement \u00e0 celui que j\u2019ai choisi lors de mon inscription\u2009?<\/span><\/h3><span class=\"faq-answer\"><p><\/p>\n<p>Vous pouvez profiter du programme de r\u00e9compenses Obtenez plus dans tous les centres The UPS Store du Canada. Si vous faites affaire avec plusieurs centres, vous devrez pr\u00e9senter votre num\u00e9ro de membre Obtenez plus lors de votre premi\u00e8re visite dans chacun de ceux-ci.<\/p>\n<p><\/p><\/span><\/li><\/p>\n<p><li><h3 class=\"faq-question\"><span class=\"faq-toggle\"><i class=\"fa fa-plus\"><\/i><\/span><span class=\"faq-question-text\">Puis-je utiliser ma carte aux \u00c9tats-Unis\u2009?<\/span><\/h3><span class=\"faq-answer\"><p><\/p>\n<p>Ce programme est offert uniquement dans les centres The UPS Store du Canada et est r\u00e9serv\u00e9 aux r\u00e9sidents canadiens.<\/p>\n<p><\/p><\/span><\/li><\/p>\n<p><li><h3 class=\"faq-question\"><span class=\"faq-toggle\"><i class=\"fa fa-plus\"><\/i><\/span><span class=\"faq-question-text\">Dois-je pr\u00e9senter mon num\u00e9ro de membre pour avoir droit aux rabais\u2009?<\/span><\/h3><span class=\"faq-answer\"><p><\/p>\n<p>Oui. Vous devez pr\u00e9senter votre num\u00e9ro de membre Obtenez plus pour prouver votre adh\u00e9sion au programme. Le plus simple est d\u2019avoir l\u2019application Obtenez plus sur votre t\u00e9l\u00e9phone et de montrer le num\u00e9ro qui s\u2019affiche \u00e0 l\u2019\u00e9cran.<\/p>\n<p><\/p><\/span><\/li><\/p>\n<p><li><h3 class=\"faq-question\"><span class=\"faq-toggle\"><i class=\"fa fa-plus\"><\/i><\/span><span class=\"faq-question-text\">Je n\u2019ai pas obtenu mon rabais sur le dernier achat que j\u2019ai fait dans un centre The UPS Store. Que dois-je faire\u2009?<\/span><\/h3><span class=\"faq-answer\"><p><\/p>\n<p>\u00c9crivez-nous \u00e0 getmore@theupsstore pour obtenir de l\u2019aide.<\/p>\n<p><\/p><\/span><\/li><\/p>\n<p><\/ul>\n<\/div>","protected":false},"excerpt":{"rendered":"","protected":false},"author":466,"featured_media":17822,"parent":1239,"menu_order":4,"comment_status":"open","ping_status":"closed","template":"","meta":{"footnotes":""},"class_list":["post-56954","page","type-page","status-publish","has-post-thumbnail","hentry"],"_links":{"self":[{"href":"https:\/\/www.theupsstore1.net\/fr\/wp-json\/wp\/v2\/pages\/56954","targetHints":{"allow":["GET"]}}],"collection":[{"href":"https:\/\/www.theupsstore1.net\/fr\/wp-json\/wp\/v2\/pages"}],"about":[{"href":"https:\/\/www.theupsstore1.net\/fr\/wp-json\/wp\/v2\/types\/page"}],"author":[{"embeddable":true,"href":"https:\/\/www.theupsstore1.net\/fr\/wp-json\/wp\/v2\/users\/466"}],"replies":[{"embeddable":true,"href":"https:\/\/www.theupsstore1.net\/fr\/wp-json\/wp\/v2\/comments?post=56954"}],"version-history":[{"count":0,"href":"https:\/\/www.theupsstore1.net\/fr\/wp-json\/wp\/v2\/pages\/56954\/revisions"}],"up":[{"embeddable":true,"href":"https:\/\/www.theupsstore1.net\/fr\/wp-json\/wp\/v2\/pages\/1239"}],"wp:featuredmedia":[{"embeddable":true,"href":"https:\/\/www.theupsstore1.net\/fr\/wp-json\/wp\/v2\/media\/17822"}],"wp:attachment":[{"href":"https:\/\/www.theupsstore1.net\/fr\/wp-json\/wp\/v2\/media?parent=56954"}],"curies":[{"name":"wp","href":"https:\/\/api.w.org\/{rel}","templated":true}]}}