{"id":65435,"date":"2022-08-04T10:18:15","date_gmt":"2022-08-04T14:18:15","guid":{"rendered":"https:\/\/www.theupsstore1.net\/?page_id=65435"},"modified":"2022-08-04T10:18:15","modified_gmt":"2022-08-04T14:18:15","slug":"photos-de-passeport-et-didentite","status":"publish","type":"page","link":"https:\/\/www.theupsstore1.net\/fr\/solutions-petites-entreprises\/photos-de-passeport-et-didentite\/","title":{"rendered":"Photos de passeport et d\u2019identit\u00e9"},"content":{"rendered":"<div class=\"wp-editor-content\"><h1>Photos de passeport et d\u2019identit\u00e9<\/h1>\n<p>Besoin de photos d\u2019identit\u00e9 ou de passeport ? The UPS Store peut vous aider.<\/p>\n<p>Passez nous voir pour faire prendre votre photo de passeport. Nos photos r\u00e9pondent \u00e0 toutes les exigences des passeports canadiens et de la plupart des autres cartes d\u2019identit\u00e9 avec photo, y compris aux normes internationales.<\/p>\n<p><strong>Rapidit\u00e9 et simplicit\u00e9<\/strong> \u2013 Les photos sont pr\u00eates en 5 \u00e0 10 minutes.<\/p>\n<p><strong>Pas besoin de rendez-vous<\/strong> \u2013 Vous n\u2019avez qu\u2019\u00e0 passer pendant les heures d\u2019ouverture.<\/p>\n<p><strong>Tous les formats sont offerts<\/strong> \u2013 Nous r\u00e9alisons toutes sortes de photos d\u2019identit\u00e9 et de passeport.<\/p>\n<p>Le temps presse pour envoyer votre demande de passeport ? Nous offrons une vari\u00e9t\u00e9 de services d\u2019exp\u00e9dition pour une livraison \u00e0 temps au Bureau des passeports du gouvernement du Canada, ou ailleurs, ainsi que des solutions de visibilit\u00e9 pour le suivi des colis.<\/p>\n<p>Et n\u2019oubliez pas : lorsque vous revenez de voyage, nous sommes l\u00e0 pour vous aider \u00e0 imprimer toutes vos photos de vacances ! <\/p>\n<\/div>","protected":false},"excerpt":{"rendered":"<p>Photos de passeport et d\u2019identit\u00e9 Besoin de photos d\u2019identit\u00e9 ou de passeport ? The UPS Store peut vous aider. Passez nous voir pour faire prendre votre photo de passeport. Nos photos r\u00e9pondent \u00e0 toutes les exigences des passeports canadiens et de la plupart des autres cartes d\u2019identit\u00e9 avec photo, y compris aux normes internationales. Rapidit\u00e9 &hellip; <a href=\"https:\/\/www.theupsstore1.net\/fr\/solutions-petites-entreprises\/photos-de-passeport-et-didentite\/\">Continued<\/a><\/p>\n","protected":false},"author":480,"featured_media":65067,"parent":970,"menu_order":3,"comment_status":"closed","ping_status":"closed","template":"template-passport.php","meta":{"footnotes":""},"class_list":["post-65435","page","type-page","status-publish","has-post-thumbnail","hentry"],"_links":{"self":[{"href":"https:\/\/www.theupsstore1.net\/fr\/wp-json\/wp\/v2\/pages\/65435","targetHints":{"allow":["GET"]}}],"collection":[{"href":"https:\/\/www.theupsstore1.net\/fr\/wp-json\/wp\/v2\/pages"}],"about":[{"href":"https:\/\/www.theupsstore1.net\/fr\/wp-json\/wp\/v2\/types\/page"}],"author":[{"embeddable":true,"href":"https:\/\/www.theupsstore1.net\/fr\/wp-json\/wp\/v2\/users\/480"}],"replies":[{"embeddable":true,"href":"https:\/\/www.theupsstore1.net\/fr\/wp-json\/wp\/v2\/comments?post=65435"}],"version-history":[{"count":0,"href":"https:\/\/www.theupsstore1.net\/fr\/wp-json\/wp\/v2\/pages\/65435\/revisions"}],"up":[{"embeddable":true,"href":"https:\/\/www.theupsstore1.net\/fr\/wp-json\/wp\/v2\/pages\/970"}],"wp:featuredmedia":[{"embeddable":true,"href":"https:\/\/www.theupsstore1.net\/fr\/wp-json\/wp\/v2\/media\/65067"}],"wp:attachment":[{"href":"https:\/\/www.theupsstore1.net\/fr\/wp-json\/wp\/v2\/media?parent=65435"}],"curies":[{"name":"wp","href":"https:\/\/api.w.org\/{rel}","templated":true}]}}