{"id":69824,"date":"2023-03-03T13:46:11","date_gmt":"2023-03-03T18:46:11","guid":{"rendered":"https:\/\/www.theupsstore1.net\/?page_id=69824"},"modified":"2023-03-30T15:47:51","modified_gmt":"2023-03-30T19:47:51","slug":"centres-dans-un-walmart","status":"publish","type":"page","link":"https:\/\/www.theupsstore1.net\/fr\/centres-dans-un-walmart\/","title":{"rendered":"Centres dans un Walmart"},"content":{"rendered":"<div class=\"wp-editor-content\"><p>The UPS Store s\u2019est associ\u00e9e \u00e0 Walmart Canada pour proposer une nouvelle exp\u00e9rience de magasin<br \/>\ndans un magasin vraiment sensationnelle. Vous pouvez continuer ainsi \u00e0 profiter des excellents services<br \/>\nd\u2019impression, d\u2019exp\u00e9dition et de location de bo\u00eetes postales dont vous avez l\u2019habitude, sans quitter<br \/>\nl\u2019enceinte de votre magasin Walmart!<\/p>\n<p>Faites toutes vos emplettes sous un m\u00eame toit. Pour un maximum d\u2019avantages et de commodit\u00e9, nos<br \/>\ncentres dans un Walmart sont ouverts tous les jours, m\u00eame le dimanche!<\/p>\n<p><img loading=\"lazy\" decoding=\"async\" class=\"alignright size-medium wp-image-69821\" src=\"https:\/\/www.theupsstore1.net\/wp-content\/uploads\/2023\/03\/FRE-545-pic-1-tidied-300x225.jpg\" alt=\"\" width=\"300\" height=\"225\" srcset=\"https:\/\/www.theupsstore1.net\/wp-content\/uploads\/2023\/03\/FRE-545-pic-1-tidied-300x225.jpg 300w, https:\/\/www.theupsstore.ca\/wp-content\/uploads\/2023\/03\/FRE-545-pic-1-tidied-1024x768.jpg 1024w, https:\/\/www.theupsstore.ca\/wp-content\/uploads\/2023\/03\/FRE-545-pic-1-tidied-768x576.jpg 768w, https:\/\/www.theupsstore.ca\/wp-content\/uploads\/2023\/03\/FRE-545-pic-1-tidied-1536x1152.jpg 1536w, https:\/\/www.theupsstore.ca\/wp-content\/uploads\/2023\/03\/FRE-545-pic-1-tidied-770x578.jpg 770w, https:\/\/www.theupsstore.ca\/wp-content\/uploads\/2023\/03\/FRE-545-pic-1-tidied.jpg 2016w\" sizes=\"auto, (max-width: 300px) 100vw, 300px\" \/>The UPS Store est l\u00e0 pour vous aider avec toutes ces t\u00e2ches que vous ne pouvez r\u00e9aliser par vous-m\u00eame\u00a0:<\/p>\n<ul>\n<li>Impression<\/li>\n<li>Exp\u00e9dition<\/li>\n<li>Location de bo\u00eetes postales \u00e0 service complet<\/li>\n<li>D\u00e9chiquetage<\/li>\n<li>Photos de passeport<\/li>\n<li>Et plus encore<\/li>\n<\/ul>\n<p>Consultez la carte ci-dessous pour trouver le centre dans un Walmart le plus pr\u00e8s. Nous en ouvrons de<br \/>\nnouveaux r\u00e9guli\u00e8rement!<\/p>\n<\/div>","protected":false},"excerpt":{"rendered":"<p>The UPS Store s\u2019est associ\u00e9e \u00e0 Walmart Canada pour proposer une nouvelle exp\u00e9rience de magasin dans un magasin vraiment sensationnelle. Vous pouvez continuer ainsi \u00e0 profiter des excellents services d\u2019impression, d\u2019exp\u00e9dition et de location de bo\u00eetes postales dont vous avez l\u2019habitude, sans quitter l\u2019enceinte de votre magasin Walmart! Faites toutes vos emplettes sous un m\u00eame &hellip; <a href=\"https:\/\/www.theupsstore1.net\/fr\/centres-dans-un-walmart\/\">Continued<\/a><\/p>\n","protected":false},"author":480,"featured_media":70397,"parent":0,"menu_order":0,"comment_status":"closed","ping_status":"closed","template":"template-walmart.php","meta":{"footnotes":""},"class_list":["post-69824","page","type-page","status-publish","has-post-thumbnail","hentry"],"_links":{"self":[{"href":"https:\/\/www.theupsstore1.net\/fr\/wp-json\/wp\/v2\/pages\/69824","targetHints":{"allow":["GET"]}}],"collection":[{"href":"https:\/\/www.theupsstore1.net\/fr\/wp-json\/wp\/v2\/pages"}],"about":[{"href":"https:\/\/www.theupsstore1.net\/fr\/wp-json\/wp\/v2\/types\/page"}],"author":[{"embeddable":true,"href":"https:\/\/www.theupsstore1.net\/fr\/wp-json\/wp\/v2\/users\/480"}],"replies":[{"embeddable":true,"href":"https:\/\/www.theupsstore1.net\/fr\/wp-json\/wp\/v2\/comments?post=69824"}],"version-history":[{"count":0,"href":"https:\/\/www.theupsstore1.net\/fr\/wp-json\/wp\/v2\/pages\/69824\/revisions"}],"wp:featuredmedia":[{"embeddable":true,"href":"https:\/\/www.theupsstore1.net\/fr\/wp-json\/wp\/v2\/media\/70397"}],"wp:attachment":[{"href":"https:\/\/www.theupsstore1.net\/fr\/wp-json\/wp\/v2\/media?parent=69824"}],"curies":[{"name":"wp","href":"https:\/\/api.w.org\/{rel}","templated":true}]}}