{"id":70297,"date":"2023-03-31T11:03:35","date_gmt":"2023-03-31T15:03:35","guid":{"rendered":"https:\/\/www.theupsstore1.net\/?page_id=70297"},"modified":"2024-01-05T18:40:54","modified_gmt":"2024-01-05T23:40:54","slug":"des-pros-qui-livrent-la-marchandise","status":"publish","type":"page","link":"https:\/\/www.theupsstore1.net\/fr\/des-pros-qui-livrent-la-marchandise\/","title":{"rendered":"Des pros qui livrent la marchandise"},"content":{"rendered":"<div class=\"wp-editor-content\"><h3><span style=\"color: #009cbd;\">Quel que soit l\u2019article \u00e0 envoyer, nous proposons un large \u00e9ventail de solutions d\u2019emballage et d\u2019exp\u00e9dition pour qu\u2019il arrive intact et \u00e0 temps<\/span>.<\/h3>\n<hr \/>\n<h2>Livraison int\u00e9rieure<\/h2>\n<p>Des colis, paquets ou documents \u00e0 exp\u00e9dier au Canada? Confiez-les \u00e0 The UPS Store. Nous proposons une gamme compl\u00e8te de services d\u2019exp\u00e9dition par UPS allant de l\u2019exp\u00e9dition le lendemain \u00e0 la livraison par voie terrestre.<\/p>\n<div class=\"table-responsive\">\n<table class=\"table table-striped\">\n<thead>\n<tr>\n<th scope=\"col\">D\u00e9lai de livraison<\/th>\n<th scope=\"col\">Heure de livraison<\/th>\n<th scope=\"col\">Service recommand\u00e9<\/th>\n<\/tr>\n<\/thead>\n<tbody>\n<tr>\n<td>1\u00a0jour ouvrable<\/td>\n<td>Livraison g\u00e9n\u00e9ralement avant 9\u00a0h<\/td>\n<td>UPS Express Early<\/td>\n<\/tr>\n<tr>\n<td>1\u00a0jour ouvrable<\/td>\n<td>Livraison g\u00e9n\u00e9ralement avant 10\u00a0h\u00a030<\/td>\n<td>UPS Express<\/td>\n<\/tr>\n<tr>\n<td>1\u00a0jour ouvrable<\/td>\n<td>Livraison g\u00e9n\u00e9ralement avant 15\u00a0h<\/td>\n<td>UPS Express Saver<\/td>\n<\/tr>\n<tr>\n<td>2\u00a0jours ouvrables<\/td>\n<td>Livraison avant la fin de la journ\u00e9e<\/td>\n<td>UPS Expedited<\/td>\n<\/tr>\n<tr>\n<td>Peut varier selon la destination<\/td>\n<td>Livraison avant la fin de la journ\u00e9e<\/td>\n<td>UPS Standard<\/td>\n<\/tr>\n<\/tbody>\n<\/table>\n<\/div>\n<hr \/>\n<h2>Exp\u00e9dition internationale<\/h2>\n<p>Avec les experts certifi\u00e9s de votre centre The UPS Store MD , exp\u00e9dier \u00e0 l\u2019ext\u00e9rieur du Canada est simple comme tout. Ces pros connaissent tous les secrets du m\u00e9tier, surtout quand il est question de douanes, de r\u00e9glementation, d\u2019obligations et de tarifs. La prochaine fois que vous aurez un envoi \u00e0 faire vers un autre pays, gagnez du temps en le confiant \u00e0 votre centre The UPS Store, qui se chargera de tous les d\u00e9tails. Que vous envoyiez une lettre \u00e0 un proche, un cadeau \u00e0 un ami ou un article volumineux \u00e0 l\u2019\u00e9tranger, exp\u00e9diez votre colis vite fait et sans encombre gr\u00e2ce \u00e0 notre large gamme de services d\u2019exp\u00e9dition internationale par UPS.<\/p>\n<div class=\"table-responsive\">\n<table class=\"table table-striped\">\n<thead>\n<tr>\n<th scope=\"col\">D\u00e9lai de livraison<\/th>\n<th scope=\"col\">Heure de livraison<\/th>\n<th scope=\"col\">Service recommand\u00e9<\/th>\n<\/tr>\n<\/thead>\n<tbody>\n<tr>\n<td>1\u00a0jour ouvrable<\/td>\n<td>Livraison g\u00e9n\u00e9ralement avant 8\u00a0h\u00a030 ou 9\u00a0h<\/td>\n<td>UPS Express Early \u00e0 destination des \u00c9.-U.<\/td>\n<\/tr>\n<tr>\n<td>1-3\u00a0jours ouvrables<\/td>\n<td>Livraison g\u00e9n\u00e9ralement avant 10\u00a0h\u00a030, 12\u00a0h ou 14\u00a0h<\/td>\n<td>UPS Worldwide Express<\/td>\n<\/tr>\n<tr>\n<td>2-3\u00a0jours ouvrables<\/td>\n<td>Livraison g\u00e9n\u00e9ralement avant 9\u00a0h<\/td>\n<td>UPS Worldwide Express Plus<\/td>\n<\/tr>\n<tr>\n<td>1-3\u00a0jours ouvrables<\/td>\n<td>Livraison avant la fin de la journ\u00e9e<\/td>\n<td>UPS Worldwide Express Saver<\/td>\n<\/tr>\n<tr>\n<td>3\u00a0jours ouvrables<\/td>\n<td>Livraison avant la fin de la journ\u00e9e<\/td>\n<td>UPS 3 Day Select \u00e0 destination des \u00c9.-U.<\/td>\n<\/tr>\n<tr>\n<td>2-5\u00a0jours ouvrables<\/td>\n<td>Livraison avant la fin de la journ\u00e9e<\/td>\n<td>UPS Worldwide Expedited<\/td>\n<\/tr>\n<tr>\n<td>Peut varier selon la destination<\/td>\n<td>Livraison avant la fin de la journ\u00e9e<\/td>\n<td>UPS Standard\u00a0\u00e0 destination des \u00c9.-U.<\/td>\n<\/tr>\n<\/tbody>\n<\/table>\n<\/div>\n<hr \/>\n<h2>Commencez par utiliser notre calculatrice de frais d\u2019exp\u00e9dition pour trouver la solution la plus avantageuse pour vous.<\/h2>\n<\/div>","protected":false},"excerpt":{"rendered":"<p>Quel que soit l\u2019article \u00e0 envoyer, nous proposons un large \u00e9ventail de solutions d\u2019emballage et d\u2019exp\u00e9dition pour qu\u2019il arrive intact et \u00e0 temps. Livraison int\u00e9rieure Des colis, paquets ou documents \u00e0 exp\u00e9dier au Canada? Confiez-les \u00e0 The UPS Store. Nous proposons une gamme compl\u00e8te de services d\u2019exp\u00e9dition par UPS allant de l\u2019exp\u00e9dition le lendemain \u00e0 &hellip; <a href=\"https:\/\/www.theupsstore1.net\/fr\/des-pros-qui-livrent-la-marchandise\/\">Continued<\/a><\/p>\n","protected":false},"author":480,"featured_media":70325,"parent":0,"menu_order":0,"comment_status":"closed","ping_status":"closed","template":"template-pack-pro.php","meta":{"footnotes":""},"class_list":["post-70297","page","type-page","status-publish","has-post-thumbnail","hentry"],"_links":{"self":[{"href":"https:\/\/www.theupsstore1.net\/fr\/wp-json\/wp\/v2\/pages\/70297","targetHints":{"allow":["GET"]}}],"collection":[{"href":"https:\/\/www.theupsstore1.net\/fr\/wp-json\/wp\/v2\/pages"}],"about":[{"href":"https:\/\/www.theupsstore1.net\/fr\/wp-json\/wp\/v2\/types\/page"}],"author":[{"embeddable":true,"href":"https:\/\/www.theupsstore1.net\/fr\/wp-json\/wp\/v2\/users\/480"}],"replies":[{"embeddable":true,"href":"https:\/\/www.theupsstore1.net\/fr\/wp-json\/wp\/v2\/comments?post=70297"}],"version-history":[{"count":0,"href":"https:\/\/www.theupsstore1.net\/fr\/wp-json\/wp\/v2\/pages\/70297\/revisions"}],"wp:featuredmedia":[{"embeddable":true,"href":"https:\/\/www.theupsstore1.net\/fr\/wp-json\/wp\/v2\/media\/70325"}],"wp:attachment":[{"href":"https:\/\/www.theupsstore1.net\/fr\/wp-json\/wp\/v2\/media?parent=70297"}],"curies":[{"name":"wp","href":"https:\/\/api.w.org\/{rel}","templated":true}]}}