{"id":82033,"date":"2025-06-18T12:11:14","date_gmt":"2025-06-18T16:11:14","guid":{"rendered":"https:\/\/www.theupsstore1.net\/?page_id=82033"},"modified":"2025-06-18T12:19:55","modified_gmt":"2025-06-18T16:19:55","slug":"demande-de-suppression-du-compte-obtenez-plus","status":"publish","type":"page","link":"https:\/\/www.theupsstore1.net\/fr\/service-a-la-clientele\/demande-de-suppression-du-compte-obtenez-plus\/","title":{"rendered":"Demande de suppression du compte Obtenez plus"},"content":{"rendered":"<div class=\"wp-editor-content\"><p>Nous nous engageons \u00e0 prot\u00e9ger la confidentialit\u00e9 de vos renseignements. Si vous ne souhaitez plus participer au programme Obtenez plus et voulez que vos donn\u00e9es personnelles soient supprim\u00e9es, vous pouvez en faire la demande en remplissant le formulaire ci-contre. Cette demande concerne l\u2019application Obtenez plus de The UPS Store Canada, publi\u00e9e par MBEC Communications inc. et accessible dans <a href=\"https:\/\/play.google.com\/store\/apps\/details?id=ca.theupsstore.app\" target=\"_blank\">Google Play<\/a> et <a href=\"https:\/\/apps.apple.com\/ca\/app\/the-ups-store-canada-get-more\/id1469562285\" target=\"_blank\">l\u2019App Store<\/a>.<\/p>\n<h2>Ce dont vous aurez besoin<\/h2>\n<ol>\n<li>Votre num\u00e9ro de membre Obtenez plus<\/li>\n<li>L\u2019adresse courriel utilis\u00e9e pour adh\u00e9rer au programme<\/li>\n<li>Votre pr\u00e9nom et votre nom de famille<\/li>\n<li>Le nom de l\u2019entreprise (seulement si vous l\u2019avez fourni au moment de l\u2019adh\u00e9sion)<\/li>\n<\/ol>\n<h2>Ce qui se passera ensuite<\/h2>\n<p>Une fois votre demande soumise, notre \u00e9quipe v\u00e9rifiera vos informations et proc\u00e9dera \u00e0 la suppression des donn\u00e9es dans un d\u00e9lai de 10\u00a0jours ouvrables. Vous recevrez un courriel confirmant la suppression.<\/p>\n<h2>Vous pr\u00e9f\u00e9rez nous joindre directement?<\/h2>\n<p>Vous pouvez \u00e9galement nous \u00e9crire par courriel pour nous demander de supprimer votre compte et vos donn\u00e9es \u00e0\u00a0:<br \/>\n<a href=\"mailto:customerservice@theupsstore.ca\">customerservice@theupsstore.ca<\/a> ou<br \/>\n<a href=\"mailto:getmore@theupsstore.ca\">getmore@theupsstore.ca<\/a><br \/>\nVeuillez nous indiquer votre num\u00e9ro de membre Obtenez plus ainsi que l\u2019adresse courriel fournie au moment de votre adh\u00e9sion.<\/p>\n<p><strong>Remarque\u00a0: Ce processus est irr\u00e9versible. Une fois votre compte supprim\u00e9, vos donn\u00e9es ne pourront pas \u00eatre r\u00e9cup\u00e9r\u00e9es.<\/strong><\/p>\n<\/div>","protected":false},"excerpt":{"rendered":"<p>Nous nous engageons \u00e0 prot\u00e9ger la confidentialit\u00e9 de vos renseignements. Si vous ne souhaitez plus participer au programme Obtenez plus et voulez que vos donn\u00e9es personnelles soient supprim\u00e9es, vous pouvez en faire la demande en remplissant le formulaire ci-contre. Cette demande concerne l\u2019application Obtenez plus de The UPS Store Canada, publi\u00e9e par MBEC Communications inc. &hellip; <a href=\"https:\/\/www.theupsstore1.net\/fr\/service-a-la-clientele\/demande-de-suppression-du-compte-obtenez-plus\/\">Continued<\/a><\/p>\n","protected":false},"author":377,"featured_media":74529,"parent":891,"menu_order":0,"comment_status":"closed","ping_status":"closed","template":"template-contact.php","meta":{"footnotes":""},"class_list":["post-82033","page","type-page","status-publish","has-post-thumbnail","hentry"],"_links":{"self":[{"href":"https:\/\/www.theupsstore1.net\/fr\/wp-json\/wp\/v2\/pages\/82033","targetHints":{"allow":["GET"]}}],"collection":[{"href":"https:\/\/www.theupsstore1.net\/fr\/wp-json\/wp\/v2\/pages"}],"about":[{"href":"https:\/\/www.theupsstore1.net\/fr\/wp-json\/wp\/v2\/types\/page"}],"author":[{"embeddable":true,"href":"https:\/\/www.theupsstore1.net\/fr\/wp-json\/wp\/v2\/users\/377"}],"replies":[{"embeddable":true,"href":"https:\/\/www.theupsstore1.net\/fr\/wp-json\/wp\/v2\/comments?post=82033"}],"version-history":[{"count":3,"href":"https:\/\/www.theupsstore1.net\/fr\/wp-json\/wp\/v2\/pages\/82033\/revisions"}],"predecessor-version":[{"id":82055,"href":"https:\/\/www.theupsstore1.net\/fr\/wp-json\/wp\/v2\/pages\/82033\/revisions\/82055"}],"up":[{"embeddable":true,"href":"https:\/\/www.theupsstore1.net\/fr\/wp-json\/wp\/v2\/pages\/891"}],"wp:featuredmedia":[{"embeddable":true,"href":"https:\/\/www.theupsstore1.net\/fr\/wp-json\/wp\/v2\/media\/74529"}],"wp:attachment":[{"href":"https:\/\/www.theupsstore1.net\/fr\/wp-json\/wp\/v2\/media?parent=82033"}],"curies":[{"name":"wp","href":"https:\/\/api.w.org\/{rel}","templated":true}]}}