{"id":866,"date":"2013-04-23T20:13:09","date_gmt":"2013-04-23T20:13:09","guid":{"rendered":"https:\/\/www.theupsstore1.net\/?page_id=866"},"modified":"2024-06-07T14:42:07","modified_gmt":"2024-06-07T18:42:07","slug":"solutions-detail","status":"publish","type":"page","link":"https:\/\/www.theupsstore1.net\/fr\/entreprises\/solutions-detail\/","title":{"rendered":"Solutions de d\u00e9tail aux entreprises"},"content":{"rendered":"<div class=\"wp-editor-content\"><p>Les Solutions de d\u00e9tail aux entreprises (\u00ab SDE \u00bb) ont \u00e9t\u00e9 cr\u00e9\u00e9es pour favoriser une relation \u00e0 long terme entre le r\u00e9seau canadien de centres franchis\u00e9s The UPS Store, les entreprises et autres clients en leur offrant des solutions d\u2019affaires viables qui contribuent \u00e0 optimiser leurs activit\u00e9s professionnelles.<\/p>\n<p>Gr\u00e2ce \u00e0 notre r\u00e9seau d\u2019envergure nationale, vous trouverez un centre The UPS Store facile d\u2019acc\u00e8s pour vous, vos employ\u00e9s, vos clients, vos invit\u00e9s, vos membres et autres utilisateurs ! <a href=\"https:\/\/www.theupsstore1.net\/fr\/localisateur\/\">Les centres The UPS Store<\/a> offrent une large gamme de produits et de services de d\u00e9tail con\u00e7us pour aider votre entreprise, votre organisme sans but lucratif, votre \u00e9tablissement d\u2019enseignement, votre association ou votre organisation \u00e0 exercer plus efficacement ses activit\u00e9s. Nos solutions d\u2019affaires s\u2019accompagnent d\u2019une proposition en mati\u00e8re de valeur qu\u2019aucune autre entreprise ne saurait \u00e9galer.<\/p>\n\t\t<div class=\"find horizontal-widget long span-12 \">\n                    <div class=\"title\">\n                            <h2>Trouver un magasin<\/h2>\n                    <\/div>\n                    <div class=\"find-widget-content\">\n                        <span class=\"find-widget-header-text\"><i class=\"fa fa-map-marker\"><\/i>Trouver un magasin:<\/span>\n                        <span class=\"tile kit-text span-2 form-text\"><strong>Entrez votre Adresse, Ville, Province ou Code Postal:<\/strong><\/span>\n                        <span class=\"tile horizontal-search \">\n                            <span id=\"searchbox\">\n                                <form action=\"\/fr\/localisateur\/\" method=\"post\" name=\"FindLocationForm\" class=\"findLocationForm\">\n\t<input name=\"FindLocationTextBox\" type=\"text\" maxlength=\"100\"  class=\"form_box findLocationTextBox\">\n\t<input type=\"hidden\" value=\"\" name=\"lat\" class=\"findLocationLat\"\/>\n\t<input type=\"hidden\" value=\"\" name=\"lng\" class=\"findLocationLng\"\/>\n    <button type=\"submit\" name=\"FindLocationButton\" class=\"search_submit button findLocationButton\"><i class=\"fa fa-search\"><\/i><\/button>\n<\/form>                            <\/span>\n                        <\/span>\n                        <div class=\"clearfix\"><\/div>\n                        <div class=\"tile kit-text span-2\"><\/div>\n                    <\/div>\n\t\t<\/div>\n\t\t\n<h3>En savoir plus<\/h3>\n<p>Pour d\u00e9couvrir comment nos <a href=\"https:\/\/www.theupsstore1.net\/fr\/entreprises\/solutions-detail\/\">Solutions de d\u00e9tail aux entreprises<\/a> peuvent \u00eatre adapt\u00e9es \u00e0 vos besoins d\u2019affaires, remplissez <a href=\"https:\/\/www.theupsstore1.net\/fr\/entreprises\/solutions-detail\/demande-entreprises\/\">une demande<\/a> afin que nous communiquions avec vous.<\/p>\n<p><a href=\"https:\/\/www.theupsstore1.net\/fr\/service-a-la-clientele\/faq\/#questions-courantes-sur-les-solutions-de-d%c3%a9tail-aux-entreprises-title\">Voir toutes les questions courantes sur les solutions de d\u00e9tail aux entreprises<\/a><\/p>\n<\/div>","protected":false},"excerpt":{"rendered":"<p>Les Solutions de d\u00e9tail aux entreprises (\u00ab SDE \u00bb) ont \u00e9t\u00e9 cr\u00e9\u00e9es pour favoriser une relation \u00e0 long terme entre le r\u00e9seau canadien de centres franchis\u00e9s The UPS Store, les entreprises et autres clients en leur offrant des solutions d\u2019affaires viables qui contribuent \u00e0 optimiser leurs activit\u00e9s professionnelles. Gr\u00e2ce \u00e0 notre r\u00e9seau d\u2019envergure nationale, vous &hellip; <a href=\"https:\/\/www.theupsstore1.net\/fr\/entreprises\/solutions-detail\/\">Continued<\/a><\/p>\n","protected":false},"author":4,"featured_media":17848,"parent":864,"menu_order":0,"comment_status":"closed","ping_status":"closed","template":"page-parent.php","meta":{"footnotes":""},"class_list":["post-866","page","type-page","status-publish","has-post-thumbnail","hentry"],"_links":{"self":[{"href":"https:\/\/www.theupsstore1.net\/fr\/wp-json\/wp\/v2\/pages\/866","targetHints":{"allow":["GET"]}}],"collection":[{"href":"https:\/\/www.theupsstore1.net\/fr\/wp-json\/wp\/v2\/pages"}],"about":[{"href":"https:\/\/www.theupsstore1.net\/fr\/wp-json\/wp\/v2\/types\/page"}],"author":[{"embeddable":true,"href":"https:\/\/www.theupsstore1.net\/fr\/wp-json\/wp\/v2\/users\/4"}],"replies":[{"embeddable":true,"href":"https:\/\/www.theupsstore1.net\/fr\/wp-json\/wp\/v2\/comments?post=866"}],"version-history":[{"count":0,"href":"https:\/\/www.theupsstore1.net\/fr\/wp-json\/wp\/v2\/pages\/866\/revisions"}],"up":[{"embeddable":true,"href":"https:\/\/www.theupsstore1.net\/fr\/wp-json\/wp\/v2\/pages\/864"}],"wp:featuredmedia":[{"embeddable":true,"href":"https:\/\/www.theupsstore1.net\/fr\/wp-json\/wp\/v2\/media\/17848"}],"wp:attachment":[{"href":"https:\/\/www.theupsstore1.net\/fr\/wp-json\/wp\/v2\/media?parent=866"}],"curies":[{"name":"wp","href":"https:\/\/api.w.org\/{rel}","templated":true}]}}