{"id":868,"date":"2013-04-23T20:43:37","date_gmt":"2013-04-23T20:43:37","guid":{"rendered":"https:\/\/www.theupsstore1.net\/?page_id=868"},"modified":"2013-05-13T19:25:55","modified_gmt":"2013-05-13T19:25:55","slug":"livraison-secondaire","status":"publish","type":"page","link":"https:\/\/www.theupsstore1.net\/fr\/entreprises\/solutions-detail\/livraison-secondaire\/","title":{"rendered":"Points de livraison de remplacement"},"content":{"rendered":"<div class=\"wp-editor-content\"><p>Gr\u00e2ce aux points de livraison de remplacement des Solutions de d\u00e9tail aux entreprises, un colis peut \u00eatre achemin\u00e9 directement \u00e0 un centre The UPS Store au lieu d\u2019\u00eatre livr\u00e9 au domicile ou \u00e0 l\u2019entreprise du destinataire. L\u2019envoi est conserv\u00e9 en lieu s\u00fbr jusqu\u2019\u00e0 ce que le destinataire vienne le ramasser au moment de son choix.<\/p>\n<p>Le point de livraison de remplacement est une solution id\u00e9ale si votre entreprise emploie des t\u00e9l\u00e9travailleurs ou des employ\u00e9s qui doivent recevoir leurs colis pendant qu\u2019ils sont sur la route. C\u2019est aussi une excellente fa\u00e7on de vous assurer que vos clients recevront vos paquets en toute s\u00e9curit\u00e9. Ce service est offert aux clients des Solutions de d\u00e9tail aux entreprises en vertu d\u2019une entente contractuelle.<\/p>\n<h2>Caract\u00e9ristiques et avantages<\/h2>\n<h3>Commodit\u00e9<\/h3>\n<ul>\n<li>Vous b\u00e9n\u00e9ficiez d\u2019une solution de rechange pour exp\u00e9dier vos colis \u00e0 vos clients, employ\u00e9s, invit\u00e9s, membres ou autres utilisateurs, ce qui est particuli\u00e8rement utile s\u2019ils ne sont pas \u00e0 la maison ou au bureau pour signer le r\u00e9c\u00e9piss\u00e9.<\/li>\n<\/ul>\n<h3>S\u00e9curit\u00e9<\/h3>\n<ul>\n<li>Vos colis sont livr\u00e9s \u00e0 un endroit s\u00e9curitaire desservi par du personnel.<\/li>\n<li>Comme le destinataire doit pr\u00e9senter une pi\u00e8ce d\u2019identit\u00e9 ou toute autre information requise par vous afin de ramasser son colis, vous avez l\u2019assurance que votre envoi sera remis \u00e0 la bonne personne.<\/li>\n<li>Vos clients et employ\u00e9s re\u00e7oivent en tout temps un service professionnel de premi\u00e8re qualit\u00e9.<\/li>\n<li>\u00c0 votre choix, vous avez acc\u00e8s \u00e0 tous les centres The UPS Store ou seulement \u00e0 certains centres d\u00e9sign\u00e9s comme points de livraison.<\/li>\n<\/ul>\n<h3>Comment \u00e7a fonctionne?<\/h3>\n<ol>\n<li>Vous d\u00e9signez les centres que vous souhaitez utiliser comme points de livraison de remplacement.<\/li>\n<li>\u00c0 l\u2019aide de <a href=\"https:\/\/www.theupsstore1.net\/fr\/localisateur\/\">notre localisateur<\/a>, vous rep\u00e9rez le centre le plus pr\u00e8s du domicile ou du bureau de votre destinataire, y envoyez le colis et en avisez le destinataire.<\/li>\n<li>Votre colis est livr\u00e9 au centre The UPS Store de votre choix.<\/li>\n<li>Le destinataire pr\u00e9sente une pi\u00e8ce d\u2019identit\u00e9 ou toute autre information requise par vous pour r\u00e9cup\u00e9rer le colis quand bon lui semble.<\/li>\n<\/ol>\n<h3>En savoir plus<\/h3>\n<p>Pour d\u00e9couvrir comment nos Solutions de d\u00e9tail aux entreprises peuvent \u00eatre adapt\u00e9es \u00e0 vos besoins d\u2019affaires, <a href=\"https:\/\/www.theupsstore1.net\/fr\/entreprises\/solutions-detail\/demande-entreprises\/\">remplissez une demande<\/a> afin que nous communiquions avec vous.<br \/>\n&nbsp;<\/p>\n<\/div>","protected":false},"excerpt":{"rendered":"<p>Gr\u00e2ce aux points de livraison de remplacement des Solutions de d\u00e9tail aux entreprises, un colis peut \u00eatre achemin\u00e9 directement \u00e0 un centre The UPS Store au lieu d\u2019\u00eatre livr\u00e9 au domicile ou \u00e0 l\u2019entreprise du destinataire. L\u2019envoi est conserv\u00e9 en lieu s\u00fbr jusqu\u2019\u00e0 ce que le destinataire vienne le ramasser au moment de son choix. &hellip; <a href=\"https:\/\/www.theupsstore1.net\/fr\/entreprises\/solutions-detail\/livraison-secondaire\/\">Continued<\/a><\/p>\n","protected":false},"author":4,"featured_media":0,"parent":866,"menu_order":0,"comment_status":"closed","ping_status":"closed","template":"","meta":{"footnotes":""},"class_list":["post-868","page","type-page","status-publish","hentry"],"_links":{"self":[{"href":"https:\/\/www.theupsstore1.net\/fr\/wp-json\/wp\/v2\/pages\/868","targetHints":{"allow":["GET"]}}],"collection":[{"href":"https:\/\/www.theupsstore1.net\/fr\/wp-json\/wp\/v2\/pages"}],"about":[{"href":"https:\/\/www.theupsstore1.net\/fr\/wp-json\/wp\/v2\/types\/page"}],"author":[{"embeddable":true,"href":"https:\/\/www.theupsstore1.net\/fr\/wp-json\/wp\/v2\/users\/4"}],"replies":[{"embeddable":true,"href":"https:\/\/www.theupsstore1.net\/fr\/wp-json\/wp\/v2\/comments?post=868"}],"version-history":[{"count":0,"href":"https:\/\/www.theupsstore1.net\/fr\/wp-json\/wp\/v2\/pages\/868\/revisions"}],"up":[{"embeddable":true,"href":"https:\/\/www.theupsstore1.net\/fr\/wp-json\/wp\/v2\/pages\/866"}],"wp:attachment":[{"href":"https:\/\/www.theupsstore1.net\/fr\/wp-json\/wp\/v2\/media?parent=868"}],"curies":[{"name":"wp","href":"https:\/\/api.w.org\/{rel}","templated":true}]}}