{"id":880,"date":"2013-04-24T16:20:54","date_gmt":"2013-04-24T16:20:54","guid":{"rendered":"https:\/\/www.theupsstore1.net\/?page_id=880"},"modified":"2016-03-07T09:45:47","modified_gmt":"2016-03-07T14:45:47","slug":"a-propos","status":"publish","type":"page","link":"https:\/\/www.theupsstore1.net\/fr\/a-propos\/","title":{"rendered":"\u00c0 propos de nous"},"content":{"rendered":"<div class=\"wp-editor-content\"><h2>The UPS Store Canada<\/h2>\n<p>Si\u00e8ge social canadien:<br \/>\n1115, North Service Road, Unit\u00e9 1<br \/>\nOakville (Ontario) \u00a0L6M 2V9<br \/>\n905\u00a0338-9754<\/p>\n<p>Pr\u00e9sident:\u00a0<a title=\"Leadership: David Druker\" href=\"https:\/\/www.theupsstore1.net\/fr\/a-propos\/direction\/\">David Druker<\/a><br \/>\n\t\t<div class=\"find horizontal-widget long span-12 \">\n                    <div class=\"title\">\n                            <h2>Trouver un magasin<\/h2>\n                    <\/div>\n                    <div class=\"find-widget-content\">\n                        <span class=\"find-widget-header-text\"><i class=\"fa fa-map-marker\"><\/i>Trouver un magasin:<\/span>\n                        <span class=\"tile kit-text span-2 form-text\"><strong>Entrez votre Adresse, Ville, Province ou Code Postal:<\/strong><\/span>\n                        <span class=\"tile horizontal-search \">\n                            <span id=\"searchbox\">\n                                <form action=\"\/fr\/localisateur\/\" method=\"post\" name=\"FindLocationForm\" class=\"findLocationForm\">\n\t<input name=\"FindLocationTextBox\" type=\"text\" maxlength=\"100\"  class=\"form_box findLocationTextBox\">\n\t<input type=\"hidden\" value=\"\" name=\"lat\" class=\"findLocationLat\"\/>\n\t<input type=\"hidden\" value=\"\" name=\"lng\" class=\"findLocationLng\"\/>\n    <button type=\"submit\" name=\"FindLocationButton\" class=\"search_submit button findLocationButton\"><i class=\"fa fa-search\"><\/i><\/button>\n<\/form>                            <\/span>\n                        <\/span>\n                        <div class=\"clearfix\"><\/div>\n                        <div class=\"tile kit-text span-2\"><\/div>\n                    <\/div>\n\t\t<\/div>\n\t\t<\/p>\n<h3>Faits saillants:<\/h3>\n<ul>\n<li>Plus de 360 centres The UPS Store sont en activit\u00e9 au Canada.<\/li>\n<li>\u00a0Le r\u00e9seau canadien The UPS Store est la plus importante cha\u00eene de centres d\u2019impression et de photocopie au Canada.<\/li>\n<li>\u00a0The UPS Store est \u00e9galement le plus grand r\u00e9seau franchis\u00e9 de centres de services d\u2019affaires au pays.<\/li>\n<li>La cha\u00eene canadienne The UPS Store fait partie d\u2019un r\u00e9seau nord-am\u00e9ricain comptant plus de 4 300 centres de services aux entreprises.<\/li>\n<li>\u00c9tablie \u00e0 Oakville (Ontario), l\u2019entreprise canadienne MBEC Communications Inc. est titulaire ma\u00eetre de la marque The UPS Store au Canada et elle soutient activement la cha\u00eene \u00e0 l\u2019\u00e9chelle du pays.<\/li>\n<li>Les marques MBE et The UPS Store sont d\u00e9tenues et exploit\u00e9es sous licence par Mail Boxes Etc., Inc., filiale d\u2019UPS d\u00e9tentrice des franchises The UPS Store et MBE. Les centres The UPS StoreMD sont d\u00e9tenus et exploit\u00e9s sous licence par des franchis\u00e9s ind\u00e9pendants au Canada. La marque est une franchise de MBEC Communications Inc., titulaire ma\u00eetre de The UPS Store, Inc., une filiale de United Parcel Service of America, Inc. The UPS StoreMD et les autres marques de commerce d\u2019UPSMD sont d\u00e9tenues et exploit\u00e9es sous licence par United Parcel Service of America, Inc.<\/li>\n<\/ul>\n<p>&nbsp;<\/p>\n<h3>Concept:<\/h3>\n<ul>\n<li>Parmi les nombreux services que nous offrons, on compte notamment l\u2019impression en noir et blanc et en couleur ; l\u2019impression num\u00e9rique ; les t\u00e9l\u00e9copies et les photocopies ; la finition de documents, y compris la reliure et le laminage ; la livraison \u00e0 l\u2019international ; l\u2019emballage ; les services de concepteur-graphiste ; une bo\u00eete postale priv\u00e9e accessible jour et nuit et la r\u00e9ception de colis ; l\u2019acc\u00e8s au courriel et \u00e0 Internet ; la location d\u2019ordinateurs ; et les fournitures de bureau.<\/li>\n<li>The UPS Store a \u00e9galement mis sur pied un portail \u00e0 partir duquel les clients peuvent t\u00e9l\u00e9charger, personnaliser ou m\u00eame cr\u00e9er leurs documents afin de les faire imprimer au centre The UPS Store de leur choix.<\/li>\n<li>Les points de livraison de remplacement permettent aux clients d\u2019envoyer ou de recevoir des colis au centre The UPS Store de leur choix partout au Canada. L\u2019envoi est conserv\u00e9 en lieu s\u00fbr jusqu\u2019\u00e0 ce que le destinataire vienne le ramasser. Ce service est id\u00e9al pour les entreprises qui ont des repr\u00e9sentants ou des techniciens couvrant un vaste territoire ou qui ont des clients aux quatre coins du pays.<\/li>\n<li>Les centres The UPS Store sont strat\u00e9giquement situ\u00e9s \u00e0 proximit\u00e9 des centres ou des complexes commerciaux. Pour r\u00e9pondre \u00e0 la demande, de plus en plus d\u2019h\u00f4tels, d\u2019a\u00e9roports et d\u2019institutions financi\u00e8res h\u00e9bergent un centre The UPS Store dans leurs \u00e9tablissements. En offrant aux petites entreprises canadiennes les services de qualit\u00e9 et d\u2019envergure que l\u2019on retrouve habituellement au sein des grandes entreprises, The UPS Store permet \u00e0 ses clients de r\u00e9duire leurs frais g\u00e9n\u00e9raux, car ils n\u2019ont pas besoin d\u2019investir dans de l\u2019\u00e9quipement co\u00fbteux.<\/li>\n<li>La client\u00e8le du r\u00e9seau est surtout compos\u00e9e de petites entreprises et de travailleurs autonomes (march\u00e9 SOHO). Selon les plus r\u00e9centes donn\u00e9es de Statistique Canada, ce march\u00e9 compte 2,5 millions de travailleurs au Canada, et le nombre de travailleurs autonomes augmente de 12 % chaque ann\u00e9e.<\/li>\n<li>The UPS Store appuie \u00e9galement les entreprises canadiennes de toutes tailles en assistant leurs employ\u00e9s qui, dans le cadre de leur travail, doivent se d\u00e9placer un peu partout au pays. Ceux-ci peuvent profiter de l\u2019\u00e9tendue de notre r\u00e9seau pour exp\u00e9dier, recevoir ou pr\u00e9parer leurs documents au centre The UPS Store de leur choix.<\/li>\n<\/ul>\n<\/div>","protected":false},"excerpt":{"rendered":"<p>The UPS Store Canada Si\u00e8ge social canadien: 1115, North Service Road, Unit\u00e9 1 Oakville (Ontario) \u00a0L6M 2V9 905\u00a0338-9754 Pr\u00e9sident:\u00a0David Druker Faits saillants: Plus de 360 centres The UPS Store sont en activit\u00e9 au Canada. \u00a0Le r\u00e9seau canadien The UPS Store est la plus importante cha\u00eene de centres d\u2019impression et de photocopie au Canada. \u00a0The UPS &hellip; <a href=\"https:\/\/www.theupsstore1.net\/fr\/a-propos\/\">Continued<\/a><\/p>\n","protected":false},"author":4,"featured_media":0,"parent":0,"menu_order":0,"comment_status":"closed","ping_status":"closed","template":"","meta":{"footnotes":""},"class_list":["post-880","page","type-page","status-publish","hentry"],"_links":{"self":[{"href":"https:\/\/www.theupsstore1.net\/fr\/wp-json\/wp\/v2\/pages\/880","targetHints":{"allow":["GET"]}}],"collection":[{"href":"https:\/\/www.theupsstore1.net\/fr\/wp-json\/wp\/v2\/pages"}],"about":[{"href":"https:\/\/www.theupsstore1.net\/fr\/wp-json\/wp\/v2\/types\/page"}],"author":[{"embeddable":true,"href":"https:\/\/www.theupsstore1.net\/fr\/wp-json\/wp\/v2\/users\/4"}],"replies":[{"embeddable":true,"href":"https:\/\/www.theupsstore1.net\/fr\/wp-json\/wp\/v2\/comments?post=880"}],"version-history":[{"count":0,"href":"https:\/\/www.theupsstore1.net\/fr\/wp-json\/wp\/v2\/pages\/880\/revisions"}],"wp:attachment":[{"href":"https:\/\/www.theupsstore1.net\/fr\/wp-json\/wp\/v2\/media?parent=880"}],"curies":[{"name":"wp","href":"https:\/\/api.w.org\/{rel}","templated":true}]}}