{"id":881,"date":"2013-04-24T16:24:07","date_gmt":"2013-04-24T16:24:07","guid":{"rendered":"https:\/\/www.theupsstore1.net\/?page_id=881"},"modified":"2016-03-07T10:17:34","modified_gmt":"2016-03-07T15:17:34","slug":"histoire","status":"publish","type":"page","link":"https:\/\/www.theupsstore1.net\/fr\/a-propos\/histoire\/","title":{"rendered":"Histoire"},"content":{"rendered":"<div class=\"wp-editor-content\"><h2>\u00c9v\u00e9nements marquants<\/h2>\n<p>&nbsp;<\/p>\n<ul>\n<ul>\n<li>En octobre 2015, The UPS Store c\u00e9l\u00e8bre son 10\u00a0anniversaire au Canada\u00a0; toutefois, le r\u00e9seau est au service des petites entreprises canadiennes depuis 1988, sous la banni\u00e8re Mail Boxes Etc.<\/li>\n<li>La cr\u00e9ation de MBEC Communications (et cons\u00e9quemment de Mail Boxes Etc. Canada) remonte \u00e0 1988, quand le si\u00e8ge social de MBE aux \u00c9tats-Unis fait l\u2019acquisition de la licence ma\u00eetresse canadienne.<\/li>\n<li>Le concept de Mail Boxes Etc. prend naissance aux \u00c9tats-Unis en 1980. Le si\u00e8ge social du r\u00e9seau international est situ\u00e9 \u00e0 San Diego, en Californie.<\/li>\n<li>Avant le 3 octobre 2005, le r\u00e9seau The UPS Store est connu au Canada sous le nom de Mail Boxes Etc. La cha\u00eene annonce, en ao\u00fbt 2005, son intention de changer le nom de plus de 95\u00a0% de ses centres Mail Boxes Etc. pour The UPS Store, ce qui est accept\u00e9 par les franchis\u00e9s.<\/li>\n<li>La licence ma\u00eetresse canadienne des marques The UPS Store et appartient \u00e0 MBEC Communications Inc. \u00a0sous la direction de David Druker, President et Directeur G\u00e9n\u00e9ral de MBEC Communications Inc.,\u00a0et \u00a0un ancien propri\u00e9taire de centre et franchis\u00e9 du Qu\u00e9bec.<\/li>\n<\/ul>\n<\/ul>\n\t\t<div class=\"find horizontal-widget long span-12 \">\n                    <div class=\"title\">\n                            <h2>Trouver un magasin<\/h2>\n                    <\/div>\n                    <div class=\"find-widget-content\">\n                        <span class=\"find-widget-header-text\"><i class=\"fa fa-map-marker\"><\/i>Trouver un magasin:<\/span>\n                        <span class=\"tile kit-text span-2 form-text\"><strong>Entrez votre Adresse, Ville, Province ou Code Postal:<\/strong><\/span>\n                        <span class=\"tile horizontal-search \">\n                            <span id=\"searchbox\">\n                                <form action=\"\/fr\/localisateur\/\" method=\"post\" name=\"FindLocationForm\" class=\"findLocationForm\">\n\t<input name=\"FindLocationTextBox\" type=\"text\" maxlength=\"100\"  class=\"form_box findLocationTextBox\">\n\t<input type=\"hidden\" value=\"\" name=\"lat\" class=\"findLocationLat\"\/>\n\t<input type=\"hidden\" value=\"\" name=\"lng\" class=\"findLocationLng\"\/>\n    <button type=\"submit\" name=\"FindLocationButton\" class=\"search_submit button findLocationButton\"><i class=\"fa fa-search\"><\/i><\/button>\n<\/form>                            <\/span>\n                        <\/span>\n                        <div class=\"clearfix\"><\/div>\n                        <div class=\"tile kit-text span-2\"><\/div>\n                    <\/div>\n\t\t<\/div>\n\t\t\n<\/div>","protected":false},"excerpt":{"rendered":"<p>\u00c9v\u00e9nements marquants &nbsp; En octobre 2015, The UPS Store c\u00e9l\u00e8bre son 10\u00a0anniversaire au Canada\u00a0; toutefois, le r\u00e9seau est au service des petites entreprises canadiennes depuis 1988, sous la banni\u00e8re Mail Boxes Etc. La cr\u00e9ation de MBEC Communications (et cons\u00e9quemment de Mail Boxes Etc. Canada) remonte \u00e0 1988, quand le si\u00e8ge social de MBE aux \u00c9tats-Unis &hellip; <a href=\"https:\/\/www.theupsstore1.net\/fr\/a-propos\/histoire\/\">Continued<\/a><\/p>\n","protected":false},"author":4,"featured_media":0,"parent":880,"menu_order":0,"comment_status":"closed","ping_status":"closed","template":"","meta":{"footnotes":""},"class_list":["post-881","page","type-page","status-publish","hentry"],"_links":{"self":[{"href":"https:\/\/www.theupsstore1.net\/fr\/wp-json\/wp\/v2\/pages\/881","targetHints":{"allow":["GET"]}}],"collection":[{"href":"https:\/\/www.theupsstore1.net\/fr\/wp-json\/wp\/v2\/pages"}],"about":[{"href":"https:\/\/www.theupsstore1.net\/fr\/wp-json\/wp\/v2\/types\/page"}],"author":[{"embeddable":true,"href":"https:\/\/www.theupsstore1.net\/fr\/wp-json\/wp\/v2\/users\/4"}],"replies":[{"embeddable":true,"href":"https:\/\/www.theupsstore1.net\/fr\/wp-json\/wp\/v2\/comments?post=881"}],"version-history":[{"count":0,"href":"https:\/\/www.theupsstore1.net\/fr\/wp-json\/wp\/v2\/pages\/881\/revisions"}],"up":[{"embeddable":true,"href":"https:\/\/www.theupsstore1.net\/fr\/wp-json\/wp\/v2\/pages\/880"}],"wp:attachment":[{"href":"https:\/\/www.theupsstore1.net\/fr\/wp-json\/wp\/v2\/media?parent=881"}],"curies":[{"name":"wp","href":"https:\/\/api.w.org\/{rel}","templated":true}]}}