{"id":882,"date":"2013-04-24T16:28:37","date_gmt":"2013-04-24T16:28:37","guid":{"rendered":"https:\/\/www.theupsstore1.net\/?page_id=882"},"modified":"2017-05-17T10:36:30","modified_gmt":"2017-05-17T14:36:30","slug":"direction","status":"publish","type":"page","link":"https:\/\/www.theupsstore1.net\/fr\/a-propos\/direction\/","title":{"rendered":"\u00c9quipe de direction"},"content":{"rendered":"<div class=\"wp-editor-content\"><p>Notre \u00e9quipe de direction tire pleinement profit du meilleur de deux mondes : l\u2019expertise canadienne en franchisage de The UPS Store et l\u2019exp\u00e9rience en livraison d\u2019UPS. Gr\u00e2ce \u00e0 leur vision et \u00e0 leur strat\u00e9gie communes, The UPS Store Canada et UPS excellent \u00e0 satisfaire aux besoins des franchis\u00e9s et de leurs clients au pays et dans le monde entier.<\/p>\n<h2>David Druker<\/h2>\n<p><strong>Pr\u00e9sident\/ Directeur<\/strong><br \/>\nDavid Druker a \u00e9t\u00e9 nomm\u00e9 Pr\u00e9sident de MBEC Communications Inc. le 1er mai 2008. En 2005, il acqu\u00e9rait les droits r\u00e9gionaux de franchise pour THE UPS STORE pour la province de Qu\u00e9bec. Auparavant, pendant quinze ans, M. Druker a travaill\u00e9 avec Solution Cellulaire et Cantel (\u00e0 pr\u00e9sent Rogers sans-fil) dans l\u2019industrie des t\u00e9l\u00e9communications. En tant que premier franchis\u00e9 de Solution Cellulaire en 1993, il a progressivement achet\u00e9 et exploit\u00e9 de multiples franchises en Ontario et au Qu\u00e9bec r\u00e9alisant plus de 10 millions USD en ventes annuelles avec un personnel de 110 employ\u00e9s.<\/p>\n<h2><\/h2>\n<h2>Steve Moorman<\/h2>\n<p><strong>Premier vice-pr\u00e9sident, Exploitation de franchises<\/strong><br \/>\nSteve Moorman s\u2019est joint \u00e0 MBE Canada en juillet 1993 comme directeur de l\u2019expansion des franchises et de l\u2019exploitation des Centres. Avant de se joindre \u00e0 MBE Canada, M Moorman a occup\u00e9 le poste de directeur de l\u2019exploitation des Centres de Mail Boxes Etc. USA, Inc. (l\u2019ancien franchiseur). M. Moorman a travaill\u00e9 chez Boxes Etc. USA, Inc. de septembre 1988 \u00e0 juin 1993. M. Moorman est un ancien franchis\u00e9 de Mail Boxes Etc. USA, Inc. qui avait ouvert une seconde franchise \u00e0 Solana Beach (Californie), en octobre 1980.<\/p>\n<h2>Ronald Boratto<\/h2>\n<p><strong>Vice-pr\u00e9sident directeur et directeur juridique de l\u2019entreprise<\/strong><br \/>\nRonald Boratto est un avocat autoris\u00e9 \u00e0 exercer en vertu des lois de la province de l\u2019Ontario. Il exerce des fonctions de directeur juridique d\u2019entreprise et des franchises sp\u00e9ciales pour MBE Canada depuis juin 1996 et a \u00e9t\u00e9 nomm\u00e9 vice-pr\u00e9sident directeur et directeur juridique de l\u2019entreprise le 1er mai 2003. M. Boratto poss\u00e8de plus de 30 ans d\u2019exp\u00e9rience comme conseiller juridique en mati\u00e8re de franchises.<\/p>\n<h2><\/h2>\n<h2>Chati Narayan<\/h2>\n<p><strong>Directeur national des opo\u00e9rations<br \/>\n<\/strong>Chati Narayan s\u2019est joint \u00e0 MBEC Communications Inc. en Septembre 2007. Son r\u00f4le \u00e9tait de supervis\u00e9 toutes les op\u00e9rations dans la r\u00e9gion et le d\u00e9veloppement de la franchise pour l&rsquo;entreprise. En Septembre 2011, Chati a quitt\u00e9 la soci\u00e9t\u00e9 pour occuper un poste dans une autre entreprise. En mai 2013, Chati revient avec MBEC Communications LP \u00e0 titre de directeur national des opo\u00e9rations. M. Narayan apporte un historique des op\u00e9rations de franchise et d&rsquo;exp\u00e9rience en affaires datant de plus de 30 ans.<br \/>\n\t\t<div class=\"find horizontal-widget long span-12 \">\n                    <div class=\"title\">\n                            <h2>Trouver un magasin<\/h2>\n                    <\/div>\n                    <div class=\"find-widget-content\">\n                        <span class=\"find-widget-header-text\"><i class=\"fa fa-map-marker\"><\/i>Trouver un magasin:<\/span>\n                        <span class=\"tile kit-text span-2 form-text\"><strong>Entrez votre Adresse, Ville, Province ou Code Postal:<\/strong><\/span>\n                        <span class=\"tile horizontal-search \">\n                            <span id=\"searchbox\">\n                                <form action=\"\/fr\/localisateur\/\" method=\"post\" name=\"FindLocationForm\" class=\"findLocationForm\">\n\t<input name=\"FindLocationTextBox\" type=\"text\" maxlength=\"100\"  class=\"form_box findLocationTextBox\">\n\t<input type=\"hidden\" value=\"\" name=\"lat\" class=\"findLocationLat\"\/>\n\t<input type=\"hidden\" value=\"\" name=\"lng\" class=\"findLocationLng\"\/>\n    <button type=\"submit\" name=\"FindLocationButton\" class=\"search_submit button findLocationButton\"><i class=\"fa fa-search\"><\/i><\/button>\n<\/form>                            <\/span>\n                        <\/span>\n                        <div class=\"clearfix\"><\/div>\n                        <div class=\"tile kit-text span-2\"><\/div>\n                    <\/div>\n\t\t<\/div>\n\t\t<\/p>\n<\/div>","protected":false},"excerpt":{"rendered":"<p>Notre \u00e9quipe de direction tire pleinement profit du meilleur de deux mondes : l\u2019expertise canadienne en franchisage de The UPS Store et l\u2019exp\u00e9rience en livraison d\u2019UPS. Gr\u00e2ce \u00e0 leur vision et \u00e0 leur strat\u00e9gie communes, The UPS Store Canada et UPS excellent \u00e0 satisfaire aux besoins des franchis\u00e9s et de leurs clients au pays et &hellip; <a href=\"https:\/\/www.theupsstore1.net\/fr\/a-propos\/direction\/\">Continued<\/a><\/p>\n","protected":false},"author":4,"featured_media":0,"parent":880,"menu_order":0,"comment_status":"closed","ping_status":"closed","template":"","meta":{"footnotes":""},"class_list":["post-882","page","type-page","status-publish","hentry"],"_links":{"self":[{"href":"https:\/\/www.theupsstore1.net\/fr\/wp-json\/wp\/v2\/pages\/882","targetHints":{"allow":["GET"]}}],"collection":[{"href":"https:\/\/www.theupsstore1.net\/fr\/wp-json\/wp\/v2\/pages"}],"about":[{"href":"https:\/\/www.theupsstore1.net\/fr\/wp-json\/wp\/v2\/types\/page"}],"author":[{"embeddable":true,"href":"https:\/\/www.theupsstore1.net\/fr\/wp-json\/wp\/v2\/users\/4"}],"replies":[{"embeddable":true,"href":"https:\/\/www.theupsstore1.net\/fr\/wp-json\/wp\/v2\/comments?post=882"}],"version-history":[{"count":0,"href":"https:\/\/www.theupsstore1.net\/fr\/wp-json\/wp\/v2\/pages\/882\/revisions"}],"up":[{"embeddable":true,"href":"https:\/\/www.theupsstore1.net\/fr\/wp-json\/wp\/v2\/pages\/880"}],"wp:attachment":[{"href":"https:\/\/www.theupsstore1.net\/fr\/wp-json\/wp\/v2\/media?parent=882"}],"curies":[{"name":"wp","href":"https:\/\/api.w.org\/{rel}","templated":true}]}}