{"id":884,"date":"2013-04-24T16:32:46","date_gmt":"2013-04-24T16:32:46","guid":{"rendered":"https:\/\/www.theupsstore1.net\/?page_id=884"},"modified":"2023-06-13T12:50:50","modified_gmt":"2023-06-13T16:50:50","slug":"salle-de-presse","status":"publish","type":"page","link":"https:\/\/www.theupsstore1.net\/fr\/a-propos\/salle-de-presse\/","title":{"rendered":"Salle de presse"},"content":{"rendered":"<div class=\"wp-editor-content\"><h2>Relations avec les m\u00e9dias<\/h2>\n<p>Pour toute question relative \u00e0 The UPS Store Canada, veuillez utiliser les coordonn\u00e9es suivantes\u00a0 :<br \/>\nT\u00e9l\u00e9phone : 1 800 661-6232, poste 290<br \/>\nCourriel: <a href=\"mailto:publicrelations@theupsstore.ca\">publicrelations@theupsstore.ca<\/a><\/p>\n<p>Pour toute question relative \u00e0 UPS Canada, veuillez utiliser les coordonn\u00e9es suivantes\u00a0 :<br \/>\nCourriel: <a href=\"mailto:mediarelations@ups.com\">mediarelations@ups.com<\/a><\/p>\n\t\t<div class=\"find horizontal-widget long span-12 \">\n                    <div class=\"title\">\n                            <h2>Trouver un magasin<\/h2>\n                    <\/div>\n                    <div class=\"find-widget-content\">\n                        <span class=\"find-widget-header-text\"><i class=\"fa fa-map-marker\"><\/i>Trouver un magasin:<\/span>\n                        <span class=\"tile kit-text span-2 form-text\"><strong>Entrez votre Adresse, Ville, Province ou Code Postal:<\/strong><\/span>\n                        <span class=\"tile horizontal-search \">\n                            <span id=\"searchbox\">\n                                <form action=\"\/fr\/localisateur\/\" method=\"post\" name=\"FindLocationForm\" class=\"findLocationForm\">\n\t<input name=\"FindLocationTextBox\" type=\"text\" maxlength=\"100\"  class=\"form_box findLocationTextBox\">\n\t<input type=\"hidden\" value=\"\" name=\"lat\" class=\"findLocationLat\"\/>\n\t<input type=\"hidden\" value=\"\" name=\"lng\" class=\"findLocationLng\"\/>\n    <button type=\"submit\" name=\"FindLocationButton\" class=\"search_submit button findLocationButton\"><i class=\"fa fa-search\"><\/i><\/button>\n<\/form>                            <\/span>\n                        <\/span>\n                        <div class=\"clearfix\"><\/div>\n                        <div class=\"tile kit-text span-2\"><\/div>\n                    <\/div>\n\t\t<\/div>\n\t\t\n<\/div>","protected":false},"excerpt":{"rendered":"<p>Relations avec les m\u00e9dias Pour toute question relative \u00e0 The UPS Store Canada, veuillez utiliser les coordonn\u00e9es suivantes\u00a0 : T\u00e9l\u00e9phone : 1 800 661-6232, poste 290 Courriel: publicrelations@theupsstore.ca Pour toute question relative \u00e0 UPS Canada, veuillez utiliser les coordonn\u00e9es suivantes\u00a0 : Courriel: mediarelations@ups.com<\/p>\n","protected":false},"author":4,"featured_media":0,"parent":880,"menu_order":0,"comment_status":"closed","ping_status":"closed","template":"","meta":{"footnotes":""},"class_list":["post-884","page","type-page","status-publish","hentry"],"_links":{"self":[{"href":"https:\/\/www.theupsstore1.net\/fr\/wp-json\/wp\/v2\/pages\/884","targetHints":{"allow":["GET"]}}],"collection":[{"href":"https:\/\/www.theupsstore1.net\/fr\/wp-json\/wp\/v2\/pages"}],"about":[{"href":"https:\/\/www.theupsstore1.net\/fr\/wp-json\/wp\/v2\/types\/page"}],"author":[{"embeddable":true,"href":"https:\/\/www.theupsstore1.net\/fr\/wp-json\/wp\/v2\/users\/4"}],"replies":[{"embeddable":true,"href":"https:\/\/www.theupsstore1.net\/fr\/wp-json\/wp\/v2\/comments?post=884"}],"version-history":[{"count":0,"href":"https:\/\/www.theupsstore1.net\/fr\/wp-json\/wp\/v2\/pages\/884\/revisions"}],"up":[{"embeddable":true,"href":"https:\/\/www.theupsstore1.net\/fr\/wp-json\/wp\/v2\/pages\/880"}],"wp:attachment":[{"href":"https:\/\/www.theupsstore1.net\/fr\/wp-json\/wp\/v2\/media?parent=884"}],"curies":[{"name":"wp","href":"https:\/\/api.w.org\/{rel}","templated":true}]}}