{"id":888,"date":"2013-04-24T16:53:12","date_gmt":"2013-04-24T16:53:12","guid":{"rendered":"https:\/\/www.theupsstore1.net\/?page_id=888"},"modified":"2018-05-28T15:16:07","modified_gmt":"2018-05-28T19:16:07","slug":"confidentialite","status":"publish","type":"page","link":"https:\/\/www.theupsstore1.net\/fr\/a-propos\/confidentialite\/","title":{"rendered":"Politique de confidentialit\u00e9"},"content":{"rendered":"<div class=\"wp-editor-content\"><h2><strong>Comment surveillons-nous le trafic sur nos sites Web\u00a0? <\/strong><\/h2>\n<p>Lorsque vous visitez nos sites Web, nous pouvons placer des t\u00e9moins dans le navigateur de votre ordinateur et y acc\u00e9der pour recueillir de l\u2019information. Un t\u00e9moin est un petit fichier de donn\u00e9es qui est plac\u00e9 sur votre ordinateur ou sur votre appareil mobile lorsque vous visitez un site Web. Il contient de l\u2019information qui nous permet de vous identifier \u00e0 chacune de vos visites. Nous utilisons des t\u00e9moins pour mesurer l\u2019activit\u00e9 et les habitudes d\u2019achalandage des visiteurs de nos sites\u00a0Web.<\/p>\n<p>Les t\u00e9moins exercent plusieurs fonctions. Ils nous permettent notamment d\u2019assurer une navigation conviviale d\u2019une page \u00e0 l\u2019autre, d\u2019enregistrer vos pr\u00e9f\u00e9rences et d\u2019am\u00e9liorer votre exp\u00e9rience utilisateur. Ils nous permettent \u00e9galement de vous pr\u00e9senter les publicit\u00e9s les plus susceptibles de vous int\u00e9resser. Nous pouvons faire appel \u00e0 des fournisseurs tiers et \u00e0 des r\u00e9seaux d\u2019affichage pour diffuser de la publicit\u00e9 sur nos sites Web ou pour vous pr\u00e9senter des publicit\u00e9s pertinentes \u00e0 propos de notre entreprise sur des sites appartenant \u00e0 des tiers. Ces tiers peuvent placer des t\u00e9moins dans votre navigateur et y acc\u00e9der pour recueillir de l\u2019information, notamment dans le but de vous pr\u00e9senter des publicit\u00e9s susceptibles de vous int\u00e9resser. Vous pouvez d\u00e9sactiver ces t\u00e9moins en tout temps en suivant les indications ci-apr\u00e8s.<\/p>\n<p>Nos serveurs ou des serveurs tiers recueillent de temps \u00e0 autre de l\u2019information concernant l\u2019utilisation de nos sites Web. Cette information est utilis\u00e9e pour optimiser notre site, par exemple pour am\u00e9liorer des pages ou des sections fr\u00e9quemment visit\u00e9es. Nous pouvons communiquer de temps \u00e0 autre cette information \u00e0 nos soci\u00e9t\u00e9s affili\u00e9es ou \u00e0 des tiers pour leur donner une id\u00e9e de l\u2019int\u00e9r\u00eat que suscite notre site Web \u00e0 des fins publicitaires ou pour qu\u2019ils nous aident \u00e0 planifier les am\u00e9liorations techniques que nous devons y apporter.<\/p>\n<p>Notre site Web utilise, \u00e0 des fins d\u2019analyse et de commercialisation, les donn\u00e9es g\u00e9n\u00e9r\u00e9es par vos visites sur des sites tiers comme Facebook, Google, Twitter, Instagram, Bing et LinkedIn. Nous pouvons modifier de temps \u00e0 autre les param\u00e8tres relatifs aux t\u00e9moins que nous employons. Ces t\u00e9moins recueillent des donn\u00e9es sur l\u2019utilisation du site par les visiteurs (par exemple, quelles pages les visiteurs consultent le plus souvent ou si les visiteurs re\u00e7oivent des messages d\u2019erreur provenant de ces pages). Les donn\u00e9es g\u00e9n\u00e9r\u00e9es par vos visites sur des sites tels que Google Analytics, Facebook ou autres sont recueillies par ces tiers et stock\u00e9es conform\u00e9ment \u00e0 leur politique de confidentialit\u00e9.<\/p>\n<p>Pour d\u00e9sactiver les t\u00e9moins ou pour en savoir plus au sujet des t\u00e9moins, notamment sur le type de t\u00e9moins qui ont \u00e9t\u00e9 plac\u00e9s sur votre appareil et sur la fa\u00e7on de les g\u00e9rer et de les supprimer, visitez le http:\/\/www.aboutads.info\/choices.<\/p>\n<p><strong>\u00c0 quoi servent les donn\u00e9es recueillies\u00a0?<\/strong><\/p>\n<p>Les donn\u00e9es que nous recueillons aupr\u00e8s de vous peuvent servir \u00e0\u00a0:<\/p>\n<ul>\n<li>Personnaliser votre exp\u00e9rience de navigation sur nos sites Web, des sites tiers comme Facebook, Google, Twitter ou LinkedIn ou d\u2019autres r\u00e9seaux d\u2019affichage en vous pr\u00e9sentant des publicit\u00e9s susceptibles de vous int\u00e9resser\u00a0;<\/li>\n<li>Optimiser notre site Web (nous nous effor\u00e7ons sans cesse d\u2019am\u00e9liorer notre site Web en fonction des renseignements et des commentaires de nos clients)\u00a0;<\/li>\n<li>Vous identifier en tant que client ou en tant que visiteur r\u00e9current\u00a0;<\/li>\n<li>Instaurer un mode de communication principal avec vous ;<\/li>\n<li>Vous envoyer des courriels p\u00e9riodiques comprenant des informations sur l\u2019entreprise et des mises \u00e0 jour. Si vous d\u00e9sirez vous d\u00e9sabonner de ces envois \u00e0 tout moment, vous pouvez cliquer sur \u00ab\u00a0Se d\u00e9sabonner\u00a0\u00bb dans le corps du courriel.<\/li>\n<\/ul>\n<p><strong>Comment pouvez-vous acc\u00e9der \u00e0 vos renseignements personnels\u00a0?<\/strong><\/p>\n<p>Apr\u00e8s\u00a0que\u00a0vous\u00a0nous en\u00a0aurez fait\u00a0la demande par \u00e9crit, nous mettrons \u00e0 votre disposition tout renseignement personnel vous concernant que nous aurons recueilli,\u00a0utilis\u00e9 ou communiqu\u00e9, sauf exigence contraire de la loi.\u00a0Veuillez nous accorder un d\u00e9lai de trente (30) jours pour\u00a0r\u00e9pondre\u00a0\u00e0 votre demande. Nous vous aviserons par \u00e9crit si nous ne pouvons pas r\u00e9pondre \u00e0 votre demande dans ce d\u00e9lai.<\/p>\n<\/div>","protected":false},"excerpt":{"rendered":"<p>Comment surveillons-nous le trafic sur nos sites Web\u00a0? Lorsque vous visitez nos sites Web, nous pouvons placer des t\u00e9moins dans le navigateur de votre ordinateur et y acc\u00e9der pour recueillir de l\u2019information. Un t\u00e9moin est un petit fichier de donn\u00e9es qui est plac\u00e9 sur votre ordinateur ou sur votre appareil mobile lorsque vous visitez un &hellip; <a href=\"https:\/\/www.theupsstore1.net\/fr\/a-propos\/confidentialite\/\">Continued<\/a><\/p>\n","protected":false},"author":4,"featured_media":0,"parent":880,"menu_order":0,"comment_status":"closed","ping_status":"closed","template":"","meta":{"footnotes":""},"class_list":["post-888","page","type-page","status-publish","hentry"],"_links":{"self":[{"href":"https:\/\/www.theupsstore1.net\/fr\/wp-json\/wp\/v2\/pages\/888","targetHints":{"allow":["GET"]}}],"collection":[{"href":"https:\/\/www.theupsstore1.net\/fr\/wp-json\/wp\/v2\/pages"}],"about":[{"href":"https:\/\/www.theupsstore1.net\/fr\/wp-json\/wp\/v2\/types\/page"}],"author":[{"embeddable":true,"href":"https:\/\/www.theupsstore1.net\/fr\/wp-json\/wp\/v2\/users\/4"}],"replies":[{"embeddable":true,"href":"https:\/\/www.theupsstore1.net\/fr\/wp-json\/wp\/v2\/comments?post=888"}],"version-history":[{"count":0,"href":"https:\/\/www.theupsstore1.net\/fr\/wp-json\/wp\/v2\/pages\/888\/revisions"}],"up":[{"embeddable":true,"href":"https:\/\/www.theupsstore1.net\/fr\/wp-json\/wp\/v2\/pages\/880"}],"wp:attachment":[{"href":"https:\/\/www.theupsstore1.net\/fr\/wp-json\/wp\/v2\/media?parent=888"}],"curies":[{"name":"wp","href":"https:\/\/api.w.org\/{rel}","templated":true}]}}