{"id":894,"date":"2013-04-25T01:01:25","date_gmt":"2013-04-25T01:01:25","guid":{"rendered":"https:\/\/www.theupsstore1.net\/?page_id=894"},"modified":"2013-05-13T17:20:49","modified_gmt":"2013-05-13T17:20:49","slug":"services","status":"publish","type":"page","link":"https:\/\/www.theupsstore1.net\/fr\/services\/","title":{"rendered":"Produits et Services"},"content":{"rendered":"<div class=\"wp-editor-content\"><p>&nbsp;<br \/>\nThe UPS Store compte des centaines de franchises au Canada qui offrent un large \u00e9ventail de produits et de services aux particuliers et aux PME.<\/p>\n<p>Cartes professionnelles, calendriers personnalis\u00e9s, pr\u00e9sentations commerciales, d\u00e9pliants, cartes postales ou affiches\u00a0: peu importe le type de document que vous souhaitez imprimer \u2013 en grande ou en petite quantit\u00e9, en couleur ou en noir et blanc \u2013, nous pouvons le faire pour vous !<\/p>\n<p>Besoin des services d\u2019un messager ? The UPS Store Canada\u00a0 parcourt la ville, le pays et le monde entier pour vous offrir des solutions de livraison int\u00e9rieure et internationale. C\u2019est sans compter nos services d\u2019emballage complets, nos fournitures et nos bo\u00eetes de d\u00e9m\u00e9nagement offerts en magasin !<\/p>\n<p>Que vous recherchiez des solutions de photocopie et d\u2019impression en ligne, de finition de documents, d\u2019emballage et d\u2019exp\u00e9dition ou de bo\u00eetes postales, vous trouverez tout ce qu\u2019il vous faut au centre The UPS Store le plus pr\u00e8s.<br \/>\n&nbsp;<br \/>\n\t\t<div class=\"find horizontal-widget long span-12 \">\n                    <div class=\"title\">\n                            <h2>Trouver un magasin<\/h2>\n                    <\/div>\n                    <div class=\"find-widget-content\">\n                        <span class=\"find-widget-header-text\"><i class=\"fa fa-map-marker\"><\/i>Trouver un magasin:<\/span>\n                        <span class=\"tile kit-text span-2 form-text\"><strong>Entrez votre Adresse, Ville, Province ou Code Postal:<\/strong><\/span>\n                        <span class=\"tile horizontal-search \">\n                            <span id=\"searchbox\">\n                                <form action=\"\/fr\/localisateur\/\" method=\"post\" name=\"FindLocationForm\" class=\"findLocationForm\">\n\t<input name=\"FindLocationTextBox\" type=\"text\" maxlength=\"100\"  class=\"form_box findLocationTextBox\">\n\t<input type=\"hidden\" value=\"\" name=\"lat\" class=\"findLocationLat\"\/>\n\t<input type=\"hidden\" value=\"\" name=\"lng\" class=\"findLocationLng\"\/>\n    <button type=\"submit\" name=\"FindLocationButton\" class=\"search_submit button findLocationButton\"><i class=\"fa fa-search\"><\/i><\/button>\n<\/form>                            <\/span>\n                        <\/span>\n                        <div class=\"clearfix\"><\/div>\n                        <div class=\"tile kit-text span-2\"><\/div>\n                    <\/div>\n\t\t<\/div>\n\t\t<br \/>\n&nbsp;<\/p>\n<\/div>","protected":false},"excerpt":{"rendered":"<p>&nbsp; The UPS Store compte des centaines de franchises au Canada qui offrent un large \u00e9ventail de produits et de services aux particuliers et aux PME. Cartes professionnelles, calendriers personnalis\u00e9s, pr\u00e9sentations commerciales, d\u00e9pliants, cartes postales ou affiches\u00a0: peu importe le type de document que vous souhaitez imprimer \u2013 en grande ou en petite quantit\u00e9, en &hellip; <a href=\"https:\/\/www.theupsstore1.net\/fr\/services\/\">Continued<\/a><\/p>\n","protected":false},"author":5,"featured_media":952,"parent":0,"menu_order":0,"comment_status":"closed","ping_status":"closed","template":"page-section.php","meta":{"footnotes":""},"class_list":["post-894","page","type-page","status-publish","has-post-thumbnail","hentry"],"_links":{"self":[{"href":"https:\/\/www.theupsstore1.net\/fr\/wp-json\/wp\/v2\/pages\/894","targetHints":{"allow":["GET"]}}],"collection":[{"href":"https:\/\/www.theupsstore1.net\/fr\/wp-json\/wp\/v2\/pages"}],"about":[{"href":"https:\/\/www.theupsstore1.net\/fr\/wp-json\/wp\/v2\/types\/page"}],"author":[{"embeddable":true,"href":"https:\/\/www.theupsstore1.net\/fr\/wp-json\/wp\/v2\/users\/5"}],"replies":[{"embeddable":true,"href":"https:\/\/www.theupsstore1.net\/fr\/wp-json\/wp\/v2\/comments?post=894"}],"version-history":[{"count":0,"href":"https:\/\/www.theupsstore1.net\/fr\/wp-json\/wp\/v2\/pages\/894\/revisions"}],"wp:featuredmedia":[{"embeddable":true,"href":"https:\/\/www.theupsstore1.net\/fr\/wp-json\/wp\/v2\/media\/952"}],"wp:attachment":[{"href":"https:\/\/www.theupsstore1.net\/fr\/wp-json\/wp\/v2\/media?parent=894"}],"curies":[{"name":"wp","href":"https:\/\/api.w.org\/{rel}","templated":true}]}}