{"id":897,"date":"2013-04-25T01:42:53","date_gmt":"2013-04-25T01:42:53","guid":{"rendered":"https:\/\/www.theupsstore1.net\/?page_id=897"},"modified":"2025-03-10T16:35:46","modified_gmt":"2025-03-10T20:35:46","slug":"impression-en-ligne","status":"publish","type":"page","link":"https:\/\/www.theupsstore1.net\/fr\/services\/impression\/impression-en-ligne\/","title":{"rendered":"Impression en ligne"},"content":{"rendered":"<div class=\"wp-editor-content\"><p>En un seul clic de souris, obtenez les r\u00e9sultats professionnels et les services d\u2019impression de premi\u00e8re qualit\u00e9 auxquels vous vous attendez des centres The UPS Store. Gr\u00e2ce \u00e0 nos services d\u2019impression en ligne, vous pouvez t\u00e9l\u00e9charger, personnaliser et envoyer vos documents partout et quand vous le voulez.<\/p>\n<p>Faites votre choix parmi nos solutions de reliure et de finition pour donner fi\u00e8re allure \u00e0 vos documents, puis faites-les imprimer au centre le plus pr\u00e8s de votre domicile, de votre travail ou de votre destination voyage partout au Canada. Vous pouvez aussi les faire livrer directement chez vous.<\/p>\n<p>Passez \u00e0 <a href=\"https:\/\/onlineprint.np.ds.pressero.com\" target=\"_blank\" rel=\"noopener noreferrer\">l\u2019impression en ligne<\/a> d\u00e8s aujourd\u2019hui !<\/p>\n\t\t<div class=\"find horizontal-widget long span-12 \">\n                    <div class=\"title\">\n                            <h2>Trouver un magasin<\/h2>\n                    <\/div>\n                    <div class=\"find-widget-content\">\n                        <span class=\"find-widget-header-text\"><i class=\"fa fa-map-marker\"><\/i>Trouver un magasin:<\/span>\n                        <span class=\"tile kit-text span-2 form-text\"><strong>Entrez votre Adresse, Ville, Province ou Code Postal:<\/strong><\/span>\n                        <span class=\"tile horizontal-search \">\n                            <span id=\"searchbox\">\n                                <form action=\"\/fr\/localisateur\/\" method=\"post\" name=\"FindLocationForm\" class=\"findLocationForm\">\n\t<input name=\"FindLocationTextBox\" type=\"text\" maxlength=\"100\"  class=\"form_box findLocationTextBox\">\n\t<input type=\"hidden\" value=\"\" name=\"lat\" class=\"findLocationLat\"\/>\n\t<input type=\"hidden\" value=\"\" name=\"lng\" class=\"findLocationLng\"\/>\n    <button type=\"submit\" name=\"FindLocationButton\" class=\"search_submit button findLocationButton\"><i class=\"fa fa-search\"><\/i><\/button>\n<\/form>                            <\/span>\n                        <\/span>\n                        <div class=\"clearfix\"><\/div>\n                        <div class=\"tile kit-text span-2\"><\/div>\n                    <\/div>\n\t\t<\/div>\n\t\t\n<p>Pensez \u00e0 nous pour tous vos besoins d\u2019impression en ligne :<\/p>\n<ul>\n<li>Pr\u00e9sentations<\/li>\n<li>Cartes professionnelles<\/li>\n<li>Brochures<\/li>\n<li>D\u00e9pliants<\/li>\n<li>Cartes postales<\/li>\n<li>Menus<\/li>\n<li>Et bien plus encore<\/li>\n<\/ul>\n<p>Fini le processus d\u2019impression qui exige plusieurs jours et ralentit votre travail. L\u2019impression en ligne est une autre solution pratique que les centres The UPS Store ont trouv\u00e9e pour maximiser le rendement de votre entreprise. Passez \u00e0 l<a href=\"https:\/\/onlineprint.chi.v6.pressero.com\/\">\u2019impression en ligne <\/a>d\u00e8s aujourd\u2019hui !<\/p>\n<p>&nbsp;<\/p>\n<\/div>","protected":false},"excerpt":{"rendered":"<p>En un seul clic de souris, obtenez les r\u00e9sultats professionnels et les services d\u2019impression de premi\u00e8re qualit\u00e9 auxquels vous vous attendez des centres The UPS Store. Gr\u00e2ce \u00e0 nos services d\u2019impression en ligne, vous pouvez t\u00e9l\u00e9charger, personnaliser et envoyer vos documents partout et quand vous le voulez. Faites votre choix parmi nos solutions de reliure &hellip; <a href=\"https:\/\/www.theupsstore1.net\/fr\/services\/impression\/impression-en-ligne\/\">Continued<\/a><\/p>\n","protected":false},"author":5,"featured_media":0,"parent":895,"menu_order":0,"comment_status":"closed","ping_status":"closed","template":"","meta":{"footnotes":""},"class_list":["post-897","page","type-page","status-publish","hentry"],"_links":{"self":[{"href":"https:\/\/www.theupsstore1.net\/fr\/wp-json\/wp\/v2\/pages\/897","targetHints":{"allow":["GET"]}}],"collection":[{"href":"https:\/\/www.theupsstore1.net\/fr\/wp-json\/wp\/v2\/pages"}],"about":[{"href":"https:\/\/www.theupsstore1.net\/fr\/wp-json\/wp\/v2\/types\/page"}],"author":[{"embeddable":true,"href":"https:\/\/www.theupsstore1.net\/fr\/wp-json\/wp\/v2\/users\/5"}],"replies":[{"embeddable":true,"href":"https:\/\/www.theupsstore1.net\/fr\/wp-json\/wp\/v2\/comments?post=897"}],"version-history":[{"count":1,"href":"https:\/\/www.theupsstore1.net\/fr\/wp-json\/wp\/v2\/pages\/897\/revisions"}],"predecessor-version":[{"id":81332,"href":"https:\/\/www.theupsstore1.net\/fr\/wp-json\/wp\/v2\/pages\/897\/revisions\/81332"}],"up":[{"embeddable":true,"href":"https:\/\/www.theupsstore1.net\/fr\/wp-json\/wp\/v2\/pages\/895"}],"wp:attachment":[{"href":"https:\/\/www.theupsstore1.net\/fr\/wp-json\/wp\/v2\/media?parent=897"}],"curies":[{"name":"wp","href":"https:\/\/api.w.org\/{rel}","templated":true}]}}