{"id":898,"date":"2013-04-25T01:50:23","date_gmt":"2013-04-25T01:50:23","guid":{"rendered":"https:\/\/www.theupsstore1.net\/?page_id=898"},"modified":"2025-03-10T16:35:11","modified_gmt":"2025-03-10T20:35:11","slug":"depliants-brochures","status":"publish","type":"page","link":"https:\/\/www.theupsstore1.net\/fr\/services\/impression\/depliants-brochures\/","title":{"rendered":"D\u00e9pliants et brochures"},"content":{"rendered":"<div class=\"wp-editor-content\"><p><b>Soyez \u00e0 la page<\/b><\/p>\n<p>The UPS Store<sup>\u00a0<\/sup>offre une gamme compl\u00e8te de services d\u2019impression pour un vaste \u00e9ventail de projets. Que vous souhaitiez faire imprimer d\u00e9pliants, brochures ou livrets d\u2019entreprise, nous vous aidons \u00e0 impressionner vos clients. Confiez-nous le tirage de vos d\u00e9pliants \u00e0 deux ou \u00e0 trois volets, de vos feuillets couleur, de vos livrets ou de votre infolettre. Mettez vos produits en valeur dans des d\u00e9pliants et des brochures publicitaires qui se distinguent par la qualit\u00e9 de leurs photos et illustrations.<\/p>\n<p>The UPS Store vous aide \u00e0 produire du mat\u00e9riel promotionnel d\u2019allure professionnelle pour informer vos clients de l\u2019\u00e9volution de votre entreprise.<\/p>\n<p>Visitez le centre The UPS Store le plus pr\u00e8s et planifiez votre tirage d\u00e8s aujourd\u2019hui. Pour plus de commodit\u00e9, vous pouvez aussi commander et faire imprimer vos brochures et d\u00e9pliants <a href=\"https:\/\/onlineprint.np.ds.pressero.com\">en ligne.<\/a><\/p>\n<p>La plupart des centres The UPS Store offrent l\u2019impression en ligne et certains proposent m\u00eame les services d\u2019un concepteur-graphiste sur place pour vous aider \u00e0 donner forme \u00e0 vos id\u00e9es. Communiquez avec le centre le plus pr\u00e8s pour savoir s\u2019il offre les services d\u2019impression de d\u00e9pliants, de brochures et d\u2019infolettres.<\/p>\n\t\t<div class=\"find horizontal-widget long span-12 \">\n                    <div class=\"title\">\n                            <h2>Trouver un magasin<\/h2>\n                    <\/div>\n                    <div class=\"find-widget-content\">\n                        <span class=\"find-widget-header-text\"><i class=\"fa fa-map-marker\"><\/i>Trouver un magasin:<\/span>\n                        <span class=\"tile kit-text span-2 form-text\"><strong>Entrez votre Adresse, Ville, Province ou Code Postal:<\/strong><\/span>\n                        <span class=\"tile horizontal-search \">\n                            <span id=\"searchbox\">\n                                <form action=\"\/fr\/localisateur\/\" method=\"post\" name=\"FindLocationForm\" class=\"findLocationForm\">\n\t<input name=\"FindLocationTextBox\" type=\"text\" maxlength=\"100\"  class=\"form_box findLocationTextBox\">\n\t<input type=\"hidden\" value=\"\" name=\"lat\" class=\"findLocationLat\"\/>\n\t<input type=\"hidden\" value=\"\" name=\"lng\" class=\"findLocationLng\"\/>\n    <button type=\"submit\" name=\"FindLocationButton\" class=\"search_submit button findLocationButton\"><i class=\"fa fa-search\"><\/i><\/button>\n<\/form>                            <\/span>\n                        <\/span>\n                        <div class=\"clearfix\"><\/div>\n                        <div class=\"tile kit-text span-2\"><\/div>\n                    <\/div>\n\t\t<\/div>\n\t\t\n<h2><b>Brochures<\/b><\/h2>\n<div class=\"row\">\n<div class=\"col-xs-4\"><a href=\"https:\/\/www.theupsstore1.net\/wp-content\/uploads\/\/nas\/wp\/www\/cluster-1436\/upssca\/wp-content\/uploads\/2013\/02\/Brochure.jpg\"><img decoding=\"async\" class=\"img-responsive\" src=\"https:\/\/www.theupsstore1.net\/wp-content\/uploads\/\/nas\/wp\/www\/cluster-1436\/upssca\/wp-content\/uploads\/2013\/02\/Brochure.jpg\" alt=\"Brochure\" \/><\/a><\/div>\n<div class=\"col-xs-8\">Mettez de l\u2019avant vos produits et services dans des brochures qui offrent de nombreuses possibilit\u00e9s:<\/p>\n<ul>\n<li>Impression double face<\/li>\n<li>Vari\u00e9t\u00e9 de formats<\/li>\n<li>Impression polychrome<\/li>\n<li>Pliage<\/li>\n<li>Choix de papier<\/li>\n<\/ul>\n<\/div>\n<\/div>\n<h2><b>D\u00e9pliants<\/b><\/h2>\n<div class=\"row\">\n<div class=\"col-xs-4\"><a href=\"https:\/\/www.theupsstore1.net\/wp-content\/uploads\/\/nas\/wp\/www\/cluster-1436\/upssca\/wp-content\/uploads\/2013\/02\/Poster.jpg\"><img decoding=\"async\" class=\"img-responsive\" src=\"https:\/\/www.theupsstore1.net\/wp-content\/uploads\/\/nas\/wp\/www\/cluster-1436\/upssca\/wp-content\/uploads\/2013\/02\/Poster.jpg\" alt=\"Flyer\" \/><\/a><\/div>\n<div class=\"col-xs-8\">Communiquez votre message efficacement \u00e0 l\u2019aide d\u2019un d\u00e9pliant. Plusieurs choix s\u2019offrent \u00e0 vous:<\/p>\n<ul>\n<li>Impression polychrome<\/li>\n<li>Impression noir et blanc<\/li>\n<li>Vari\u00e9t\u00e9 de formats<\/li>\n<li>Choix de papier<\/li>\n<\/ul>\n<\/div>\n<\/div>\n<h2><b>Infolettres<\/b><\/h2>\n<div class=\"row\">\n<div class=\"col-xs-4\"><a href=\"https:\/\/www.theupsstore1.net\/wp-content\/uploads\/\/nas\/wp\/www\/cluster-1436\/upssca\/wp-content\/uploads\/2013\/02\/Newsletters.jpg\"><img decoding=\"async\" class=\"img-responsive\" src=\"https:\/\/www.theupsstore1.net\/wp-content\/uploads\/\/nas\/wp\/www\/cluster-1436\/upssca\/wp-content\/uploads\/2013\/02\/Newsletters.jpg\" alt=\"Newsletters\" \/><\/a><\/div>\n<div class=\"col-xs-8\">Donnez de vos nouvelles dans une infolettre personnalis\u00e9e:<\/p>\n<ul>\n<li>Impression double face<\/li>\n<li>Impression polychrome<\/li>\n<li>Pliage<\/li>\n<li>Agrafage \u00e0 cheval<\/li>\n<\/ul>\n<\/div>\n<\/div>\n<p>Pour profiter de ces services d\u00e8s aujourd\u2019hui, communiquez directement avec le centre The UPS Store le plus pr\u00e8s pour lui faire part de vos besoins.<\/p>\n<\/div>","protected":false},"excerpt":{"rendered":"<p>Soyez \u00e0 la page The UPS Store\u00a0offre une gamme compl\u00e8te de services d\u2019impression pour un vaste \u00e9ventail de projets. Que vous souhaitiez faire imprimer d\u00e9pliants, brochures ou livrets d\u2019entreprise, nous vous aidons \u00e0 impressionner vos clients. Confiez-nous le tirage de vos d\u00e9pliants \u00e0 deux ou \u00e0 trois volets, de vos feuillets couleur, de vos livrets &hellip; <a href=\"https:\/\/www.theupsstore1.net\/fr\/services\/impression\/depliants-brochures\/\">Continued<\/a><\/p>\n","protected":false},"author":5,"featured_media":0,"parent":895,"menu_order":0,"comment_status":"closed","ping_status":"closed","template":"","meta":{"footnotes":""},"class_list":["post-898","page","type-page","status-publish","hentry"],"_links":{"self":[{"href":"https:\/\/www.theupsstore1.net\/fr\/wp-json\/wp\/v2\/pages\/898","targetHints":{"allow":["GET"]}}],"collection":[{"href":"https:\/\/www.theupsstore1.net\/fr\/wp-json\/wp\/v2\/pages"}],"about":[{"href":"https:\/\/www.theupsstore1.net\/fr\/wp-json\/wp\/v2\/types\/page"}],"author":[{"embeddable":true,"href":"https:\/\/www.theupsstore1.net\/fr\/wp-json\/wp\/v2\/users\/5"}],"replies":[{"embeddable":true,"href":"https:\/\/www.theupsstore1.net\/fr\/wp-json\/wp\/v2\/comments?post=898"}],"version-history":[{"count":1,"href":"https:\/\/www.theupsstore1.net\/fr\/wp-json\/wp\/v2\/pages\/898\/revisions"}],"predecessor-version":[{"id":81331,"href":"https:\/\/www.theupsstore1.net\/fr\/wp-json\/wp\/v2\/pages\/898\/revisions\/81331"}],"up":[{"embeddable":true,"href":"https:\/\/www.theupsstore1.net\/fr\/wp-json\/wp\/v2\/pages\/895"}],"wp:attachment":[{"href":"https:\/\/www.theupsstore1.net\/fr\/wp-json\/wp\/v2\/media?parent=898"}],"curies":[{"name":"wp","href":"https:\/\/api.w.org\/{rel}","templated":true}]}}