{"id":899,"date":"2013-04-25T01:56:12","date_gmt":"2013-04-25T01:56:12","guid":{"rendered":"https:\/\/www.theupsstore1.net\/?page_id=899"},"modified":"2024-01-22T19:17:18","modified_gmt":"2024-01-23T00:17:18","slug":"affiches-bannieres","status":"publish","type":"page","link":"https:\/\/www.theupsstore1.net\/fr\/services\/impression\/affiches-bannieres\/","title":{"rendered":"Affiches et banni\u00e8res"},"content":{"rendered":"<div class=\"wp-editor-content\"><p><b>Voyez grand<\/b><\/p>\n<p>Besoin d\u2019une affiche ou d\u2019une banni\u00e8re\u00a0? Vous pouvez compter sur The UPS Store\u00a0pour tous vos projets d\u2019impression grand format.<\/p>\n<p>Faites conna\u00eetre votre entreprise au plus grand nombre de gens possible. Que vous annonciez une ouverture, un \u00e9v\u00e9nement sp\u00e9cial, une offre, un solde ou une liquidation, The UPS Store peut vous aider \u00e0 cr\u00e9er de superbes affiches et banni\u00e8res qui communiqueront votre message avec force.<\/p>\n<p>Vous organisez un salon ou un \u00e9v\u00e9nement commercial \u00e0 l\u2019int\u00e9rieur ou en plein air\u00a0? D\u00e9ployez-y pr\u00e9sentoirs et affiches con\u00e7us sur mesure pour votre entreprise. Nous offrons le lettrage en vinyle et des banni\u00e8res de la taille la mieux adapt\u00e9e \u00e0 votre message. Nous avons m\u00eame des porte-banni\u00e8res portatifs munis d\u2019\u0153illets\u00a0! C\u2019est sans compter nos banni\u00e8res verticales enroulables, nos panneaux magn\u00e9tiques, nos drapeaux personnalis\u00e9s et nos banni\u00e8res en forme de larme.<\/p>\n<p>\u00c9gayez un mur ou une fen\u00eatre avec une affiche portant le logo et le slogan de votre entreprise. Nous pouvons imprimer vos affiches sur un vaste choix de papier et m\u00eame les laminer ou les monter sur un support.<\/p>\n<p>Certains centres The UPS Store comptent parmi leur \u00e9quipe un concepteur-graphiste qui peut vous aider \u00e0 convertir vos id\u00e9es en de magnifiques affiches et banni\u00e8res d\u2019allure professionnelle. Communiquez avec le centre le plus pr\u00e8s pour savoir s\u2019il offre les services d\u2019impression grand format et lancez l\u2019impression de vos affiches et banni\u00e8res d\u00e8s aujourd\u2019hui !<\/p>\n\t\t<div class=\"find horizontal-widget long span-12 \">\n                    <div class=\"title\">\n                            <h2>Trouver un magasin<\/h2>\n                    <\/div>\n                    <div class=\"find-widget-content\">\n                        <span class=\"find-widget-header-text\"><i class=\"fa fa-map-marker\"><\/i>Trouver un magasin:<\/span>\n                        <span class=\"tile kit-text span-2 form-text\"><strong>Entrez votre Adresse, Ville, Province ou Code Postal:<\/strong><\/span>\n                        <span class=\"tile horizontal-search \">\n                            <span id=\"searchbox\">\n                                <form action=\"\/fr\/localisateur\/\" method=\"post\" name=\"FindLocationForm\" class=\"findLocationForm\">\n\t<input name=\"FindLocationTextBox\" type=\"text\" maxlength=\"100\"  class=\"form_box findLocationTextBox\">\n\t<input type=\"hidden\" value=\"\" name=\"lat\" class=\"findLocationLat\"\/>\n\t<input type=\"hidden\" value=\"\" name=\"lng\" class=\"findLocationLng\"\/>\n    <button type=\"submit\" name=\"FindLocationButton\" class=\"search_submit button findLocationButton\"><i class=\"fa fa-search\"><\/i><\/button>\n<\/form>                            <\/span>\n                        <\/span>\n                        <div class=\"clearfix\"><\/div>\n                        <div class=\"tile kit-text span-2\"><\/div>\n                    <\/div>\n\t\t<\/div>\n\t\t\n<table border=\"0\">\n<tbody>\n<tr>\n<td>\n<h2><b>Banni\u00e8res<\/b><\/h2>\n<\/td>\n<td><\/td>\n<\/tr>\n<tr>\n<td><a href=\"https:\/\/www.theupsstore1.net\/wp-content\/uploads\/2013\/02\/Banners.jpg\"><img loading=\"lazy\" decoding=\"async\" class=\"alignnone size-full wp-image-845\" src=\"https:\/\/www.theupsstore1.net\/wp-content\/uploads\/2013\/02\/Banners.jpg\" alt=\"Banners\" width=\"213\" height=\"161\" \/><\/a><\/td>\n<td>Pour tous vos \u00e9v\u00e9nements, nous offrons les formats suivants :<\/p>\n<ul>\n<li>91 cm x 152 cm (3\u00a0pi x 5\u00a0pi)<\/li>\n<li>122 cm x 244 cm (4\u00a0pi x 8\u00a0pi)<\/li>\n<li>Dimensions sur mesure<\/li>\n<\/ul>\n<p>Nos banni\u00e8res peuvent inclure les caract\u00e9ristiques suivantes :<\/p>\n<ul>\n<li>Impression sur vinyle<\/li>\n<li>\u0152illets<\/li>\n<li>Porte-banni\u00e8res<\/li>\n<\/ul>\n<\/td>\n<\/tr>\n<\/tbody>\n<\/table>\n<h2><\/h2>\n<table border=\"0\">\n<tbody>\n<tr>\n<td>\n<h2><b>Affiches<\/b><\/h2>\n<\/td>\n<td><\/td>\n<\/tr>\n<tr>\n<td><a href=\"https:\/\/www.theupsstore1.net\/wp-content\/uploads\/2013\/02\/Poster2.jpg\"><img loading=\"lazy\" decoding=\"async\" class=\"alignnone size-full wp-image-847\" src=\"https:\/\/www.theupsstore1.net\/wp-content\/uploads\/2013\/02\/Poster2.jpg\" alt=\"Poster\" width=\"213\" height=\"161\" \/><\/a><\/td>\n<td>Mettez-en plein la vue avec vos affiches :<\/p>\n<ul>\n<li>Choix de papier<\/li>\n<li>61 cm x 91\u00a0cm (24\u00a0po x 36\u00a0po)<\/li>\n<li>91\u00a0cm x 122\u00a0cm (36\u00a0po x 48\u00a0po)<\/li>\n<li>Dimensions sur mesure<\/li>\n<li>Montage sur support<\/li>\n<li>Laminage<\/li>\n<li>Impression sur structure en mousse<\/li>\n<\/ul>\n<\/td>\n<\/tr>\n<\/tbody>\n<\/table>\n<p>&nbsp;<\/p>\n<p>Pour profiter de ces services d\u00e8s aujourd\u2019hui, communiquez directement avec le centre The UPS Store le plus pr\u00e8s pour lui faire part de vos besoins.<\/p>\n<\/div>","protected":false},"excerpt":{"rendered":"<p>Voyez grand Besoin d\u2019une affiche ou d\u2019une banni\u00e8re\u00a0? Vous pouvez compter sur The UPS Store\u00a0pour tous vos projets d\u2019impression grand format. Faites conna\u00eetre votre entreprise au plus grand nombre de gens possible. Que vous annonciez une ouverture, un \u00e9v\u00e9nement sp\u00e9cial, une offre, un solde ou une liquidation, The UPS Store peut vous aider \u00e0 cr\u00e9er &hellip; <a href=\"https:\/\/www.theupsstore1.net\/fr\/services\/impression\/affiches-bannieres\/\">Continued<\/a><\/p>\n","protected":false},"author":5,"featured_media":0,"parent":895,"menu_order":0,"comment_status":"closed","ping_status":"closed","template":"","meta":{"footnotes":""},"class_list":["post-899","page","type-page","status-publish","hentry"],"_links":{"self":[{"href":"https:\/\/www.theupsstore1.net\/fr\/wp-json\/wp\/v2\/pages\/899","targetHints":{"allow":["GET"]}}],"collection":[{"href":"https:\/\/www.theupsstore1.net\/fr\/wp-json\/wp\/v2\/pages"}],"about":[{"href":"https:\/\/www.theupsstore1.net\/fr\/wp-json\/wp\/v2\/types\/page"}],"author":[{"embeddable":true,"href":"https:\/\/www.theupsstore1.net\/fr\/wp-json\/wp\/v2\/users\/5"}],"replies":[{"embeddable":true,"href":"https:\/\/www.theupsstore1.net\/fr\/wp-json\/wp\/v2\/comments?post=899"}],"version-history":[{"count":0,"href":"https:\/\/www.theupsstore1.net\/fr\/wp-json\/wp\/v2\/pages\/899\/revisions"}],"up":[{"embeddable":true,"href":"https:\/\/www.theupsstore1.net\/fr\/wp-json\/wp\/v2\/pages\/895"}],"wp:attachment":[{"href":"https:\/\/www.theupsstore1.net\/fr\/wp-json\/wp\/v2\/media?parent=899"}],"curies":[{"name":"wp","href":"https:\/\/api.w.org\/{rel}","templated":true}]}}