{"id":904,"date":"2013-04-25T15:36:41","date_gmt":"2013-04-25T15:36:41","guid":{"rendered":"https:\/\/www.theupsstore1.net\/?page_id=904"},"modified":"2020-03-11T13:01:25","modified_gmt":"2020-03-11T17:01:25","slug":"principaux-marches","status":"publish","type":"page","link":"https:\/\/www.theupsstore1.net\/fr\/franchisage\/principaux-marches\/","title":{"rendered":"Principaux march\u00e9s"},"content":{"rendered":"<div class=\"wp-editor-content\"><h2>Votre r\u00eave d\u2019avoir votre propre entreprise pourrait \u00eatre plus proche que vous ne l\u2019imaginez!<\/h2>\n<p>The UPS Store propose des occasions de franchises aux candidats admissibles partout au Canada.<\/p>\n<p><strong>Certains de nos march\u00e9s sont d\u00e9j\u00e0 pr\u00eats \u00e0 vous accueillir.<\/strong><\/p>\n<p>Si la r\u00e9gion qui vous int\u00e9resse ne figure pas dans la liste suivante, ne vous inqui\u00e9tez pas. Nous avons rep\u00e9r\u00e9 les march\u00e9s et territoires qui offrent des d\u00e9bouch\u00e9s partout au pays.<\/p>\n<table class=\"alignright\" style=\"width: 100%;\" border=\"0\">\n<tbody>\n<tr>\n<td style=\"width: 20%;\"><a href=\"#ON\"><strong>l&rsquo;Ontario<\/strong><\/a><\/td>\n<td style=\"width: 20%;\"><a href=\"#QC\"><strong>le Qu\u00e9bec<\/strong><\/a><\/td>\n<td style=\"width: 20%;\"><a href=\"#BC\"><strong>la Colombie-Britannique<\/strong><\/a><\/td>\n<td style=\"width: 20%;\"><a href=\"#AB\"><strong>l&rsquo;Alberta<\/strong><\/a><\/td>\n<td style=\"width: 20%;\"><a href=\"#PEI\"><strong>l&rsquo;\u00cele-du-Prince-\u00c9douard<\/strong><\/a><\/td>\n<\/tr>\n<tr>\n<td style=\"width: 20%;\"><a href=\"#NL\"><strong>Terre-Neuve-et-Labrador<\/strong><\/a><\/td>\n<td style=\"width: 20%;\"><a href=\"#NB\"><strong>le Nouveau-Brunswick<\/strong><\/a><\/td>\n<td style=\"width: 20%;\"><a href=\"#MS\"><strong>le Manitoba<\/strong><\/a><\/td>\n<td style=\"width: 20%;\"><a href=\"#SK\"><strong>la Saskatchewan<\/strong><\/a><\/td>\n<\/tr>\n<\/tbody>\n<\/table>\n<p>&nbsp;<\/p>\n<table class=\"table\" style=\"width: 100%;\" border=\"0\">\n<thead>\n<tr>\n<th id=\"ON\" style=\"text-align: left;\" colspan=\"5\">\n<h3>Ontario<\/h3>\n<\/th>\n<\/tr>\n<\/thead>\n<tbody>\n<tr>\n<td><span style=\"text-decoration: underline;\"><strong>GTA &amp; Surrounding Area<\/strong><\/span><\/td>\n<td><span style=\"text-decoration: underline;\"><strong>Eastern Ontario<\/strong><\/span><\/td>\n<td><span style=\"text-decoration: underline;\"><strong>Southwest Ontario<\/strong><\/span><\/td>\n<td><span style=\"text-decoration: underline;\"><strong>Southern Ontario<\/strong><\/span><\/td>\n<td><span style=\"text-decoration: underline;\"><strong>Northern Ontario<\/strong><\/span><\/td>\n<\/tr>\n<tr>\n<td>Toronto, Downtown<\/td>\n<td>Lindsay<\/td>\n<td>Windsor<\/td>\n<td>St Catharines<\/td>\n<td>Alliston<\/td>\n<td><\/td>\n<\/tr>\n<tr>\n<td>Toronto West<\/td>\n<td>Westboro<\/td>\n<td>London<\/td>\n<td>Hamilton<\/td>\n<td>Keswick<\/td>\n<\/tr>\n<tr>\n<td>Etobicoke<\/td>\n<td>Ottawa East<\/td>\n<td><\/td>\n<td>Dundas<\/td>\n<td>Thunder Bay<\/td>\n<\/tr>\n<tr>\n<td>Brampton<\/td>\n<td>Stittsville<\/td>\n<td><\/td>\n<td><\/td>\n<td>Kenora<\/td>\n<\/tr>\n<tr>\n<td>Mississauga South<\/td>\n<td>Casselman<\/td>\n<td><\/td>\n<\/tr>\n<tr>\n<td>Burlington<\/td>\n<td><\/td>\n<\/tr>\n<\/tbody>\n<\/table>\n<div class=\"table-responsive\">\n<table class=\"table\" style=\"width: 100%;\" border=\"0\">\n<thead>\n<tr align=\"left\">\n<th id=\"QC\" colspan=\"5\">\n<h3>Quebec<\/h3>\n<\/th>\n<\/tr>\n<\/thead>\n<tbody>\n<tr>\n<td>Quebec City<\/td>\n<td><\/td>\n<td><\/td>\n<td><\/td>\n<td><\/td>\n<\/tr>\n<tr>\n<td>Drummondville<\/td>\n<td><\/td>\n<td><\/td>\n<td><\/td>\n<td><\/td>\n<\/tr>\n<tr>\n<td>Victoriaville<\/td>\n<td><\/td>\n<td><\/td>\n<td><\/td>\n<td><\/td>\n<\/tr>\n<tr>\n<td>Trois-Rivieres<\/td>\n<td><\/td>\n<td><\/td>\n<td><\/td>\n<td><\/td>\n<\/tr>\n<tr>\n<td>Saint-Jerome<\/td>\n<td><\/td>\n<td><\/td>\n<td><\/td>\n<td><\/td>\n<\/tr>\n<tr>\n<td>Mascouche<\/td>\n<td><\/td>\n<td><\/td>\n<td><\/td>\n<td><\/td>\n<\/tr>\n<\/tbody>\n<\/table>\n<\/div>\n<div class=\"table-responsive\">\n<table class=\"table\" style=\"width: 100%;\" border=\"0\">\n<thead>\n<tr>\n<th id=\"BC\" style=\"text-align: left;\" colspan=\"5\">\n<h3>British Columbia<\/h3>\n<\/th>\n<\/tr>\n<\/thead>\n<tbody>\n<tr>\n<td>Vancouver<\/td>\n<\/tr>\n<tr>\n<td>Burnaby<\/td>\n<\/tr>\n<tr>\n<td>Coquitlam<\/td>\n<\/tr>\n<tr>\n<td>Abbotsford<\/td>\n<\/tr>\n<tr>\n<td>Victoria<\/td>\n<\/tr>\n<\/tbody>\n<\/table>\n<\/div>\n<div class=\"table-responsive\">\n<table class=\"table\" style=\"width: 100%;\" border=\"0\">\n<thead>\n<tr>\n<th id=\"AB\" style=\"text-align: left;\" colspan=\"5\">\n<h3>Alberta<\/h3>\n<\/th>\n<\/tr>\n<\/thead>\n<tbody>\n<tr>\n<td>Edmonton<\/td>\n<\/tr>\n<tr>\n<td>Red Deer<\/td>\n<\/tr>\n<tr>\n<td>Calgary<\/td>\n<\/tr>\n<\/tbody>\n<\/table>\n<\/div>\n<div class=\"table-responsive\">\n<table class=\"table\" style=\"width: 100%;\" border=\"0\">\n<thead>\n<tr>\n<th id=\"PEI\" style=\"text-align: left;\" colspan=\"5\">\n<h3>Prince Edward Island<\/h3>\n<\/th>\n<\/tr>\n<\/thead>\n<tbody>\n<tr>\n<td style=\"width: 20%;\">Charlottetown<\/td>\n<\/tr>\n<\/tbody>\n<\/table>\n<\/div>\n<div class=\"table-responsive\">\n<table class=\"table\" style=\"width: 100%;\" border=\"0\">\n<thead>\n<tr>\n<th id=\"NL\" style=\"text-align: left;\" colspan=\"5\">\n<h3>Newfoundland &amp; Labrador<\/h3>\n<\/th>\n<\/tr>\n<\/thead>\n<tbody>\n<tr>\n<td style=\"width: 33%;\">Gander<\/td>\n<\/tr>\n<tr>\n<td style=\"width: 33%;\">Corner Brook<\/td>\n<\/tr>\n<tr>\n<td style=\"width: 33%;\">Conception Bay South<\/td>\n<\/tr>\n<\/tbody>\n<\/table>\n<\/div>\n<div class=\"table-responsive\">\n<table class=\"table\" style=\"width: 100%;\" border=\"0\">\n<thead>\n<tr>\n<th id=\"NB\" style=\"text-align: left;\" colspan=\"5\">\n<h3>New Brunswick<\/h3>\n<\/th>\n<\/tr>\n<\/thead>\n<tbody>\n<tr>\n<td>Oromocto<\/td>\n<\/tr>\n<tr>\n<td>Sussex<\/td>\n<\/tr>\n<\/tbody>\n<\/table>\n<\/div>\n<div class=\"table-responsive\">\n<table class=\"table\" style=\"width: 100%;\" border=\"0\">\n<thead>\n<tr>\n<th id=\"MS\" style=\"text-align: left;\" colspan=\"5\">\n<h3>Manitoba<\/h3>\n<\/th>\n<\/tr>\n<\/thead>\n<tbody>\n<tr>\n<td style=\"width: 20%;\">Winnipeg<\/td>\n<\/tr>\n<tr>\n<td>Thompson<\/td>\n<td><\/td>\n<td><\/td>\n<td><\/td>\n<td><\/td>\n<\/tr>\n<tr>\n<td>Selkirk<\/td>\n<td><\/td>\n<td><\/td>\n<td><\/td>\n<td><\/td>\n<\/tr>\n<tr>\n<td>Portage La Prairie<\/td>\n<td><\/td>\n<td><\/td>\n<td><\/td>\n<td><\/td>\n<\/tr>\n<tr>\n<td>Brandon<\/td>\n<td><\/td>\n<td><\/td>\n<td><\/td>\n<td><\/td>\n<\/tr>\n<\/tbody>\n<\/table>\n<\/div>\n<div class=\"table-responsive\">\n<table class=\"table\" style=\"width: 100%;\" border=\"0\">\n<thead>\n<tr align=\"left\">\n<th id=\"SK\" colspan=\"5\">\n<h3>Saskatchewan<\/h3>\n<\/th>\n<\/tr>\n<\/thead>\n<tbody>\n<tr>\n<td>Regina<\/td>\n<td><\/td>\n<td><\/td>\n<td><\/td>\n<td><\/td>\n<\/tr>\n<tr>\n<td>Saskatoon<\/td>\n<td><\/td>\n<td><\/td>\n<td><\/td>\n<td><\/td>\n<\/tr>\n<tr>\n<td>Prince Albert<\/td>\n<td><\/td>\n<td><\/td>\n<td><\/td>\n<td><\/td>\n<\/tr>\n<tr>\n<td>Moose Jaw<\/td>\n<td><\/td>\n<td><\/td>\n<td><\/td>\n<td><\/td>\n<\/tr>\n<tr>\n<td>Estevan<\/td>\n<td><\/td>\n<td><\/td>\n<td><\/td>\n<td><\/td>\n<\/tr>\n<tr>\n<td>Lloydminster<\/td>\n<td><\/td>\n<td><\/td>\n<td><\/td>\n<td><\/td>\n<\/tr>\n<tr>\n<td>North Battleford<\/td>\n<td><\/td>\n<td><\/td>\n<td><\/td>\n<td><\/td>\n<\/tr>\n<tr>\n<td>Yorkton<\/td>\n<td><\/td>\n<td><\/td>\n<td><\/td>\n<td><\/td>\n<\/tr>\n<\/tbody>\n<\/table>\n<\/div>\n<p>&nbsp;<\/p>\n<h3>Voici comment faire\u00a0:<\/h3>\n<ul>\n<li>Remplissez <a href=\"https:\/\/www.theupsstore1.net\/fr\/franchisage\/demande-en-ligne\/\">le formulaire de demande confidentielle de franchise<\/a>.<\/li>\n<li>Adressez-vous \u00e0 un repr\u00e9sentant de notre \u00e9quipe de franchisage pour discuter des occasions qui s\u2019offrent \u00e0 vous dans la r\u00e9gion qui vous int\u00e9resse\u00a0:<\/li>\n<\/ul>\n<p>Num\u00e9ro sans frais : 1-800 661 6232 ext. 246<br \/>\nDu lundi au vendredi, de 9\u00a0h\u00a0\u00e0\u00a017\u00a0h (HNE)<i>\u00a0<\/i><\/p>\n<p><i>L\u2019information contenue sur ce site ne constitue pas une offre de franchisage. Toute offre de vente sera subs\u00e9quente \u00e0 la pr\u00e9sentation d\u2019un document d\u2019information sur le franchisage.<\/i><\/p>\n<p><a href=\"https:\/\/www.theupsstore1.net\/wp-content\/uploads\/2020\/03\/ACF_Member_logo.jpg\"><img loading=\"lazy\" decoding=\"async\" class=\"alignnone  wp-image-38604\" src=\"https:\/\/www.theupsstore1.net\/wp-content\/uploads\/2020\/03\/ACF_Member_logo-300x180.jpg\" alt=\"\" width=\"190\" height=\"114\" srcset=\"https:\/\/www.theupsstore1.net\/wp-content\/uploads\/2020\/03\/ACF_Member_logo-300x180.jpg 300w, https:\/\/www.theupsstore.ca\/wp-content\/uploads\/2020\/03\/ACF_Member_logo-768x461.jpg 768w, https:\/\/www.theupsstore.ca\/wp-content\/uploads\/2020\/03\/ACF_Member_logo-770x462.jpg 770w, https:\/\/www.theupsstore.ca\/wp-content\/uploads\/2020\/03\/ACF_Member_logo.jpg 1000w\" sizes=\"auto, (max-width: 190px) 100vw, 190px\" \/><\/a><\/p>\n<\/div>","protected":false},"excerpt":{"rendered":"<p>Votre r\u00eave d\u2019avoir votre propre entreprise pourrait \u00eatre plus proche que vous ne l\u2019imaginez! The UPS Store propose des occasions de franchises aux candidats admissibles partout au Canada. Certains de nos march\u00e9s sont d\u00e9j\u00e0 pr\u00eats \u00e0 vous accueillir. Si la r\u00e9gion qui vous int\u00e9resse ne figure pas dans la liste suivante, ne vous inqui\u00e9tez pas. &hellip; <a href=\"https:\/\/www.theupsstore1.net\/fr\/franchisage\/principaux-marches\/\">Continued<\/a><\/p>\n","protected":false},"author":4,"featured_media":0,"parent":902,"menu_order":0,"comment_status":"closed","ping_status":"closed","template":"template-franchising.php","meta":{"footnotes":""},"class_list":["post-904","page","type-page","status-publish","hentry"],"_links":{"self":[{"href":"https:\/\/www.theupsstore1.net\/fr\/wp-json\/wp\/v2\/pages\/904","targetHints":{"allow":["GET"]}}],"collection":[{"href":"https:\/\/www.theupsstore1.net\/fr\/wp-json\/wp\/v2\/pages"}],"about":[{"href":"https:\/\/www.theupsstore1.net\/fr\/wp-json\/wp\/v2\/types\/page"}],"author":[{"embeddable":true,"href":"https:\/\/www.theupsstore1.net\/fr\/wp-json\/wp\/v2\/users\/4"}],"replies":[{"embeddable":true,"href":"https:\/\/www.theupsstore1.net\/fr\/wp-json\/wp\/v2\/comments?post=904"}],"version-history":[{"count":0,"href":"https:\/\/www.theupsstore1.net\/fr\/wp-json\/wp\/v2\/pages\/904\/revisions"}],"up":[{"embeddable":true,"href":"https:\/\/www.theupsstore1.net\/fr\/wp-json\/wp\/v2\/pages\/902"}],"wp:attachment":[{"href":"https:\/\/www.theupsstore1.net\/fr\/wp-json\/wp\/v2\/media?parent=904"}],"curies":[{"name":"wp","href":"https:\/\/api.w.org\/{rel}","templated":true}]}}