{"id":907,"date":"2013-04-25T15:44:01","date_gmt":"2013-04-25T15:44:01","guid":{"rendered":"https:\/\/www.theupsstore1.net\/?page_id=907"},"modified":"2020-03-11T13:03:03","modified_gmt":"2020-03-11T17:03:03","slug":"evenements","status":"publish","type":"page","link":"https:\/\/www.theupsstore1.net\/fr\/franchisage\/evenements\/","title":{"rendered":"Evenements de Franchisage"},"content":{"rendered":"<div class=\"wp-editor-content\"><h2>\u00c9v\u00e9nements en direct<\/h2>\n<p>Nous organisons r\u00e9guli\u00e8rement des \u00e9v\u00e9nements de franchisage dans de nombreuses villes canadiennes pour vous permettre d\u2019\u00e9changer en personne avec un repr\u00e9sentant de l\u2019\u00e9quipe The UPS Store. Soyez des n\u00f4tres pour en savoir plus sur les occasions de franchises qui s\u2019offrent \u00e0 vous dans votre r\u00e9gion. <a title=\"S\u00e9minaires sur le franchisage\" href=\"https:\/\/www.theupsstore1.net\/franchisage\/evenements\/seminaires\">Voir le calendrier de nos \u00e9v\u00e9nements en direct<\/a>.<\/p>\n<h3>Webinaires<\/h3>\n<p>Nos webinaires sont une pr\u00e9cieuse mine d\u2019information accessible depuis votre bureau sur les occasions de franchises offertes par The UPS Store. Ils durent environ une heure, p\u00e9riode de questions-r\u00e9ponses comprise. Voir le calendrier complet de nos webinaires.<\/p>\n<p><em>L\u2019information contenue sur ce site ne constitue pas une offre de franchisage. Toute offre de vente sera subs\u00e9quente \u00e0 la pr\u00e9sentation d\u2019un document d\u2019information sur le franchisage.<\/em><\/p>\n<p><a href=\"https:\/\/www.theupsstore1.net\/wp-content\/uploads\/2020\/03\/ACF_Member_logo.jpg\"><img loading=\"lazy\" decoding=\"async\" class=\"alignnone  wp-image-38604\" src=\"https:\/\/www.theupsstore1.net\/wp-content\/uploads\/2020\/03\/ACF_Member_logo-300x180.jpg\" alt=\"\" width=\"213\" height=\"128\" srcset=\"https:\/\/www.theupsstore1.net\/wp-content\/uploads\/2020\/03\/ACF_Member_logo-300x180.jpg 300w, https:\/\/www.theupsstore.ca\/wp-content\/uploads\/2020\/03\/ACF_Member_logo-768x461.jpg 768w, https:\/\/www.theupsstore.ca\/wp-content\/uploads\/2020\/03\/ACF_Member_logo-770x462.jpg 770w, https:\/\/www.theupsstore.ca\/wp-content\/uploads\/2020\/03\/ACF_Member_logo.jpg 1000w\" sizes=\"auto, (max-width: 213px) 100vw, 213px\" \/><\/a><\/p>\n<h3 id=\"questions-courantes-sur-le-franchisage-title\" >Questions courantes sur le franchisage<\/h3><ul id=\"questions-courantes-sur-le-franchisage\" class=\"accordion\"><\/p>\n<p><li><h3 class=\"faq-question\"><span class=\"faq-toggle\"><i class=\"fa fa-plus\"><\/i><\/span><span class=\"faq-question-text\">Qu\u2019est-ce que le franchisage ?<\/span><\/h3><span class=\"faq-answer\"><p>\nLe franchisage vous permet de b\u00e9n\u00e9ficier des avantages de poss\u00e9der votre propre entreprise, tout en profitant du soutien d\u2019une marque reconnue et d\u2019une m\u00e9thode \u00e9prouv\u00e9e de faire des affaires. The UPS Store vous permet de devenir votre propre patron et de tirer profit de notre banni\u00e8re, de notre formation et de nos syst\u00e8mes. Vous trouverez des\u00a0<a href=\"https:\/\/www.theupsstore1.net\/franchisage\/occasions\">occasions de franchises<\/a>\u00a0The UPS Store partout au pays.<\/p>\n<p>Notre r\u00e9seau compte plus de 40 ann\u00e9es d\u2019exp\u00e9rience comme franchiseur, dont plus de 30 au Canada. Au fil des ans, nous avons appris ce qui fonctionne, et vous pouvez b\u00e9n\u00e9ficier de ce savoir. The UPS Store fournira une formation compl\u00e8te et du soutien pour vous aider \u00e0 g\u00e9rer et \u00e0 faire cro\u00eetre votre entreprise d\u00e8s le d\u00e9part.<\/p>\n<p><em>L\u2019information contenue dans la pr\u00e9sente FAQ ne constitue pas une offre de franchisage. Toute offre de vente sera subs\u00e9quente \u00e0 la pr\u00e9sentation d\u2019un document d\u2019information sur le franchisage.<\/em><br \/>\n<\/p><\/span><\/li><\/p>\n<p><li><h3 class=\"faq-question\"><span class=\"faq-toggle\"><i class=\"fa fa-plus\"><\/i><\/span><span class=\"faq-question-text\">Quelles sont les exigences financi\u00e8res pour acheter une franchise ?<\/span><\/h3><span class=\"faq-answer\"><p>\nLes franchis\u00e9s doivent satisfaire aux exigences financi\u00e8res des centres The UPS Store et \u00eatre en mesure de rentabiliser leur investissement, de se constituer un fonds de roulement et d\u2019assumer leurs frais de subsistance personnels pendant la p\u00e9riode de d\u00e9marrage.<\/p>\n<p>Les frais initiaux peuvent varier de 174 000 $ \u00e0 198 500 $ selon la taille et l\u2019emplacement de votre nouveau centre The UPS Store. Nous demandons aux franchis\u00e9s potentiels d\u2019avoir des liquidit\u00e9s d\u2019une valeur d\u2019au moins 80 000 $ \u00e0 100 000 $*, sous forme d\u2019argent comptant et d\u2019actions, d\u2019obligations, de fonds communs de placement, de comptes d\u2019\u00e9pargne retraite ou de toute autre source qui n\u2019est pas un pr\u00eat. Un cofranchis\u00e9 peut \u00e9galement aider \u00e0 satisfaire aux exigences financi\u00e8res.<\/p>\n<p><em id=\"__mceDel\">L\u2019information contenue dans la pr\u00e9sente FAQ ne constitue pas une offre de franchisage. Toute offre de vente sera subs\u00e9quente \u00e0 la pr\u00e9sentation d\u2019un document d\u2019information sur le franchisage.<\/em><\/p>\n<p>*Satisfaire \u00e0 ces exigences ne garantit pas l\u2019octroi d\u2019une franchise.<br \/>\n<\/p><\/span><\/li><\/p>\n<p><li><h3 class=\"faq-question\"><span class=\"faq-toggle\"><i class=\"fa fa-plus\"><\/i><\/span><span class=\"faq-question-text\">Combien puis-je m\u2019attendre \u00e0 gagner en tant que franchis\u00e9 The UPS Store ?<\/span><\/h3><span class=\"faq-answer\"><p><\/p>\n<p>Notre document d\u2019information sur le franchisage vous en apprendra davantage sur les aspects financiers d\u2019une franchise The UPS Store.<\/p>\n<p>Nous vous donnons \u00e9galement l\u2019occasion de parler \u00e0 nos franchis\u00e9s. D\u00e9couvrez leur exp\u00e9rience afin de mieux comprendre le potentiel d\u2019affaires de notre franchise.<\/p>\n<p><em>L\u2019information contenue dans la pr\u00e9sente FAQ ne constitue pas une offre de franchisage. Toute offre de vente sera subs\u00e9quente \u00e0 la pr\u00e9sentation d\u2019un document d\u2019information sur le franchisage.<\/em><br \/>\n<\/p><\/span><\/li><\/p>\n<p><li><h3 class=\"faq-question\"><span class=\"faq-toggle\"><i class=\"fa fa-plus\"><\/i><\/span><span class=\"faq-question-text\">Offrez-vous de l\u2019aide financi\u00e8re ?<\/span><\/h3><span class=\"faq-answer\"><p>\nThe UPS Store vous ouvre les portes d\u2019institutions financi\u00e8res qui nous connaissent et qui ont confiance en nous. En tant que marque bien \u00e9tablie comptant au-del\u00e0 de 350 centres et plus de 30 ans d\u2019exp\u00e9rience comme franchiseur au Canada, nous avons b\u00e2ti des relations avec plusieurs institutions qui sont pr\u00eates \u00e0 vous aider.<\/p>\n<p><em>L\u2019information contenue dans la pr\u00e9sente FAQ ne constitue pas une offre de franchisage. Toute offre de vente sera subs\u00e9quente \u00e0 la pr\u00e9sentation d\u2019un document d\u2019information sur le franchisage.<\/em><br \/>\n<\/p><\/span><\/li><\/p>\n<p><li><h3 class=\"faq-question\"><span class=\"faq-toggle\"><i class=\"fa fa-plus\"><\/i><\/span><span class=\"faq-question-text\">Comment puis-je postuler un emploi \u00e0 UPS ou \u00e0 un centre The UPS Store ?<\/span><\/h3><span class=\"faq-answer\"><p>\nVisitez la section \u00ab Carri\u00e8res \u00bb du site UPS.ca pour d\u00e9couvrir les possibilit\u00e9s d\u2019emploi.<\/p>\n<p>Pour postuler un emploi \u00e0 un centre The UPS Store en particulier, communiquez avec\u00a0<a href=\"https:\/\/www.theupsstore1.net\/fr\/localisateur\/\">le centre directement<\/a>. Utilisez notre localisateur pour trouver le centre le plus pr\u00e8s.<\/p>\n<p><em>L\u2019information contenue dans la pr\u00e9sente FAQ ne constitue pas une offre de franchisage. Toute offre de vente sera subs\u00e9quente \u00e0 la pr\u00e9sentation d\u2019un document d\u2019information sur le franchisage.<\/em><br \/>\n<\/p><\/span><\/li><\/p>\n<p><li><h3 class=\"faq-question\"><span class=\"faq-toggle\"><i class=\"fa fa-plus\"><\/i><\/span><span class=\"faq-question-text\">O\u00f9 mon centre sera-t-il situ\u00e9 ?<\/span><\/h3><span class=\"faq-answer\"><p>\nVous trouverez des occasions de franchises The UPS Store aux quatre coins du Canada. Nous vous aiderons \u00e0 rep\u00e9rer et \u00e0 choisir un emplacement dans la r\u00e9gion qui vous int\u00e9resse.<\/p>\n<p>Chaque franchise The UPS Store a pignon sur rue dans un territoire prot\u00e9g\u00e9. Un autre centre The UPS Store traditionnel ne peut donc pas s\u2019\u00e9tablir dans les environs.<\/p>\n<p><em>L\u2019information contenue dans la pr\u00e9sente FAQ ne constitue pas une offre de franchisage. Toute offre de vente sera subs\u00e9quente \u00e0 la pr\u00e9sentation d\u2019un document d\u2019information sur le franchisage.<\/em><br \/>\n<\/p><\/span><\/li><\/p>\n<p><li><h3 class=\"faq-question\"><span class=\"faq-toggle\"><i class=\"fa fa-plus\"><\/i><\/span><span class=\"faq-question-text\">Puis-je d\u00e9tenir plus d\u2019un centre The UPS Store ?<\/span><\/h3><span class=\"faq-answer\"><p>\nOui. Les franchis\u00e9s The UPS Store admissibles peuvent profiter de redevances de franchise r\u00e9duites et d\u2019une formation sp\u00e9cialis\u00e9e pour les aider \u00e0 ouvrir et \u00e0 faire cro\u00eetre d\u2019autres centres.<\/p>\n<p><em>L\u2019information contenue dans la pr\u00e9sente FAQ ne constitue pas une offre de franchisage. Toute offre de vente sera subs\u00e9quente \u00e0 la pr\u00e9sentation d\u2019un document d\u2019information sur le franchisage.<\/em><br \/>\n<\/p><\/span><\/li><\/p>\n<p><\/ul>\n<p><a href=\"https:\/\/www.theupsstore1.net\/fr\/service-a-la-clientele\/faq\/#questions-courantes-sur-le-franchisage-title\">Voir toutes les questions courantes\u00a0sur le franchisage<\/a><\/p>\n<\/div>","protected":false},"excerpt":{"rendered":"<p>\u00c9v\u00e9nements en direct Nous organisons r\u00e9guli\u00e8rement des \u00e9v\u00e9nements de franchisage dans de nombreuses villes canadiennes pour vous permettre d\u2019\u00e9changer en personne avec un repr\u00e9sentant de l\u2019\u00e9quipe The UPS Store. Soyez des n\u00f4tres pour en savoir plus sur les occasions de franchises qui s\u2019offrent \u00e0 vous dans votre r\u00e9gion. Voir le calendrier de nos \u00e9v\u00e9nements en &hellip; <a href=\"https:\/\/www.theupsstore1.net\/fr\/franchisage\/evenements\/\">Continued<\/a><\/p>\n","protected":false},"author":4,"featured_media":0,"parent":902,"menu_order":0,"comment_status":"closed","ping_status":"closed","template":"template-franchising.php","meta":{"footnotes":""},"class_list":["post-907","page","type-page","status-publish","hentry"],"_links":{"self":[{"href":"https:\/\/www.theupsstore1.net\/fr\/wp-json\/wp\/v2\/pages\/907","targetHints":{"allow":["GET"]}}],"collection":[{"href":"https:\/\/www.theupsstore1.net\/fr\/wp-json\/wp\/v2\/pages"}],"about":[{"href":"https:\/\/www.theupsstore1.net\/fr\/wp-json\/wp\/v2\/types\/page"}],"author":[{"embeddable":true,"href":"https:\/\/www.theupsstore1.net\/fr\/wp-json\/wp\/v2\/users\/4"}],"replies":[{"embeddable":true,"href":"https:\/\/www.theupsstore1.net\/fr\/wp-json\/wp\/v2\/comments?post=907"}],"version-history":[{"count":0,"href":"https:\/\/www.theupsstore1.net\/fr\/wp-json\/wp\/v2\/pages\/907\/revisions"}],"up":[{"embeddable":true,"href":"https:\/\/www.theupsstore1.net\/fr\/wp-json\/wp\/v2\/pages\/902"}],"wp:attachment":[{"href":"https:\/\/www.theupsstore1.net\/fr\/wp-json\/wp\/v2\/media?parent=907"}],"curies":[{"name":"wp","href":"https:\/\/api.w.org\/{rel}","templated":true}]}}