{"id":913,"date":"2013-04-25T16:04:17","date_gmt":"2013-04-25T16:04:17","guid":{"rendered":"https:\/\/www.theupsstore1.net\/?page_id=913"},"modified":"2020-03-11T13:04:53","modified_gmt":"2020-03-11T17:04:53","slug":"emplacements-franchises","status":"publish","type":"page","link":"https:\/\/www.theupsstore1.net\/fr\/franchisage\/emplacements-franchises\/","title":{"rendered":"Propositions d\u2019emplacements"},"content":{"rendered":"<div class=\"wp-editor-content\"><h2>Nouveaux centres recherch\u00e9s<\/h2>\n<p>Avec plus de 350 centres The UPS Store au Canada, notre r\u00e9seau est le num\u00e9ro un de l\u2019industrie. The UPS Store est la plus importante cha\u00eene de centres d\u2019impression et de photocopie au Canada et le plus grand r\u00e9seau franchis\u00e9 de centres de services d\u2019affaires au pays. Fond\u00e9 en 1980 et \u00e9tabli au Canada depuis 1988, notre r\u00e9seau compte plus de 40 ann\u00e9es d\u2019exp\u00e9rience comme d\u00e9taillant-franchiseur et jouit de la force d\u2019une des marques les plus r\u00e9put\u00e9es et admir\u00e9es au monde: UPS.<\/p>\n<p>\u00c0 The UPS Store, nous nous engageons \u00e0 pour suivre la croissance de notre r\u00e9seau. Mais cela ne veut pas dire que nous ouvrons de nouvelles franchises n\u2019importe o\u00f9. Nous trions sur le volet chacun de nos emplacements afin de nous assurer qu\u2019ils r\u00e9pondent \u00e0 nos crit\u00e8res et aux besoins de la client\u00e8le. Cependant, nous ne pouvons \u00eatre au fait de toutes les possibilit\u00e9s d\u2019emplacement existantes ou futures. C\u2019est pourquoi vous pouvez nous aider. Si vous connaissez un endroit qui pourrait accueillir une franchise The UPS Store, dites-le-nous !<\/p>\n<p><strong>Type d\u2019emplacement<\/strong><\/p>\n<p>L\u2019emplacement id\u00e9al d\u2019un centre The UPS Store doit :<\/p>\n<ul>\n<li>\u00catre situ\u00e9 pr\u00e8s d\u2019un centre commercial, de pr\u00e9f\u00e9rence, ou dans un complexe commercial regroupant plusieurs grandes marques nationales ;<\/li>\n<li>Offrir la possibilit\u00e9 d\u2019apposer des enseignes sur le b\u00e2timent et un pyl\u00f4ne ;<\/li>\n<li>D\u00e9tenir une excellente visibilit\u00e9 (depuis un axe routier ou un carrefour important) ;<\/li>\n<li>Comporter un vaste espace de stationnement propice \u00e0 la circulation automobile;<\/li>\n<li>Desservir une vaste population.<\/li>\n<\/ul>\n<p>Il doit \u00e9galement compter:<\/p>\n<ul>\n<li>Une superficie de 244 \u00e0 549 m\u00e8tres carr\u00e9s (de 800 \u00e0 1 800 pieds carr\u00e9s) ;<\/li>\n<li>Une vitrine de 6 \u00e0 8 m\u00e8tres (de 20 \u00e0 25 pieds) de longueur ;<\/li>\n<li>Une porte arri\u00e8re pour la cueillette et la livraison, si possible.<\/li>\n<\/ul>\n<p>Le bail doit pr\u00e9voir habituellement les modalit\u00e9s suivantes :<\/p>\n<ul>\n<li>Dur\u00e9e de location minimale de 10 ans conform\u00e9ment aux conditions de franchisage;<\/li>\n<li>Espace en parfaite condition ou somme octroy\u00e9e pour am\u00e9liorations locatives ;<\/li>\n<li>Cong\u00e9 de loyer pendant les travaux de construction ;<\/li>\n<li>Protection des droits de jouissance exclusifs ;<\/li>\n<li>Clause de cessibilit\u00e9 pour favoriser la viabilit\u00e9 \u00e0 long terme du centre.<\/li>\n<\/ul>\n<p><strong>Centres The UPS Store non traditionnels<\/strong><\/p>\n<p>The UPS Store exploite avec succ\u00e8s des centres \u00e0 m\u00eame des h\u00f4tels, des centres des congr\u00e8s et des universit\u00e9s. En savoir plus sur les centres <a href=\"https:\/\/www.theupsstore1.net\/fr\/entreprises\/centres-non-traditionnels\/\">The UPS Store non traditionnels<\/a>.<\/p>\n<p><strong>Pour nous joindre<\/strong><\/p>\n<p>Communiquez avec nous \u00e0 l\u2019adresse <a href=\"mailto:development@theupsstore.ca\">development@theupsstore.ca<\/a> en nous indiquant vos nom et pr\u00e9nom, votre adresse compl\u00e8te, le nom de votre gestionnaire immobilier ou de votre soci\u00e9t\u00e9 de cr\u00e9dit-bail ainsi que toute information pertinente expliquant pourquoi The UPS Store serait un bon choix pour votre emplacement.<\/p>\n<p><em>L\u2019information contenue sur ce site ne constitue pas une offre de franchisage. Toute offre de vente sera subs\u00e9quente \u00e0 la pr\u00e9sentation d\u2019un document d\u2019information sur le franchisage.<\/em><\/p>\n<p><a href=\"https:\/\/www.theupsstore1.net\/wp-content\/uploads\/2020\/03\/ACF_Member_logo.jpg\"><img loading=\"lazy\" decoding=\"async\" class=\"alignnone  wp-image-38604\" src=\"https:\/\/www.theupsstore1.net\/wp-content\/uploads\/2020\/03\/ACF_Member_logo-300x180.jpg\" alt=\"\" width=\"197\" height=\"118\" srcset=\"https:\/\/www.theupsstore1.net\/wp-content\/uploads\/2020\/03\/ACF_Member_logo-300x180.jpg 300w, https:\/\/www.theupsstore.ca\/wp-content\/uploads\/2020\/03\/ACF_Member_logo-768x461.jpg 768w, https:\/\/www.theupsstore.ca\/wp-content\/uploads\/2020\/03\/ACF_Member_logo-770x462.jpg 770w, https:\/\/www.theupsstore.ca\/wp-content\/uploads\/2020\/03\/ACF_Member_logo.jpg 1000w\" sizes=\"auto, (max-width: 197px) 100vw, 197px\" \/><\/a><\/p>\n<\/div>","protected":false},"excerpt":{"rendered":"<p>Nouveaux centres recherch\u00e9s Avec plus de 350 centres The UPS Store au Canada, notre r\u00e9seau est le num\u00e9ro un de l\u2019industrie. The UPS Store est la plus importante cha\u00eene de centres d\u2019impression et de photocopie au Canada et le plus grand r\u00e9seau franchis\u00e9 de centres de services d\u2019affaires au pays. Fond\u00e9 en 1980 et \u00e9tabli &hellip; <a href=\"https:\/\/www.theupsstore1.net\/fr\/franchisage\/emplacements-franchises\/\">Continued<\/a><\/p>\n","protected":false},"author":4,"featured_media":17832,"parent":902,"menu_order":0,"comment_status":"closed","ping_status":"closed","template":"page-parent.php","meta":{"footnotes":""},"class_list":["post-913","page","type-page","status-publish","has-post-thumbnail","hentry"],"_links":{"self":[{"href":"https:\/\/www.theupsstore1.net\/fr\/wp-json\/wp\/v2\/pages\/913","targetHints":{"allow":["GET"]}}],"collection":[{"href":"https:\/\/www.theupsstore1.net\/fr\/wp-json\/wp\/v2\/pages"}],"about":[{"href":"https:\/\/www.theupsstore1.net\/fr\/wp-json\/wp\/v2\/types\/page"}],"author":[{"embeddable":true,"href":"https:\/\/www.theupsstore1.net\/fr\/wp-json\/wp\/v2\/users\/4"}],"replies":[{"embeddable":true,"href":"https:\/\/www.theupsstore1.net\/fr\/wp-json\/wp\/v2\/comments?post=913"}],"version-history":[{"count":0,"href":"https:\/\/www.theupsstore1.net\/fr\/wp-json\/wp\/v2\/pages\/913\/revisions"}],"up":[{"embeddable":true,"href":"https:\/\/www.theupsstore1.net\/fr\/wp-json\/wp\/v2\/pages\/902"}],"wp:featuredmedia":[{"embeddable":true,"href":"https:\/\/www.theupsstore1.net\/fr\/wp-json\/wp\/v2\/media\/17832"}],"wp:attachment":[{"href":"https:\/\/www.theupsstore1.net\/fr\/wp-json\/wp\/v2\/media?parent=913"}],"curies":[{"name":"wp","href":"https:\/\/api.w.org\/{rel}","templated":true}]}}