{"id":930,"date":"2013-04-25T20:10:42","date_gmt":"2013-04-25T20:10:42","guid":{"rendered":"https:\/\/www.theupsstore1.net\/?page_id=930"},"modified":"2025-03-10T16:36:26","modified_gmt":"2025-03-10T20:36:26","slug":"manuels-presentations","status":"publish","type":"page","link":"https:\/\/www.theupsstore1.net\/fr\/services\/impression\/manuels-presentations\/","title":{"rendered":"Manuels et pr\u00e9sentations"},"content":{"rendered":"<div class=\"wp-editor-content\"><h2>Laissez-nous vous impressionner<\/h2>\n<p>Votre entreprise a besoin de manuels ou de pr\u00e9sentations imprim\u00e9es par des professionnels ? The UPS Store peut vous donner un pr\u00e9cieux coup de main.<\/p>\n<p>Peu importe le type de document \u00e0 imprimer \u2013 des manuels de formation aux politiques d\u2019entreprise, en passant par les documents d\u2019orientation \u2013, nous avons la solution qu\u2019il vous faut. Vous avez consacr\u00e9 temps et \u00e9nergie \u00e0 la pr\u00e9paration de votre contenu professionnel et commercial. The UPS Store a les solutions d\u2019impression couleur, les reliures spirales ou boudin\u00e9es et les couvertures qu\u2019il vous faut pour passer du concept \u00e0 la r\u00e9alit\u00e9.<\/p>\n<p>Visitez le centre The UPS Store le plus pr\u00e8s pour planifier votre tirage d\u00e8s aujourd\u2019hui. Pour plus de commodit\u00e9, vous pouvez aussi commander et faire imprimer vos pr\u00e9sentations commerciales et vos manuels en ligne. La plupart des centres UPS Store offrent <a href=\"https:\/\/onlineprint.np.ds.pressero.com\">l\u2019impression en ligne<\/a> et certains proposent m\u00eame les services d\u2019un concepteur-graphiste sur place pour vous assister dans le processus de mise en page. Communiquez avec le centre le plus pr\u00e8s pour savoir s\u2019il offre les services d\u2019impression de manuels et de pr\u00e9sentations.<\/p>\n<p>The UPS Store est un guichet unique o\u00f9 nos experts peuvent imprimer vos pr\u00e9sentations et manuels, mais aussi en effectuer l\u2019assemblage, l\u2019emballage et la livraison \u00e0 la destination de votre choix.<\/p>\n\t\t<div class=\"find horizontal-widget long span-12 \">\n                    <div class=\"title\">\n                            <h2>Trouver un magasin<\/h2>\n                    <\/div>\n                    <div class=\"find-widget-content\">\n                        <span class=\"find-widget-header-text\"><i class=\"fa fa-map-marker\"><\/i>Trouver un magasin:<\/span>\n                        <span class=\"tile kit-text span-2 form-text\"><strong>Entrez votre Adresse, Ville, Province ou Code Postal:<\/strong><\/span>\n                        <span class=\"tile horizontal-search \">\n                            <span id=\"searchbox\">\n                                <form action=\"\/fr\/localisateur\/\" method=\"post\" name=\"FindLocationForm\" class=\"findLocationForm\">\n\t<input name=\"FindLocationTextBox\" type=\"text\" maxlength=\"100\"  class=\"form_box findLocationTextBox\">\n\t<input type=\"hidden\" value=\"\" name=\"lat\" class=\"findLocationLat\"\/>\n\t<input type=\"hidden\" value=\"\" name=\"lng\" class=\"findLocationLng\"\/>\n    <button type=\"submit\" name=\"FindLocationButton\" class=\"search_submit button findLocationButton\"><i class=\"fa fa-search\"><\/i><\/button>\n<\/form>                            <\/span>\n                        <\/span>\n                        <div class=\"clearfix\"><\/div>\n                        <div class=\"tile kit-text span-2\"><\/div>\n                    <\/div>\n\t\t<\/div>\n\t\t\n<table border=\"0\">\n<tbody>\n<tr>\n<td>\n<h2>Manuels<\/h2>\n<\/td>\n<td><\/td>\n<\/tr>\n<tr>\n<td><a href=\"https:\/\/www.theupsstore1.net\/wp-content\/uploads\/\/nas\/wp\/www\/cluster-1436\/upssca\/wp-content\/uploads\/2013\/02\/Manuals2.jpg\"><img loading=\"lazy\" decoding=\"async\" src=\"https:\/\/www.theupsstore1.net\/wp-content\/uploads\/\/nas\/wp\/www\/cluster-1436\/upssca\/wp-content\/uploads\/2013\/02\/Manuals2.jpg\" alt=\"Manuals\" width=\"213\" height=\"161\" \/><\/a><\/td>\n<td>The UPS Store propose une panoplie compl\u00e8te de services d\u2019impression pour les manuels de vente et de formation. Nos services comprennent ce qui suit:<\/p>\n<ul>\n<li><span style=\"line-height: 19px;\">Impression polychrome<\/span><\/li>\n<li>Impression noir et blanc<\/li>\n<li>Reliures boudin\u00e9es<\/li>\n<li>Reliures spirales<\/li>\n<li>Reliures \u00e0 trois anneaux<\/li>\n<li>Intercalaires \u00e0 onglet<\/li>\n<\/ul>\n<\/td>\n<\/tr>\n<\/tbody>\n<\/table>\n<h2><\/h2>\n<table border=\"0\">\n<tbody>\n<tr>\n<td>\n<h2>Pr<b>\u00e9<\/b>sentations<\/h2>\n<\/td>\n<td><\/td>\n<\/tr>\n<tr>\n<td><a href=\"https:\/\/www.theupsstore1.net\/wp-content\/uploads\/\/nas\/wp\/www\/cluster-1436\/upssca\/wp-content\/uploads\/2013\/02\/Calendar2.jpg\"><img loading=\"lazy\" decoding=\"async\" src=\"https:\/\/www.theupsstore1.net\/wp-content\/uploads\/\/nas\/wp\/www\/cluster-1436\/upssca\/wp-content\/uploads\/2013\/02\/Calendar2.jpg\" alt=\"Presentations\" width=\"213\" height=\"161\" \/><\/a><\/td>\n<td>Faites appel \u00e0 The UPS Store pour des pr\u00e9sentations d\u2019allure professionnelle. Nos services comprennent ce qui suit:<\/p>\n<ul>\n<li>Impression polychrome<\/li>\n<li>Impression noir et blanc<\/li>\n<li>Reliures boudin\u00e9es<\/li>\n<li>Reliures spirales<\/li>\n<li>Choix de couvertures<\/li>\n<\/ul>\n<\/td>\n<\/tr>\n<\/tbody>\n<\/table>\n<p>Pour profiter de ces services d\u00e8s aujourd\u2019hui, communiquez directement avec le centre The UPS Store le plus pr\u00e8s pour lui faire part de vos besoins.<\/p>\n<p>&nbsp;<\/p>\n<\/div>","protected":false},"excerpt":{"rendered":"<p>Laissez-nous vous impressionner Votre entreprise a besoin de manuels ou de pr\u00e9sentations imprim\u00e9es par des professionnels ? The UPS Store peut vous donner un pr\u00e9cieux coup de main. Peu importe le type de document \u00e0 imprimer \u2013 des manuels de formation aux politiques d\u2019entreprise, en passant par les documents d\u2019orientation \u2013, nous avons la solution &hellip; <a href=\"https:\/\/www.theupsstore1.net\/fr\/services\/impression\/manuels-presentations\/\">Continued<\/a><\/p>\n","protected":false},"author":4,"featured_media":0,"parent":895,"menu_order":0,"comment_status":"closed","ping_status":"closed","template":"","meta":{"footnotes":""},"class_list":["post-930","page","type-page","status-publish","hentry"],"_links":{"self":[{"href":"https:\/\/www.theupsstore1.net\/fr\/wp-json\/wp\/v2\/pages\/930","targetHints":{"allow":["GET"]}}],"collection":[{"href":"https:\/\/www.theupsstore1.net\/fr\/wp-json\/wp\/v2\/pages"}],"about":[{"href":"https:\/\/www.theupsstore1.net\/fr\/wp-json\/wp\/v2\/types\/page"}],"author":[{"embeddable":true,"href":"https:\/\/www.theupsstore1.net\/fr\/wp-json\/wp\/v2\/users\/4"}],"replies":[{"embeddable":true,"href":"https:\/\/www.theupsstore1.net\/fr\/wp-json\/wp\/v2\/comments?post=930"}],"version-history":[{"count":1,"href":"https:\/\/www.theupsstore1.net\/fr\/wp-json\/wp\/v2\/pages\/930\/revisions"}],"predecessor-version":[{"id":81333,"href":"https:\/\/www.theupsstore1.net\/fr\/wp-json\/wp\/v2\/pages\/930\/revisions\/81333"}],"up":[{"embeddable":true,"href":"https:\/\/www.theupsstore1.net\/fr\/wp-json\/wp\/v2\/pages\/895"}],"wp:attachment":[{"href":"https:\/\/www.theupsstore1.net\/fr\/wp-json\/wp\/v2\/media?parent=930"}],"curies":[{"name":"wp","href":"https:\/\/api.w.org\/{rel}","templated":true}]}}