{"id":935,"date":"2013-04-25T20:16:42","date_gmt":"2013-04-25T20:16:42","guid":{"rendered":"https:\/\/www.theupsstore1.net\/?page_id=935"},"modified":"2025-03-10T16:37:08","modified_gmt":"2025-03-10T20:37:08","slug":"menus-formulaires","status":"publish","type":"page","link":"https:\/\/www.theupsstore1.net\/fr\/services\/impression\/menus-formulaires\/","title":{"rendered":"Menus et formulaires"},"content":{"rendered":"<div class=\"wp-editor-content\"><p><strong>Des r\u00e9sultats \u00e0 votre go\u00fbt<\/strong><\/p>\n<p>Confiez l\u2019impression de vos menus et de vos formulaires commerciaux \u00e0 un centre The UPS Store.<\/p>\n<p>De beaux menus bien con\u00e7us donnent un avant-go\u00fbt de vos plats et aident votre entreprise \u00e0 faire bonne impression aupr\u00e8s de vos clients. The UPS Store peut vous \u00e9pauler quand vient le temps de donner forme \u00e0 vos id\u00e9es.<\/p>\n<p>Et nos services d\u2019impression de menus ne s\u2019adressent pas uniquement au secteur de la restauration. Si le mat\u00e9riel publicitaire de votre entreprise comprend des documents de type menu, The UPS Store peut vous aider \u00e0 mettre en valeur vos produits.<\/p>\n<p>The UPS Store imprime en couleur des menus plastifi\u00e9s de divers formats. Plusieurs modes de pliage s\u2019offrent \u00e0 vous. Nous pouvons \u00e9galement imprimer vos menus sur du papier imperm\u00e9abilis\u00e9 pour en augmenter la durabilit\u00e9 et en pr\u00e9server l\u2019apparence.\u00a0Des documents en bonne et due forme.<\/p>\n<p>Nous imprimons aussi plusieurs types de formulaires personnalis\u00e9s. Que vous ayez besoin d\u2019une page de formulaire en noir et blanc ou d\u2019une liasse de formulaires autocopiants en guise de re\u00e7us ou de factures, les services d\u2019impression The UPS Store peuvent vous aider.<\/p>\n<p>Soulignez le professionnalisme de votre entreprise en incorporant vos coordonn\u00e9es et votre logo \u00e0 vos formulaires autocopiants en couleur. Besoin d\u2019un contrat d\u2019embauche ou d\u2019un bon de facturation \u00e0 remettre \u00e0 vos clients ? The UPS Store a <a href=\"https:\/\/onlineprint.np.ds.pressero.com\">la solution d\u2019impression<\/a> qu\u2019il vous faut.<\/p>\n<p>Visitez <a href=\"https:\/\/www.theupsstore1.net\/fr\/localisateur\/\">le centre The UPS Store le plus pr\u00e8s<\/a> pour planifier votre tirage d\u00e8s aujourd\u2019hui. Pour plus de commodit\u00e9, vous pouvez aussi commander et faire imprimer vos menus et formulaires en ligne. La plupart des centres UPS Store offrent l\u2019impression en ligne et certains proposent m\u00eame les services d\u2019un concepteur-graphiste sur place pour vous assister dans le processus de mise en page. Communiquez avec le centre le plus pr\u00e8s pour savoir s\u2019il offre les services d\u2019impression de menus et de formulaires autocopiants.<\/p>\n\t\t<div class=\"find horizontal-widget long span-12 \">\n                    <div class=\"title\">\n                            <h2>Trouver un magasin<\/h2>\n                    <\/div>\n                    <div class=\"find-widget-content\">\n                        <span class=\"find-widget-header-text\"><i class=\"fa fa-map-marker\"><\/i>Trouver un magasin:<\/span>\n                        <span class=\"tile kit-text span-2 form-text\"><strong>Entrez votre Adresse, Ville, Province ou Code Postal:<\/strong><\/span>\n                        <span class=\"tile horizontal-search \">\n                            <span id=\"searchbox\">\n                                <form action=\"\/fr\/localisateur\/\" method=\"post\" name=\"FindLocationForm\" class=\"findLocationForm\">\n\t<input name=\"FindLocationTextBox\" type=\"text\" maxlength=\"100\"  class=\"form_box findLocationTextBox\">\n\t<input type=\"hidden\" value=\"\" name=\"lat\" class=\"findLocationLat\"\/>\n\t<input type=\"hidden\" value=\"\" name=\"lng\" class=\"findLocationLng\"\/>\n    <button type=\"submit\" name=\"FindLocationButton\" class=\"search_submit button findLocationButton\"><i class=\"fa fa-search\"><\/i><\/button>\n<\/form>                            <\/span>\n                        <\/span>\n                        <div class=\"clearfix\"><\/div>\n                        <div class=\"tile kit-text span-2\"><\/div>\n                    <\/div>\n\t\t<\/div>\n\t\t\n<h2>Menus<\/h2>\n<table border=\"0\">\n<tbody>\n<tr>\n<td><a href=\"https:\/\/www.theupsstore1.net\/wp-content\/uploads\/\/nas\/wp\/www\/cluster-1436\/upssca\/wp-content\/uploads\/2013\/02\/Menu.jpg\"><img loading=\"lazy\" decoding=\"async\" class=\"alignnone size-full wp-image-838\" style=\"margin: 0 60px 15px 0;\" src=\"https:\/\/www.theupsstore1.net\/wp-content\/uploads\/\/nas\/wp\/www\/cluster-1436\/upssca\/wp-content\/uploads\/2013\/02\/Menu.jpg\" alt=\"Menu\" width=\"213\" height=\"161\" \/><\/a><\/td>\n<td>The UPS Store est en mesure d\u2019imprimer plusieurs types de menus. Nos services d\u2019impression comprennent ce qui suit:<\/p>\n<ul>\n<li><span style=\"line-height: 19px;\">Impression polychrome<\/span><\/li>\n<li>Impression noir et blanc<\/li>\n<li>Vari\u00e9t\u00e9 de formats<\/li>\n<li><span style=\"line-height: 19px;\">Pliage<\/span><\/li>\n<li>Choix de papier (y compris du papier imperm\u00e9abilis\u00e9)<\/li>\n<\/ul>\n<\/td>\n<\/tr>\n<\/tbody>\n<\/table>\n<h2>Formulaires<\/h2>\n<table border=\"0\">\n<tbody>\n<tr>\n<td><a href=\"https:\/\/www.theupsstore1.net\/wp-content\/uploads\/\/nas\/wp\/www\/cluster-1436\/upssca\/wp-content\/uploads\/2013\/02\/Forms.jpg\"><img loading=\"lazy\" decoding=\"async\" class=\"alignnone size-full wp-image-839\" style=\"margin: 0 60px 15px 0;\" src=\"https:\/\/www.theupsstore1.net\/wp-content\/uploads\/\/nas\/wp\/www\/cluster-1436\/upssca\/wp-content\/uploads\/2013\/02\/Forms.jpg\" alt=\"Forms\" width=\"213\" height=\"161\" \/><\/a><\/td>\n<td>The UPS Store a tout ce qu\u2019il faut pour imprimer vos formulaires personnalis\u00e9s. Nos services d\u2019impression comprennent ce qui suit:<\/p>\n<ul>\n<li><span style=\"line-height: 19px;\">Impression polychrome<\/span><\/li>\n<li>Impression noir et blanc<\/li>\n<li>Pages de formulaire uniques<\/li>\n<li>Liasses de formulaires autocopiants<\/li>\n<li>Num\u00e9rotage<\/li>\n<\/ul>\n<\/td>\n<\/tr>\n<\/tbody>\n<\/table>\n<p>Pour profiter de ces services d\u00e8s aujourd\u2019hui, communiquez directement avec <a href=\"https:\/\/www.theupsstore1.net\/fr\/localisateur\/\">le centre The UPS Store le plus pr\u00e8s<\/a> pour lui faire part de vos besoins.<\/p>\n<\/div>","protected":false},"excerpt":{"rendered":"<p>Des r\u00e9sultats \u00e0 votre go\u00fbt Confiez l\u2019impression de vos menus et de vos formulaires commerciaux \u00e0 un centre The UPS Store. De beaux menus bien con\u00e7us donnent un avant-go\u00fbt de vos plats et aident votre entreprise \u00e0 faire bonne impression aupr\u00e8s de vos clients. The UPS Store peut vous \u00e9pauler quand vient le temps de &hellip; <a href=\"https:\/\/www.theupsstore1.net\/fr\/services\/impression\/menus-formulaires\/\">Continued<\/a><\/p>\n","protected":false},"author":4,"featured_media":0,"parent":895,"menu_order":0,"comment_status":"closed","ping_status":"closed","template":"","meta":{"footnotes":""},"class_list":["post-935","page","type-page","status-publish","hentry"],"_links":{"self":[{"href":"https:\/\/www.theupsstore1.net\/fr\/wp-json\/wp\/v2\/pages\/935","targetHints":{"allow":["GET"]}}],"collection":[{"href":"https:\/\/www.theupsstore1.net\/fr\/wp-json\/wp\/v2\/pages"}],"about":[{"href":"https:\/\/www.theupsstore1.net\/fr\/wp-json\/wp\/v2\/types\/page"}],"author":[{"embeddable":true,"href":"https:\/\/www.theupsstore1.net\/fr\/wp-json\/wp\/v2\/users\/4"}],"replies":[{"embeddable":true,"href":"https:\/\/www.theupsstore1.net\/fr\/wp-json\/wp\/v2\/comments?post=935"}],"version-history":[{"count":1,"href":"https:\/\/www.theupsstore1.net\/fr\/wp-json\/wp\/v2\/pages\/935\/revisions"}],"predecessor-version":[{"id":81334,"href":"https:\/\/www.theupsstore1.net\/fr\/wp-json\/wp\/v2\/pages\/935\/revisions\/81334"}],"up":[{"embeddable":true,"href":"https:\/\/www.theupsstore1.net\/fr\/wp-json\/wp\/v2\/pages\/895"}],"wp:attachment":[{"href":"https:\/\/www.theupsstore1.net\/fr\/wp-json\/wp\/v2\/media?parent=935"}],"curies":[{"name":"wp","href":"https:\/\/api.w.org\/{rel}","templated":true}]}}