{"id":942,"date":"2013-04-25T20:21:03","date_gmt":"2013-04-25T20:21:03","guid":{"rendered":"https:\/\/www.theupsstore1.net\/?page_id=942"},"modified":"2025-03-10T16:33:11","modified_gmt":"2025-03-10T20:33:11","slug":"calendriers","status":"publish","type":"page","link":"https:\/\/www.theupsstore1.net\/fr\/services\/impression\/calendriers\/","title":{"rendered":"Calendriers personnalis\u00e9s"},"content":{"rendered":"<div class=\"wp-editor-content\"><p>Besoin de calendriers personnalis\u00e9s pour offrir en cadeau \u00e0 vos clients ou pour votre usage personnel ? Cr\u00e9ez vos propres calendriers et faites en sorte que vos clients n\u2019oublient pas votre entreprise en y incorporant votre logo, votre slogan et vos dates importantes. Nous pouvons imprimer votre calendrier en couleur ou en noir et blanc sur une seule page ou sur plusieurs pages assembl\u00e9es par une reliure spirale ou boudin\u00e9e.<\/p>\n<p>Vous recherchez un calendrier qui sort du lot ? Pourquoi ne pas y inclure des illustrations ou des photos ? Il s\u2019agit d\u2019une excellente fa\u00e7on de promouvoir votre entreprise et de remercier vos fid\u00e8les clients. Soumettez-nous vos id\u00e9es et voyez-les prendre vie sous vos yeux !<\/p>\n<p>Passez au centre The UPS Store le plus pr\u00e8s pour planifier votre tirage d\u00e8s aujourd\u2019hui. Pour plus de commodit\u00e9, vous pouvez aussi commander et faire imprimer vos calendriers personnalis\u00e9s en ligne. La plupart des centres UPS Store offrent<a href=\"https:\/\/onlineprint.np.ds.pressero.com\"> l\u2019impression en ligne<\/a> et certains comptent m\u00eame un concepteur-graphiste exp\u00e9riment\u00e9 pour vous assister dans le processus de mise en page. Communiquez avec le centre le plus pr\u00e8s pour savoir s\u2019il offre les services d\u2019impression de calendriers personnalis\u00e9s.<\/p>\n\t\t<div class=\"find horizontal-widget long span-12 \">\n                    <div class=\"title\">\n                            <h2>Trouver un magasin<\/h2>\n                    <\/div>\n                    <div class=\"find-widget-content\">\n                        <span class=\"find-widget-header-text\"><i class=\"fa fa-map-marker\"><\/i>Trouver un magasin:<\/span>\n                        <span class=\"tile kit-text span-2 form-text\"><strong>Entrez votre Adresse, Ville, Province ou Code Postal:<\/strong><\/span>\n                        <span class=\"tile horizontal-search \">\n                            <span id=\"searchbox\">\n                                <form action=\"\/fr\/localisateur\/\" method=\"post\" name=\"FindLocationForm\" class=\"findLocationForm\">\n\t<input name=\"FindLocationTextBox\" type=\"text\" maxlength=\"100\"  class=\"form_box findLocationTextBox\">\n\t<input type=\"hidden\" value=\"\" name=\"lat\" class=\"findLocationLat\"\/>\n\t<input type=\"hidden\" value=\"\" name=\"lng\" class=\"findLocationLng\"\/>\n    <button type=\"submit\" name=\"FindLocationButton\" class=\"search_submit button findLocationButton\"><i class=\"fa fa-search\"><\/i><\/button>\n<\/form>                            <\/span>\n                        <\/span>\n                        <div class=\"clearfix\"><\/div>\n                        <div class=\"tile kit-text span-2\"><\/div>\n                    <\/div>\n\t\t<\/div>\n\t\t\n<table border=\"0\">\n<tbody>\n<tr>\n<td>\n<h2>C<b>alendriers\u00a0<\/b><\/h2>\n<\/td>\n<td><\/td>\n<\/tr>\n<tr>\n<td><a href=\"https:\/\/www.theupsstore1.net\/wp-content\/uploads\/\/nas\/wp\/www\/cluster-1436\/upssca\/wp-content\/uploads\/2013\/02\/Calendar.jpg\"><img loading=\"lazy\" decoding=\"async\" class=\"alignnone size-full wp-image-840\" style=\"margin: 0 60px 15px 0;\" src=\"https:\/\/www.theupsstore1.net\/wp-content\/uploads\/\/nas\/wp\/www\/cluster-1436\/upssca\/wp-content\/uploads\/2013\/02\/Calendar.jpg\" alt=\"Calendar\" width=\"213\" height=\"161\" \/><\/a><\/td>\n<td>Les calendriers personnalis\u00e9s font d\u2019excellents\u00a0cadeaux qui plairont \u00e0 vos proches, \u00e0 vos amis et \u00e0 vos clients. Il est facile de les concevoir sur mesure \u00e0 partir de vos photos, logos et dates importantes. Nos services d\u2019impression comprennent ce qui suit:<\/p>\n<ul>\n<li><span style=\"line-height: 19px;\">Impression polychrome<\/span><\/li>\n<li>Impression en noir et blanc<\/li>\n<li>Vari\u00e9t\u00e9 de formats : pages uniques ou multiples<\/li>\n<li>Reliures spirales<\/li>\n<li>Reliures boudin\u00e9es<\/li>\n<\/ul>\n<\/td>\n<\/tr>\n<\/tbody>\n<\/table>\n<p>Pour profiter de ces services d\u00e8s aujourd\u2019hui, communiquez directement avec le centre The UPS Store le plus pr\u00e8s pour lui faire part de vos besoins.<\/p>\n<\/div>","protected":false},"excerpt":{"rendered":"<p>Besoin de calendriers personnalis\u00e9s pour offrir en cadeau \u00e0 vos clients ou pour votre usage personnel ? Cr\u00e9ez vos propres calendriers et faites en sorte que vos clients n\u2019oublient pas votre entreprise en y incorporant votre logo, votre slogan et vos dates importantes. Nous pouvons imprimer votre calendrier en couleur ou en noir et blanc &hellip; <a href=\"https:\/\/www.theupsstore1.net\/fr\/services\/impression\/calendriers\/\">Continued<\/a><\/p>\n","protected":false},"author":4,"featured_media":0,"parent":895,"menu_order":0,"comment_status":"closed","ping_status":"closed","template":"","meta":{"footnotes":""},"class_list":["post-942","page","type-page","status-publish","hentry"],"_links":{"self":[{"href":"https:\/\/www.theupsstore1.net\/fr\/wp-json\/wp\/v2\/pages\/942","targetHints":{"allow":["GET"]}}],"collection":[{"href":"https:\/\/www.theupsstore1.net\/fr\/wp-json\/wp\/v2\/pages"}],"about":[{"href":"https:\/\/www.theupsstore1.net\/fr\/wp-json\/wp\/v2\/types\/page"}],"author":[{"embeddable":true,"href":"https:\/\/www.theupsstore1.net\/fr\/wp-json\/wp\/v2\/users\/4"}],"replies":[{"embeddable":true,"href":"https:\/\/www.theupsstore1.net\/fr\/wp-json\/wp\/v2\/comments?post=942"}],"version-history":[{"count":1,"href":"https:\/\/www.theupsstore1.net\/fr\/wp-json\/wp\/v2\/pages\/942\/revisions"}],"predecessor-version":[{"id":81328,"href":"https:\/\/www.theupsstore1.net\/fr\/wp-json\/wp\/v2\/pages\/942\/revisions\/81328"}],"up":[{"embeddable":true,"href":"https:\/\/www.theupsstore1.net\/fr\/wp-json\/wp\/v2\/pages\/895"}],"wp:attachment":[{"href":"https:\/\/www.theupsstore1.net\/fr\/wp-json\/wp\/v2\/media?parent=942"}],"curies":[{"name":"wp","href":"https:\/\/api.w.org\/{rel}","templated":true}]}}