{"id":945,"date":"2013-04-25T20:26:15","date_gmt":"2013-04-25T20:26:15","guid":{"rendered":"https:\/\/www.theupsstore1.net\/?page_id=945"},"modified":"2025-03-10T16:33:45","modified_gmt":"2025-03-10T20:33:45","slug":"cartes-postales-invitations","status":"publish","type":"page","link":"https:\/\/www.theupsstore1.net\/fr\/services\/impression\/cartes-postales-invitations\/","title":{"rendered":"Cartes postales et invitations"},"content":{"rendered":"<div class=\"wp-editor-content\"><h2><b>Annoncez vos couleurs<\/b><\/h2>\n<p>The UPS Store\u00a0offre une gamme compl\u00e8te de services d\u2019impression pour une foule de projets comme l\u2019impression de cartes postales et de cartons d\u2019invitation.<\/p>\n<p>Besoin d\u2019annoncer l\u2019ouverture d\u2019un nouvel \u00e9tablissement commercial, un grand solde ou un \u00e9v\u00e9nement promotionnel\u00a0? Pour vous aider \u00e0 promouvoir vos produits et \u00e9v\u00e9nements, The UPS Store effectue l\u2019impression professionnelle de vos cartes postales et de vos annonces : en couleur, sur papier mat ou lustr\u00e9 de plusieurs formats, \u00e0 simple face ou \u00e0 double face. Donnez vie \u00e0 vos id\u00e9es avec The UPS Store !<\/p>\n<p>Vous organisez un important \u00e9v\u00e9nement, une soir\u00e9e de lancement ou une grande ouverture\u00a0? Vous voudrez sans doute en informer vos clients en leur envoyant une invitation personnelle. Vous d\u00e9sirez transmettre vos v\u0153ux \u00e0 vos clients et employ\u00e9s \u00e0 l\u2019approche des f\u00eates\u00a0? \u00c0 The UPS Store, on se charge de tout, de l\u2019impression jusqu\u2019au pliage !<\/p>\n<p>Visitez le centre The UPS Store le plus pr\u00e8s pour planifier votre tirage d\u00e8s aujourd\u2019hui. Pour plus de commodit\u00e9, vous pouvez aussi commander et faire imprimer vos cartes postales et vos cartons d\u2019invitation en ligne. La plupart des centres UPS Store offrent <a href=\"https:\/\/onlineprint.np.ds.pressero.com\">l\u2019impression en ligne<\/a> et certains proposent m\u00eame les services d\u2019un concepteur-graphiste sur place pour vous assister dans le processus de mise en page. Communiquez avec le centre le plus pr\u00e8s pour savoir s\u2019il offre les services d\u2019impression de cartes postales, d\u2019invitations et d\u2019annonces.<\/p>\n\t\t<div class=\"find horizontal-widget long span-12 \">\n                    <div class=\"title\">\n                            <h2>Trouver un magasin<\/h2>\n                    <\/div>\n                    <div class=\"find-widget-content\">\n                        <span class=\"find-widget-header-text\"><i class=\"fa fa-map-marker\"><\/i>Trouver un magasin:<\/span>\n                        <span class=\"tile kit-text span-2 form-text\"><strong>Entrez votre Adresse, Ville, Province ou Code Postal:<\/strong><\/span>\n                        <span class=\"tile horizontal-search \">\n                            <span id=\"searchbox\">\n                                <form action=\"\/fr\/localisateur\/\" method=\"post\" name=\"FindLocationForm\" class=\"findLocationForm\">\n\t<input name=\"FindLocationTextBox\" type=\"text\" maxlength=\"100\"  class=\"form_box findLocationTextBox\">\n\t<input type=\"hidden\" value=\"\" name=\"lat\" class=\"findLocationLat\"\/>\n\t<input type=\"hidden\" value=\"\" name=\"lng\" class=\"findLocationLng\"\/>\n    <button type=\"submit\" name=\"FindLocationButton\" class=\"search_submit button findLocationButton\"><i class=\"fa fa-search\"><\/i><\/button>\n<\/form>                            <\/span>\n                        <\/span>\n                        <div class=\"clearfix\"><\/div>\n                        <div class=\"tile kit-text span-2\"><\/div>\n                    <\/div>\n\t\t<\/div>\n\t\t\n<h2>Cartes postale<\/h2>\n<div class=\"row\">\n<div class=\"col-xs-4\"><a href=\"https:\/\/www.theupsstore1.net\/wp-content\/uploads\/\/nas\/wp\/www\/cluster-1436\/upssca\/wp-content\/uploads\/2013\/02\/Postcards.jpg\"><img decoding=\"async\" class=\"img-reponsive\" src=\"https:\/\/www.theupsstore1.net\/wp-content\/uploads\/\/nas\/wp\/www\/cluster-1436\/upssca\/wp-content\/uploads\/2013\/02\/Postcards.jpg\" alt=\"Postcards\" \/><\/a><\/div>\n<div class=\"col-xs-8\">\n<p>Les cartes postales sont un excellent choix pour annoncer un d\u00e9m\u00e9nagement ou une grande ouverture. Nos services d\u2019impression de cartes postales comprennent ce qui suit:<\/p>\n<ul>\n<li><span style=\"line-height: 19px;\">Impression polychrome<\/span><\/li>\n<li>Impression \u00e0 double face<\/li>\n<li>Vari\u00e9t\u00e9 de formats<\/li>\n<li>Choix de papier<\/li>\n<\/ul>\n<\/div>\n<\/div>\n<h2>Invitations<\/h2>\n<div class=\"row\">\n<div class=\"col-xs-4\"><a href=\"https:\/\/www.theupsstore1.net\/wp-content\/uploads\/\/nas\/wp\/www\/cluster-1436\/upssca\/wp-content\/uploads\/2013\/02\/Invitations.jpg\"><img decoding=\"async\" class=\"img-responsive\" src=\"https:\/\/www.theupsstore1.net\/wp-content\/uploads\/\/nas\/wp\/www\/cluster-1436\/upssca\/wp-content\/uploads\/2013\/02\/Invitations.jpg\" alt=\"Invitations\" \/><\/a><\/div>\n<div class=\"col-xs-8\">\n<p>Besoin d\u2019annoncer un grand \u00e9v\u00e9nement et d\u2019y inviter vos clients ? The UPS Store peut imprimer vos cartons d\u2019invitation. Nos services comprennent ce qui suit:<\/p>\n<ul>\n<li>Impression polychrome<\/li>\n<li>Pliage<\/li>\n<li>Vari\u00e9t\u00e9 de formats<\/li>\n<li>Choix de papier<\/li>\n<\/ul>\n<\/div>\n<\/div>\n<p>Pour profiter de ces services d\u00e8s aujourd\u2019hui, communiquez directement avec le centre The UPS Store le plus pr\u00e8s pour lui faire part de vos besoins.<\/p>\n<\/div>","protected":false},"excerpt":{"rendered":"<p>Annoncez vos couleurs The UPS Store\u00a0offre une gamme compl\u00e8te de services d\u2019impression pour une foule de projets comme l\u2019impression de cartes postales et de cartons d\u2019invitation. Besoin d\u2019annoncer l\u2019ouverture d\u2019un nouvel \u00e9tablissement commercial, un grand solde ou un \u00e9v\u00e9nement promotionnel\u00a0? Pour vous aider \u00e0 promouvoir vos produits et \u00e9v\u00e9nements, The UPS Store effectue l\u2019impression professionnelle &hellip; <a href=\"https:\/\/www.theupsstore1.net\/fr\/services\/impression\/cartes-postales-invitations\/\">Continued<\/a><\/p>\n","protected":false},"author":4,"featured_media":0,"parent":895,"menu_order":0,"comment_status":"closed","ping_status":"closed","template":"","meta":{"footnotes":""},"class_list":["post-945","page","type-page","status-publish","hentry"],"_links":{"self":[{"href":"https:\/\/www.theupsstore1.net\/fr\/wp-json\/wp\/v2\/pages\/945","targetHints":{"allow":["GET"]}}],"collection":[{"href":"https:\/\/www.theupsstore1.net\/fr\/wp-json\/wp\/v2\/pages"}],"about":[{"href":"https:\/\/www.theupsstore1.net\/fr\/wp-json\/wp\/v2\/types\/page"}],"author":[{"embeddable":true,"href":"https:\/\/www.theupsstore1.net\/fr\/wp-json\/wp\/v2\/users\/4"}],"replies":[{"embeddable":true,"href":"https:\/\/www.theupsstore1.net\/fr\/wp-json\/wp\/v2\/comments?post=945"}],"version-history":[{"count":1,"href":"https:\/\/www.theupsstore1.net\/fr\/wp-json\/wp\/v2\/pages\/945\/revisions"}],"predecessor-version":[{"id":81329,"href":"https:\/\/www.theupsstore1.net\/fr\/wp-json\/wp\/v2\/pages\/945\/revisions\/81329"}],"up":[{"embeddable":true,"href":"https:\/\/www.theupsstore1.net\/fr\/wp-json\/wp\/v2\/pages\/895"}],"wp:attachment":[{"href":"https:\/\/www.theupsstore1.net\/fr\/wp-json\/wp\/v2\/media?parent=945"}],"curies":[{"name":"wp","href":"https:\/\/api.w.org\/{rel}","templated":true}]}}