{"id":946,"date":"2013-04-25T20:33:30","date_gmt":"2013-04-25T20:33:30","guid":{"rendered":"https:\/\/www.theupsstore1.net\/?page_id=946"},"modified":"2013-05-13T20:22:31","modified_gmt":"2013-05-13T20:22:31","slug":"boites-postales","status":"publish","type":"page","link":"https:\/\/www.theupsstore1.net\/fr\/services\/boites-postales\/","title":{"rendered":"Services de bo\u00eetes postales"},"content":{"rendered":"<div class=\"wp-editor-content\"><h2>Des bo\u00eetes postales qui en font plus pour vous<\/h2>\n<p>The UPS Store Canada vous offre, \u00e0 vous ou \u00e0 votre entreprise, des services de location de bo\u00eete postale, de r\u00e9acheminement de courrier* et de r\u00e9ception de colis. Si vous voyagez souvent ou pr\u00e9voyez vous absenter longtemps, The UPS Store peut mettre \u00e0 votre disposition une bo\u00eete postale s\u00e9curitaire o\u00f9 vous pourrez conserver votre courrier jusqu\u2019\u00e0 ce que vous puissiez le r\u00e9cup\u00e9rer.<\/p>\n<p>En louant une bo\u00eete postale, vous n\u2019avez plus \u00e0 attendre la livraison de vos colis \u00e0 la maison et ne risquez plus de voir des colis de valeur laiss\u00e9s sans surveillance sur le seuil de votre porte. Nous sommes en mesure de recevoir les colis de toutes les entreprises de messagerie et de les conserver en lieu s\u00fbr.<\/p>\n<p>Gr\u00e2ce au service de r\u00e9acheminement de courrier des centres The UPS Store, vous obtenez une bo\u00eete postale dot\u00e9e d\u2019une v\u00e9ritable adresse municipale et un acc\u00e8s s\u00e9curitaire en tout temps \u00e0 votre courrier*. Nous pouvons vous r\u00e9acheminer votre envoi o\u00f9 que vous soyez. Si vous exploitez une entreprise mobile ou travaillez \u00e0 domicile, une bo\u00eete postale The UPS Store vous donnera pignon sur rue et vous rendra plus facile \u00e0 joindre pour vos clients.<\/p>\n<p>Nous offrons \u00e9galement d\u2019autres services comme la r\u00e9ception de t\u00e9l\u00e9copies et la possibilit\u00e9 de t\u00e9l\u00e9phoner au centre pour savoir si du courrier vous y attend. Nous pouvons m\u00eame vous aviser de l\u2019arriv\u00e9e de vos colis par courriel ou message texte**!<\/p>\n\t\t<div class=\"find horizontal-widget long span-12 \">\n                    <div class=\"title\">\n                            <h2>Trouver un magasin<\/h2>\n                    <\/div>\n                    <div class=\"find-widget-content\">\n                        <span class=\"find-widget-header-text\"><i class=\"fa fa-map-marker\"><\/i>Trouver un magasin:<\/span>\n                        <span class=\"tile kit-text span-2 form-text\"><strong>Entrez votre Adresse, Ville, Province ou Code Postal:<\/strong><\/span>\n                        <span class=\"tile horizontal-search \">\n                            <span id=\"searchbox\">\n                                <form action=\"\/fr\/localisateur\/\" method=\"post\" name=\"FindLocationForm\" class=\"findLocationForm\">\n\t<input name=\"FindLocationTextBox\" type=\"text\" maxlength=\"100\"  class=\"form_box findLocationTextBox\">\n\t<input type=\"hidden\" value=\"\" name=\"lat\" class=\"findLocationLat\"\/>\n\t<input type=\"hidden\" value=\"\" name=\"lng\" class=\"findLocationLng\"\/>\n    <button type=\"submit\" name=\"FindLocationButton\" class=\"search_submit button findLocationButton\"><i class=\"fa fa-search\"><\/i><\/button>\n<\/form>                            <\/span>\n                        <\/span>\n                        <div class=\"clearfix\"><\/div>\n                        <div class=\"tile kit-text span-2\"><\/div>\n                    <\/div>\n\t\t<\/div>\n\t\t\n<p><strong>Nos services comprennent ce qui suit:<\/strong><\/p>\n<ul>\n<li>Une adresse municipale, et non un simple num\u00e9ro de case postale : L\u2019image professionnelle de votre entreprise s\u2019en trouve rehauss\u00e9e.<\/li>\n<li>La r\u00e9ception de colis de toutes les entreprises de messagerie : Plus jamais vous ne raterez une livraison!<\/li>\n<li>Retenue et r\u00e9acheminement de courrier* : Nous conservons vos colis en lieu s\u00fbr pour que vous veniez les chercher quand bon vous semble. Nous pouvons aussi vous les r\u00e9exp\u00e9dier o\u00f9 que vous soyez.<\/li>\n<li>Acc\u00e8s jour et nuit* : Venez chercher votre courrier au moment de votre choix. Nous le conservons en lieu s\u00fbr et en toute confidentialit\u00e9.<\/li>\n<li>Avis de r\u00e9ception de courrier* : Nous vous avisons de l\u2019arriv\u00e9e de votre correspondance et de vos colis par courriel ou message texte.<\/li>\n<li>Suivi de courrier par t\u00e9l\u00e9phone : Pour gagner du temps et \u00e9viter de vous d\u00e9placer inutilement, t\u00e9l\u00e9phonez \u00e0 votre centre pour savoir si du courrier vous y attend.<\/li>\n<\/ul>\n<p>* Offert seulement dans certains centres participants.<br \/>\n**Des frais additionnels peuvent s\u2019appliquer.<\/p>\n<p><strong>Nous vous offrons tout cela, et bien plus encore \u00e0 The UPS Store!<\/strong><\/p>\n<p>En utilisant une bo\u00eete postale The UPS Store, vous obtenez des services pratiques, s\u00e9curitaires et professionnels pour g\u00e9rer plus efficacement vos affaires et votre temps.<\/p>\n<h3 id=\"questions-courantes-sur-les-bo%c3%aetes-postales-et-les-services-postaux-title\" >Questions courantes sur les bo\u00eetes postales et les services postaux<\/h3><ul id=\"questions-courantes-sur-les-bo%c3%aetes-postales-et-les-services-postaux\" class=\"accordion\"><\/p>\n<p><li><h3 class=\"faq-question\"><span class=\"faq-toggle\"><i class=\"fa fa-plus\"><\/i><\/span><span class=\"faq-question-text\">Quelle est la diff\u00e9rence entre la bo\u00eete postale The UPS Store et celle du bureau de poste ?<\/span><\/h3><span class=\"faq-answer\"><p>\n<a href=\"https:\/\/www.theupsstore1.net\/fr\/services\/boites-postales\/\">La bo\u00eete postale<\/a>\u00a0du centre The UPS Store vous procure une v\u00e9ritable adresse municipale, et non pas un simple num\u00e9ro de case postale. En tant que propri\u00e9taire d\u2019entreprise, vous savez \u00e0 quel point le fait d\u2019avoir une adresse r\u00e9elle projette une image professionnelle. The UPS Store offre \u00e9galement de nombreux autres services que vous ne trouverez pas au bureau de poste et qui vous feront gagner beaucoup de temps, notamment la\u00a0r\u00e9ception de colis ind\u00e9pendamment de l\u2019entreprise de messagerie et la possibilit\u00e9 d\u2019appeler au centre pour savoir si vous avez re\u00e7u du courrier.<br \/>\n<\/p><\/span><\/li><\/p>\n<p><li><h3 class=\"faq-question\"><span class=\"faq-toggle\"><i class=\"fa fa-plus\"><\/i><\/span><span class=\"faq-question-text\">\u00c0 quoi ressemblerait mon adresse postale ?<\/span><\/h3><span class=\"faq-answer\"><p>\nVotre adresse serait celle du centre The UPS Store, ainsi que la mention BPP (bo\u00eete postale priv\u00e9e) ou le\u00a0di\u00e8se (#) suivi de votre num\u00e9ro de bo\u00eete, comme dans l\u2019exemple suivant :<\/p>\n<p>Jean Untel<br \/>\nBPP XXX ou # XXX<br \/>\n12345, rue Quelconque<br \/>\nVille (Province) Code postal<\/p>\n<p><\/p><\/span><\/li><\/p>\n<p><li><h3 class=\"faq-question\"><span class=\"faq-toggle\"><i class=\"fa fa-plus\"><\/i><\/span><span class=\"faq-question-text\">Quelle est la dimension d\u2019une bo\u00eete postale ?<\/span><\/h3><span class=\"faq-answer\"><p>\nThe UPS Store offre divers formats de bo\u00eetes postales. Communiquez avec\u00a0<a href=\"https:\/\/www.theupsstore1.net\/fr\/localisateur\/\">le centre le plus pr\u00e8s<\/a>\u00a0pour discuter des dimensions possibles.<br \/>\n<\/p><\/span><\/li><\/p>\n<p><\/ul>\n<p><a href=\"https:\/\/www.theupsstore1.net\/fr\/service-a-la-clientele\/faq\/#questions-courantes-sur-les-bo%c3%aetes-postales-et-les-services-postaux-title\">Voir toutes les questions courantes sur les bo\u00eetes postales et les services postaux<\/a><br \/>\n&nbsp;<\/p>\n<\/div>","protected":false},"excerpt":{"rendered":"<p>Des bo\u00eetes postales qui en font plus pour vous The UPS Store Canada vous offre, \u00e0 vous ou \u00e0 votre entreprise, des services de location de bo\u00eete postale, de r\u00e9acheminement de courrier* et de r\u00e9ception de colis. Si vous voyagez souvent ou pr\u00e9voyez vous absenter longtemps, The UPS Store peut mettre \u00e0 votre disposition une &hellip; <a href=\"https:\/\/www.theupsstore1.net\/fr\/services\/boites-postales\/\">Continued<\/a><\/p>\n","protected":false},"author":4,"featured_media":17741,"parent":894,"menu_order":1,"comment_status":"closed","ping_status":"closed","template":"page-parent.php","meta":{"footnotes":""},"class_list":["post-946","page","type-page","status-publish","has-post-thumbnail","hentry"],"_links":{"self":[{"href":"https:\/\/www.theupsstore1.net\/fr\/wp-json\/wp\/v2\/pages\/946","targetHints":{"allow":["GET"]}}],"collection":[{"href":"https:\/\/www.theupsstore1.net\/fr\/wp-json\/wp\/v2\/pages"}],"about":[{"href":"https:\/\/www.theupsstore1.net\/fr\/wp-json\/wp\/v2\/types\/page"}],"author":[{"embeddable":true,"href":"https:\/\/www.theupsstore1.net\/fr\/wp-json\/wp\/v2\/users\/4"}],"replies":[{"embeddable":true,"href":"https:\/\/www.theupsstore1.net\/fr\/wp-json\/wp\/v2\/comments?post=946"}],"version-history":[{"count":0,"href":"https:\/\/www.theupsstore1.net\/fr\/wp-json\/wp\/v2\/pages\/946\/revisions"}],"up":[{"embeddable":true,"href":"https:\/\/www.theupsstore1.net\/fr\/wp-json\/wp\/v2\/pages\/894"}],"wp:featuredmedia":[{"embeddable":true,"href":"https:\/\/www.theupsstore1.net\/fr\/wp-json\/wp\/v2\/media\/17741"}],"wp:attachment":[{"href":"https:\/\/www.theupsstore1.net\/fr\/wp-json\/wp\/v2\/media?parent=946"}],"curies":[{"name":"wp","href":"https:\/\/api.w.org\/{rel}","templated":true}]}}