{"id":947,"date":"2013-04-25T20:38:44","date_gmt":"2013-04-25T20:38:44","guid":{"rendered":"https:\/\/www.theupsstore1.net\/?page_id=947"},"modified":"2025-08-29T15:18:23","modified_gmt":"2025-08-29T19:18:23","slug":"emballage-expedition","status":"publish","type":"page","link":"https:\/\/www.theupsstore1.net\/fr\/services\/emballage-expedition\/","title":{"rendered":"Services d\u2019emballage et d\u2019exp\u00e9dition"},"content":{"rendered":"<div class=\"wp-editor-content\"><p>Vous recherchez une entreprise de messagerie canadienne qui assure la livraison au pays et \u00e0 l\u2019international ? Vous avez besoin d\u2019aide pour emballer vos articles fragiles en pr\u00e9vision d\u2019un grand d\u00e9m\u00e9nagement ? Votre entreprise veut se procurer le bon mat\u00e9riel pour emballer un article surdimensionn\u00e9 ? The UPS Store offre des services de livraison locale et int\u00e9rieure, en plus de ses services d\u2019exp\u00e9dition vers la plupart des pays. C\u2019est sans compter ses services d\u2019emballage et sa vaste gamme de fournitures de d\u00e9m\u00e9nagement.<\/p>\n<p><a href=\"https:\/\/www.theupsstore1.net\/expedier-au-canada\/\"><img loading=\"lazy\" decoding=\"async\" class=\"aligncenter wp-image-82507 size-full\" src=\"https:\/\/www.theupsstore1.net\/wp-content\/uploads\/2025\/08\/French-Banner.png\" alt=\"\" width=\"734\" height=\"150\" \/><\/a><\/p>\n<p>Nous avons r\u00e9cemment introduit des tarifs d&rsquo;exp\u00e9dition encore plus bas lorsque vous exp\u00e9diez avec UPS\u00ae \u00e0 The UPS Store\u00ae! Consultez votre magasin pour plus de d\u00e9tails.<\/p>\n<p>Les experts certifi\u00e9s en emballage des centres The UPS Store sont en mesure d\u2019emballer et d\u2019exp\u00e9dier tous vos articles \u2013 du courrier au grille-pain, en passant par la planche de surf. Nos centres offrent un \u00e9ventail complet de services d\u2019exp\u00e9dition par l\u2019entremise d\u2019UPS\u00a0 et d\u2019autres entreprises de messagerie. Nos services de livraison comprennent notamment ce qui suit :<\/p>\n<ul>\n<li>UPS Express Early<sup>\u00ae<\/sup><\/li>\n<li>UPS Express<sup>\u00ae<\/sup><\/li>\n<li>UPS Express Saver<sup>\u00ae<\/sup><\/li>\n<li>UPS Expedited<sup>\u00ae<\/sup><\/li>\n<li>UPS 3 Day Select<sup>\u00ae<\/sup><\/li>\n<li>UPS Standard<sup>\u00ae<\/sup><\/li>\n<\/ul>\n\t\t<div class=\"find horizontal-widget long span-12 \">\n                    <div class=\"title\">\n                            <h2>Trouver un magasin<\/h2>\n                    <\/div>\n                    <div class=\"find-widget-content\">\n                        <span class=\"find-widget-header-text\"><i class=\"fa fa-map-marker\"><\/i>Trouver un magasin:<\/span>\n                        <span class=\"tile kit-text span-2 form-text\"><strong>Entrez votre Adresse, Ville, Province ou Code Postal:<\/strong><\/span>\n                        <span class=\"tile horizontal-search \">\n                            <span id=\"searchbox\">\n                                <form action=\"\/fr\/localisateur\/\" method=\"post\" name=\"FindLocationForm\" class=\"findLocationForm\">\n\t<input name=\"FindLocationTextBox\" type=\"text\" maxlength=\"100\"  class=\"form_box findLocationTextBox\">\n\t<input type=\"hidden\" value=\"\" name=\"lat\" class=\"findLocationLat\"\/>\n\t<input type=\"hidden\" value=\"\" name=\"lng\" class=\"findLocationLng\"\/>\n    <button type=\"submit\" name=\"FindLocationButton\" class=\"search_submit button findLocationButton\"><i class=\"fa fa-search\"><\/i><\/button>\n<\/form>                            <\/span>\n                        <\/span>\n                        <div class=\"clearfix\"><\/div>\n                        <div class=\"tile kit-text span-2\"><\/div>\n                    <\/div>\n\t\t<\/div>\n\t\t\n<p>Faites votre choix parmi une panoplie de solutions d\u2019emballage et d\u2019exp\u00e9dition. Communiquez avec le centre le plus pr\u00e8s pour conna\u00eetre les prix et les services offerts :<\/p>\n<ul>\n<li>Garantie d\u2019emballage et d\u2019exp\u00e9dition<\/li>\n<li>Emballage<\/li>\n<li>Livraison int\u00e9rieure<\/li>\n<li>Livraison internationale<\/li>\n<li>Fournitures de d\u00e9m\u00e9nagement<\/li>\n<li>Services de transport<\/li>\n<\/ul>\n<p>Que vous exp\u00e9diiez un instrument de musique, une cha\u00eene st\u00e9r\u00e9o ou du mobilier, les services d\u2019exp\u00e9dition des centres The UPS Store sauront r\u00e9pondre \u00e0 vos besoins. Nos centres proposent des services d\u2019exp\u00e9dition exclusifs, de m\u00eame que des services d\u2019emballage et la mise en caisse d\u2019objets surdimensionn\u00e9s. La plupart de nos centres offrent \u00e9galement du mat\u00e9riel d\u2019emballage, des fournitures de d\u00e9m\u00e9nagement et des services de cueillette locale pour vos articles de toute taille.<\/p>\n<h2>Services de transport<\/h2>\n<p>Vous voulez exp\u00e9dier un article volumineux, comme une table de billard, une horloge grand-p\u00e8re ou une \u0153uvre d\u2019art, ou m\u00eame encore plus gros, comme une moto ou une voiture ? La plupart de nos centres offrent des solutions \u00e0 prix concurrentiel pour vos envois, peu importe leur taille. Petit ou grand, on en fait notre affaire !<\/p>\n<div>\n<div>\n<div class=\"col-md-4 col-sm-6\"><div class=\"content-image-module-wrap\"><a href=\"https:\/\/www.theupsstore1.net\/fr\/services\/emballage-expedition\/livraison-canada\/\"><div class=\"content-image-module\" style=\"background-image: url(http:\/\/www.theupsstore.ca\/wp-content\/uploads\/2016\/04\/DS-1.jpg\"><div class=\"content-image-module-title\"><\/p>\n<p>Livraison<\/p>\n<p><\/div><\/div><\/a><\/div><\/div>\n<\/div>\n<div class=\"col-md-4 col-sm-6\"><div class=\"content-image-module-wrap\"><a href=\"https:\/\/www.theupsstore1.net\/fr\/services\/emballage-expedition\/fournitures-demenagement\/\"><div class=\"content-image-module\" style=\"background-image: url(http:\/\/www.theupsstore.ca\/wp-content\/uploads\/2016\/04\/MS.jpg\"><div class=\"content-image-module-title\"><\/p>\n<p>Fournitures de d\u00e9m\u00e9nagement<\/p>\n<p><\/div><\/div><\/a><\/div><\/div>\n<div class=\"col-md-4 col-sm-6\"><div class=\"content-image-module-wrap\"><a href=\"https:\/\/www.theupsstore1.net\/fr\/services\/emballage-expedition\/garantie\/\"><div class=\"content-image-module\" style=\"background-image: url(http:\/\/www.theupsstore.ca\/wp-content\/uploads\/2016\/04\/PSG.jpg\"><div class=\"content-image-module-title\"><\/p>\n<p>Garantie d\u2019emballage et d\u2019exp\u00e9dition<\/p>\n<p><\/div><\/div><\/a><\/div><\/div>\n<div class=\"col-md-4 col-sm-6\"><div class=\"content-image-module-wrap\"><a href=\"https:\/\/www.theupsstore1.net\/fr\/services\/emballage-expedition\/emballage\/\"><div class=\"content-image-module\" style=\"background-image: url(http:\/\/www.theupsstore.ca\/wp-content\/uploads\/2016\/04\/PS.jpg\"><div class=\"content-image-module-title\"><\/p>\n<p>Services d\u2019emballage<\/p>\n<p><\/div><\/div><\/a><\/div><\/div>\n<div class=\"col-md-4 col-sm-6\"><div class=\"content-image-module-wrap\"><a href=\"https:\/\/www.theupsstore1.net\/fr\/calculatrice-frais-expedition\/\"><div class=\"content-image-module\" style=\"background-image: url(http:\/\/www.theupsstore.ca\/wp-content\/uploads\/2016\/04\/SCC.jpg\"><div class=\"content-image-module-title\"><\/p>\n<p>Calculatrice de frais d\u2019exp\u00e9dition<\/p>\n<p><\/div><\/div><\/a><\/div><\/div>\n<\/div>\n<div class=\"col-md-4 col-sm-6\"><div class=\"content-image-module-wrap\"><a href=\"https:\/\/www.theupsstore1.net\/fr\/solutions-petites-entreprises\/obtenez-plus\/\"><div class=\"content-image-module\" style=\"background-image: url(http:\/\/www.theupsstore.ca\/wp-content\/uploads\/2017\/12\/shipping-get-more-fr.jpg\"><div class=\"content-image-module-title\"><\/p>\n<p>Le programme de fid\u00e9lit\u00e9 OBTENEZ PLUS<\/p>\n<p><\/div><\/div><\/a><\/div><\/div>\n<h3 id=\"questions-courantes-sur-l%e2%80%99emballage-title\" >Questions courantes sur l\u2019emballage<\/h3><ul id=\"questions-courantes-sur-l%e2%80%99emballage\" class=\"accordion\"><\/p>\n<p><li><h3 class=\"faq-question\"><span class=\"faq-toggle\"><i class=\"fa fa-plus\"><\/i><\/span><span class=\"faq-question-text\">Pouvez-vous emballer mon ou mes articles?<\/span><\/h3><span class=\"faq-answer\"><p>\nOui. Nos professionnels de l\u2019emballage prennent bien soin de prot\u00e9ger vos articles avant de les exp\u00e9dier. Nous respectons des normes de qualit\u00e9 strictes afin que votre colis arrive \u00e0 bon port.<br \/>\n<\/p><\/span><\/li><\/p>\n<p><li><h3 class=\"faq-question\"><span class=\"faq-toggle\"><i class=\"fa fa-plus\"><\/i><\/span><span class=\"faq-question-text\">Puis-je acheter du mat\u00e9riel d\u2019emballage \u00e0 The UPS Store?<\/span><\/h3><span class=\"faq-answer\"><p>\nNous offrons une vaste gamme de fournitures et de mat\u00e9riel d\u2019emballage, notamment des enveloppes, des bo\u00eetes, du film \u00e0 bulle d\u2019air, des flocons de styromousse et du ruban adh\u00e9sif. Demandez conseil \u00e0 nos experts en emballage pour savoir quelles fournitures r\u00e9pondront le mieux \u00e0 vos besoins.s.<br \/>\n<\/p><\/span><\/li><\/p>\n<p><li><h3 class=\"faq-question\"><span class=\"faq-toggle\"><i class=\"fa fa-plus\"><\/i><\/span><span class=\"faq-question-text\">Combien co\u00fbtent vos services et votre mat\u00e9riel d\u2019emballage?<\/span><\/h3><span class=\"faq-answer\"><p>\nComme nos centres sont d\u00e9tenus et exploit\u00e9s par des franchis\u00e9s ind\u00e9pendants, les prix peuvent varier. Communiquez avec le centre le plus pr\u00e8s pour conna\u00eetre les prix.<br \/>\n<\/p><\/span><\/li><\/p>\n<p><\/ul>\n<p><a href=\"https:\/\/www.theupsstore1.net\/fr\/service-a-la-clientele\/faq\/#questions-courantes-sur-l%e2%80%99emballage-title\">Voir toutes les questions courantes sur l\u2019emballage<\/a><\/p>\n<\/div>","protected":false},"excerpt":{"rendered":"<p>Vous recherchez une entreprise de messagerie canadienne qui assure la livraison au pays et \u00e0 l\u2019international ? Vous avez besoin d\u2019aide pour emballer vos articles fragiles en pr\u00e9vision d\u2019un grand d\u00e9m\u00e9nagement ? Votre entreprise veut se procurer le bon mat\u00e9riel pour emballer un article surdimensionn\u00e9 ? The UPS Store offre des services de livraison locale &hellip; <a href=\"https:\/\/www.theupsstore1.net\/fr\/services\/emballage-expedition\/\">Continued<\/a><\/p>\n","protected":false},"author":4,"featured_media":60619,"parent":894,"menu_order":2,"comment_status":"closed","ping_status":"closed","template":"page-parent.php","meta":{"footnotes":""},"class_list":["post-947","page","type-page","status-publish","has-post-thumbnail","hentry"],"_links":{"self":[{"href":"https:\/\/www.theupsstore1.net\/fr\/wp-json\/wp\/v2\/pages\/947","targetHints":{"allow":["GET"]}}],"collection":[{"href":"https:\/\/www.theupsstore1.net\/fr\/wp-json\/wp\/v2\/pages"}],"about":[{"href":"https:\/\/www.theupsstore1.net\/fr\/wp-json\/wp\/v2\/types\/page"}],"author":[{"embeddable":true,"href":"https:\/\/www.theupsstore1.net\/fr\/wp-json\/wp\/v2\/users\/4"}],"replies":[{"embeddable":true,"href":"https:\/\/www.theupsstore1.net\/fr\/wp-json\/wp\/v2\/comments?post=947"}],"version-history":[{"count":3,"href":"https:\/\/www.theupsstore1.net\/fr\/wp-json\/wp\/v2\/pages\/947\/revisions"}],"predecessor-version":[{"id":82708,"href":"https:\/\/www.theupsstore1.net\/fr\/wp-json\/wp\/v2\/pages\/947\/revisions\/82708"}],"up":[{"embeddable":true,"href":"https:\/\/www.theupsstore1.net\/fr\/wp-json\/wp\/v2\/pages\/894"}],"wp:featuredmedia":[{"embeddable":true,"href":"https:\/\/www.theupsstore1.net\/fr\/wp-json\/wp\/v2\/media\/60619"}],"wp:attachment":[{"href":"https:\/\/www.theupsstore1.net\/fr\/wp-json\/wp\/v2\/media?parent=947"}],"curies":[{"name":"wp","href":"https:\/\/api.w.org\/{rel}","templated":true}]}}