{"id":950,"date":"2013-04-25T20:43:28","date_gmt":"2013-04-25T20:43:28","guid":{"rendered":"https:\/\/www.theupsstore1.net\/?page_id=950"},"modified":"2024-01-22T15:43:54","modified_gmt":"2024-01-22T20:43:54","slug":"emballage","status":"publish","type":"page","link":"https:\/\/www.theupsstore1.net\/fr\/services\/emballage-expedition\/emballage\/","title":{"rendered":"Services d\u2019emballage"},"content":{"rendered":"<div class=\"wp-editor-content\"><h2>Des services qui vous emballeront<\/h2>\n<p>Vous changez de maison ou de local commercial ? \u00c9courtez votre liste de t\u00e2ches en confiant l\u2019emballage de vos biens \u00e0 un centre The UPS Store. Pour tous vos besoins d\u2019empaquetage, vous pouvez compter sur l\u2019aide des experts certifi\u00e9s en emballage des centres The UPS Store. Nous offrons \u00e9galement une vaste gamme de fournitures et de bo\u00eetes pour r\u00e9pondre \u00e0 tous vos besoins en mati\u00e8re de d\u00e9m\u00e9nagement et d\u2019exp\u00e9dition.<\/p>\n\t\t<div class=\"find horizontal-widget long span-12 \">\n                    <div class=\"title\">\n                            <h2>Trouver un magasin<\/h2>\n                    <\/div>\n                    <div class=\"find-widget-content\">\n                        <span class=\"find-widget-header-text\"><i class=\"fa fa-map-marker\"><\/i>Trouver un magasin:<\/span>\n                        <span class=\"tile kit-text span-2 form-text\"><strong>Entrez votre Adresse, Ville, Province ou Code Postal:<\/strong><\/span>\n                        <span class=\"tile horizontal-search \">\n                            <span id=\"searchbox\">\n                                <form action=\"\/fr\/localisateur\/\" method=\"post\" name=\"FindLocationForm\" class=\"findLocationForm\">\n\t<input name=\"FindLocationTextBox\" type=\"text\" maxlength=\"100\"  class=\"form_box findLocationTextBox\">\n\t<input type=\"hidden\" value=\"\" name=\"lat\" class=\"findLocationLat\"\/>\n\t<input type=\"hidden\" value=\"\" name=\"lng\" class=\"findLocationLng\"\/>\n    <button type=\"submit\" name=\"FindLocationButton\" class=\"search_submit button findLocationButton\"><i class=\"fa fa-search\"><\/i><\/button>\n<\/form>                            <\/span>\n                        <\/span>\n                        <div class=\"clearfix\"><\/div>\n                        <div class=\"tile kit-text span-2\"><\/div>\n                    <\/div>\n\t\t<\/div>\n\t\t\n<h2>Services d\u2019emballage<\/h2>\n<p>Les experts certifi\u00e9s en emballage des centres The UPS Store peuvent empaqueter presque tout. Nous vous faisons gagner un temps pr\u00e9cieux tout en nous assurant que vos articles arriveront \u00e0 destination en parfaite condition. Nos experts sont pass\u00e9s ma\u00eetres dans l\u2019emballage de vos articles fragiles et de valeur comme les antiquit\u00e9s, les \u0153uvres d\u2019art, les articles \u00e9lectroniques, la verrerie, la vaissellerie et la porcelaine.<\/p>\n<h3>Garantie d\u2019emballage et d\u2019exp\u00e9dition<\/h3>\n<p>Ayez l\u2019esprit tranquille avec The UPS Store. En cas de perte ou d\u2019endommagement d\u2019un article emball\u00e9 par l\u2019un de nos associ\u00e9s et exp\u00e9di\u00e9 par l\u2019entremise d\u2019UPS, nous vous remboursons sa valeur (selon le moindre de ces montants : prix r\u00e9el, co\u00fbt de remplacement ou co\u00fbt de r\u00e9paration de l\u2019article), le plein prix de d\u00e9tail des fournitures et des services d\u2019emballage ainsi que les co\u00fbts d\u2019exp\u00e9dition (\u00e0 l\u2019exception de la protection pour la valeur d\u00e9clar\u00e9e). Des restrictions s\u2019appliquent. Pour tous les d\u00e9tails, consultez notre <a href=\"https:\/\/www.theupsstore1.net\/fr\/services\/emballage-expedition\/garantie\/\">Garantie d\u2019emballage et d\u2019exp\u00e9dition<\/a>*.<\/p>\n<p>*Des frais additionnels s\u2019appliquent.<\/p>\n<h3>Fournitures d\u2019emballage libre-service<\/h3>\n<p>Difficile de trouver des fournitures d\u2019emballage ? Ne cherchez plus : The UPS Store a tout pour r\u00e9pondre \u00e0 vos besoins. Nous avons en stock une gamme compl\u00e8te de fournitures : bo\u00eetes, film \u00e0 bulles d\u2019air, flocons de styromousse, enveloppes matelass\u00e9es, ruban adh\u00e9sif et bien plus encore. Demandez conseil \u00e0 nos experts en emballage pour savoir quelles fournitures r\u00e9pondront le mieux \u00e0 vos besoins.<\/p>\n<h3>Emballage sur mesure<\/h3>\n<p>Les objets surdimensionn\u00e9s ou de forme sp\u00e9ciale n\u00e9cessitent souvent des soins particuliers. Les centres The UPS Store offrent un service de manutention et d\u2019emballage personnalis\u00e9 : couvertures, bo\u00eetes sur mesure, caisses en bois, emballage par r\u00e9traction et palettisation. Les experts de votre centre le plus pr\u00e8s pourront vous conseiller sur les meilleures m\u00e9thodes d\u2019emballage.<\/p>\n<h3>Conseils sur l\u2019emballage et le d\u00e9m\u00e9nagement<\/h3>\n<p><strong>\u00c0 FAIRE:<\/strong><br \/>\n\u2022 Apposer une \u00e9tiquette \u00e0 l\u2019int\u00e9rieur du colis et y inscrire l\u2019adresse de destination et de retour.<br \/>\n\u2022 Retirer les piles des jouets, des articles \u00e9lectroniques et des autres objets avant l\u2019envoi.<br \/>\n\u2022 Demander conseil aux experts de votre centre The UPS Store avant d\u2019exp\u00e9dier vos objets fragiles.<br \/>\n\u2022 Pr\u00e9voir assez de temps pour que vos cadeaux se rendent \u00e0 destination, surtout si vous les exp\u00e9diez par voie a\u00e9rienne.<\/p>\n<p><strong>\u00c0 NE PAS FAIRE:<\/strong><br \/>\n\u2022 Emballer vos bo\u00eetes avec du papier gris d\u2019emballage ou les attacher \u00e0 l\u2019aide d\u2019une ficelle.<br \/>\n\u2022 Emballer vos articles dans du papier journal ou les prot\u00e9ger avec du ma\u00efs souffl\u00e9.<br \/>\n\u2022 Utiliser de vieilles bo\u00eetes ou des bo\u00eetes-cadeaux pour exp\u00e9dier vos pr\u00e9sents.<br \/>\n\u2022 Sceller vos bo\u00eetes \u00e0 l\u2019aide de ruban \u00e0 conduits, de ruban-cache ou de ruban de cellophane.<\/p>\n<h3>Suivi de colis<\/h3>\n<p>Utilisez <a href=\"https:\/\/www.theupsstore1.net\/fr\/track\/\">l\u2019outil de suivi<\/a> pour rep\u00e9rer vos envois et \u00e9valuer le d\u00e9lai de livraison.<\/p>\n<h3 id=\"questions-courantes-sur-l%e2%80%99emballage-title\" >Questions courantes sur l\u2019emballage<\/h3><ul id=\"questions-courantes-sur-l%e2%80%99emballage\" class=\"accordion\"><\/p>\n<p><li><h3 class=\"faq-question\"><span class=\"faq-toggle\"><i class=\"fa fa-plus\"><\/i><\/span><span class=\"faq-question-text\">Pouvez-vous emballer mon ou mes articles ?<\/span><\/h3><span class=\"faq-answer\"><p>\nOui. Nos professionnels de l\u2019emballage prennent bien soin de prot\u00e9ger vos articles avant de les exp\u00e9dier. Nous respectons des normes de qualit\u00e9 strictes afin que votre colis arrive \u00e0 bon port.<br \/>\n<\/p><\/span><\/li><\/p>\n<p><li><h3 class=\"faq-question\"><span class=\"faq-toggle\"><i class=\"fa fa-plus\"><\/i><\/span><span class=\"faq-question-text\">Puis-je acheter du mat\u00e9riel d\u2019emballage \u00e0 The UPS Store ?<\/span><\/h3><span class=\"faq-answer\"><p>\nNous offrons une vaste gamme de fournitures et de mat\u00e9riel d\u2019emballage, notamment des enveloppes, des bo\u00eetes, du film \u00e0 bulle d\u2019air, des flocons de styromousse et du ruban adh\u00e9sif. Demandez conseil \u00e0 nos experts en emballage pour savoir quelles fournitures r\u00e9pondront le mieux \u00e0 vos besoins.<br \/>\n<\/p><\/span><\/li><\/p>\n<p><li><h3 class=\"faq-question\"><span class=\"faq-toggle\"><i class=\"fa fa-plus\"><\/i><\/span><span class=\"faq-question-text\">Combien co\u00fbtent vos services et votre mat\u00e9riel d\u2019emballage ?<\/span><\/h3><span class=\"faq-answer\"><p>\nComme nos centres sont d\u00e9tenus et exploit\u00e9s par des franchis\u00e9s ind\u00e9pendants, les prix peuvent varier. Communiquez avec le centre le plus pr\u00e8s pour conna\u00eetre les prix.<br \/>\n<\/p><\/span><\/li><\/p>\n<p><\/ul>\n<p><a href=\"https:\/\/www.theupsstore1.net\/fr\/service-a-la-clientele\/faq\/#questions-courantes-sur-l%e2%80%99emballage-title\">Voir toutes les questions courantes sur l\u2019emballage<\/a><\/p>\n<\/div>","protected":false},"excerpt":{"rendered":"<p>Des services qui vous emballeront Vous changez de maison ou de local commercial ? \u00c9courtez votre liste de t\u00e2ches en confiant l\u2019emballage de vos biens \u00e0 un centre The UPS Store. Pour tous vos besoins d\u2019empaquetage, vous pouvez compter sur l\u2019aide des experts certifi\u00e9s en emballage des centres The UPS Store. Nous offrons \u00e9galement une &hellip; <a href=\"https:\/\/www.theupsstore1.net\/fr\/services\/emballage-expedition\/emballage\/\">Continued<\/a><\/p>\n","protected":false},"author":4,"featured_media":17724,"parent":947,"menu_order":0,"comment_status":"closed","ping_status":"closed","template":"","meta":{"footnotes":""},"class_list":["post-950","page","type-page","status-publish","has-post-thumbnail","hentry"],"_links":{"self":[{"href":"https:\/\/www.theupsstore1.net\/fr\/wp-json\/wp\/v2\/pages\/950","targetHints":{"allow":["GET"]}}],"collection":[{"href":"https:\/\/www.theupsstore1.net\/fr\/wp-json\/wp\/v2\/pages"}],"about":[{"href":"https:\/\/www.theupsstore1.net\/fr\/wp-json\/wp\/v2\/types\/page"}],"author":[{"embeddable":true,"href":"https:\/\/www.theupsstore1.net\/fr\/wp-json\/wp\/v2\/users\/4"}],"replies":[{"embeddable":true,"href":"https:\/\/www.theupsstore1.net\/fr\/wp-json\/wp\/v2\/comments?post=950"}],"version-history":[{"count":0,"href":"https:\/\/www.theupsstore1.net\/fr\/wp-json\/wp\/v2\/pages\/950\/revisions"}],"up":[{"embeddable":true,"href":"https:\/\/www.theupsstore1.net\/fr\/wp-json\/wp\/v2\/pages\/947"}],"wp:featuredmedia":[{"embeddable":true,"href":"https:\/\/www.theupsstore1.net\/fr\/wp-json\/wp\/v2\/media\/17724"}],"wp:attachment":[{"href":"https:\/\/www.theupsstore1.net\/fr\/wp-json\/wp\/v2\/media?parent=950"}],"curies":[{"name":"wp","href":"https:\/\/api.w.org\/{rel}","templated":true}]}}