{"id":961,"date":"2013-04-26T15:41:41","date_gmt":"2013-04-26T15:41:41","guid":{"rendered":"https:\/\/www.theupsstore1.net\/?page_id=961"},"modified":"2024-01-18T09:54:11","modified_gmt":"2024-01-18T14:54:11","slug":"livraison-internationale","status":"publish","type":"page","link":"https:\/\/www.theupsstore1.net\/fr\/services\/emballage-expedition\/livraison-internationale\/","title":{"rendered":"Livraison internationale"},"content":{"rendered":"<div class=\"wp-editor-content\"><h2>Transportez-vous ailleurs<\/h2>\n<p>Besoin de services de transport a\u00e9rien pour exp\u00e9dier un colis vers l\u2019\u00e9tranger ou de solutions pour assurer la livraison internationale et le suivi des envois de votre entreprise ? The UPS Store est un point de service autoris\u00e9 d\u2019UPS et un point de d\u00e9p\u00f4t pour les services de messagerie a\u00e9rienne et d\u2019exp\u00e9dition par voie terrestre d\u2019UPS. Nous offrons aussi une vaste gamme de service d\u2019exp\u00e9dition par l\u2019entremise d\u2019autres entreprises de messagerie internationales comme Canpar et DHL.<\/p>\n<p>Si vous ou votre entreprise souhaitez envoyer des bo\u00eetes, des paquets ou des documents \u00e0 destination de l\u2019\u00e9tranger ou si vous avez besoin d\u2019un service de messagerie de colis, The UPS Store peut vous aider. Que vous souhaitiez vous pr\u00e9valoir de la livraison express ou standard, nous offrons une multitude de solutions allant de la livraison le lendemain \u00e0 la livraison par voie terrestre. Communiquez avec votre centre le plus pr\u00e8s pour conna\u00eetre les services offerts, les prix, les tarifs d\u2019exp\u00e9dition et les d\u00e9lais.<\/p>\n\t\t<div class=\"find horizontal-widget long span-12 \">\n                    <div class=\"title\">\n                            <h2>Trouver un magasin<\/h2>\n                    <\/div>\n                    <div class=\"find-widget-content\">\n                        <span class=\"find-widget-header-text\"><i class=\"fa fa-map-marker\"><\/i>Trouver un magasin:<\/span>\n                        <span class=\"tile kit-text span-2 form-text\"><strong>Entrez votre Adresse, Ville, Province ou Code Postal:<\/strong><\/span>\n                        <span class=\"tile horizontal-search \">\n                            <span id=\"searchbox\">\n                                <form action=\"\/fr\/localisateur\/\" method=\"post\" name=\"FindLocationForm\" class=\"findLocationForm\">\n\t<input name=\"FindLocationTextBox\" type=\"text\" maxlength=\"100\"  class=\"form_box findLocationTextBox\">\n\t<input type=\"hidden\" value=\"\" name=\"lat\" class=\"findLocationLat\"\/>\n\t<input type=\"hidden\" value=\"\" name=\"lng\" class=\"findLocationLng\"\/>\n    <button type=\"submit\" name=\"FindLocationButton\" class=\"search_submit button findLocationButton\"><i class=\"fa fa-search\"><\/i><\/button>\n<\/form>                            <\/span>\n                        <\/span>\n                        <div class=\"clearfix\"><\/div>\n                        <div class=\"tile kit-text span-2\"><\/div>\n                    <\/div>\n\t\t<\/div>\n\t\t\n<h2>Services internationaux de messagerie, d\u2019exp\u00e9dition et de transport<\/h2>\n<p>Mettez le cap sur le monde depuis le confort de votre quartier.<\/p>\n<p>L\u2019exp\u00e9dition de colis \u00e0 destination de l\u2019\u00e9tranger peut \u00eatre un processus fastidieux : il y a la documentation \u00e0 remplir, les tarifs \u00e0 payer, la r\u00e9glementation \u00e0 v\u00e9rifier et les droits de douane \u00e0 r\u00e9gler. C\u2019est ici que les centres The UPS Store entrent en sc\u00e8ne. Laissez-nous nous occuper de tous les d\u00e9tails. Nous sommes vos experts locaux en mati\u00e8re de livraison internationale.<\/p>\n<h3>Gagnez du temps gr\u00e2ce \u00e0 nos experts<\/h3>\n<p>Pour acheminer vos colis \u00e0 temps, il faut pr\u00e9senter les bons documents. Nos experts des centres The UPS Store peuvent vous aider \u00e0 d\u00e9terminer et \u00e0 remplir la documentation requise.<\/p>\n<h3>Des services adapt\u00e9s \u00e0 vos besoins<\/h3>\n<p>Les experts en livraison internationale des centres The UPS Store vous font gagner du temps en vous \u00e9paulant, vous et votre petite entreprise. La prochaine fois que vous souhaitez exp\u00e9dier un colis \u00e0 l\u2019\u00e9tranger, laissez-nous prendre soin de tout!<\/p>\n\t\t<div class=\"track horizontal-widget long span-12  tracking-shortcode\">\n                        <h2>Suivi de Colis<\/h2>\n\t\t\t<div class=\"tracking\">\n\t\t\t\t<div id=\"searchbox\" class=\"tracking-box\">\n\t\t\t\t\t<form action=\"https:\/\/www.theupsstore1.net\/track\/\" method=\"get\" onsubmit=\"location.href='https:\/\/www.theupsstore1.net\/track\/' + encodeURIComponent(this.tracking_number.value).replace(\/%20\/g, '+'); return false;\" >\n\t<label for=\"tracking_number\">Num\u00e9ro de suivi &nbsp;<\/label>\n\t<input type=\"text\" name=\"tracking_number\" class=\"form_box\" \/>\n\t<input type=\"submit\" name=\"TrackPackageButton\" id=\"TrackPackageButton\" class=\"gray-button-large\" value=\"Suivi\">\n<\/form>\t\t\t\t<\/div>\n\t\t\t<\/div>\n\t\t\t<div class=\"tile kit-text span-2\"><\/div>\n\t\t<\/div>\n\t\t\n<h3>Garantie d\u2019emballage et d\u2019exp\u00e9dition<\/h3>\n<p>Ayez l\u2019esprit tranquille avec The UPS Store. En cas de perte ou d\u2019endommagement d\u2019un article emball\u00e9 par l\u2019un de nos associ\u00e9s et exp\u00e9di\u00e9 par l\u2019entremise d\u2019UPS, nous vous remboursons sa valeur (selon le moindre de ces montants : prix r\u00e9el, co\u00fbt de remplacement ou co\u00fbt de r\u00e9paration de l\u2019article), le plein prix de d\u00e9tail des fournitures et des services d\u2019emballage ainsi que les co\u00fbts d\u2019exp\u00e9dition (\u00e0 l\u2019exception de la protection pour la valeur d\u00e9clar\u00e9e). Des restrictions s\u2019appliquent. Pour tous les d\u00e9tails, consultez notre Garantie d\u2019emballage et d\u2019exp\u00e9dition*.<\/p>\n<p>*<em>Des frais additionnels s\u2019appliquent.<\/em><\/p>\n<h3>Services de livraison internationale<\/h3>\n<p>UPS offre des services garantis de livraison internationale \u00e0 une heure et \u00e0 un jour d\u00e9finis selon la destination de votre envoi.<\/p>\n<table class=\"feature-table\" style=\"width: 620px;\" border=\"0\" cellspacing=\"0\" cellpadding=\"0\">\n<thead>\n<tr>\n<th class=\"form-header\" colspan=\"1\" valign=\"top\"><b>D\u00e9lai de livraison<\/b><\/th>\n<th class=\"form-header\" colspan=\"1\" valign=\"top\"><b>Heure de livraison<\/b><\/th>\n<th class=\"form-header\" colspan=\"1\" valign=\"top\"><b>Service recommand\u00e9<\/b><\/th>\n<\/tr>\n<\/thead>\n<tbody>\n<tr>\n<td valign=\"top\" width=\"26%\">1 jour ouvrable<\/td>\n<td valign=\"top\" width=\"39%\">Livraison g\u00e9n\u00e9ralement effectu\u00e9e avant 8\u00a0h\u00a030 ou 9\u00a0h<\/td>\n<td valign=\"top\" width=\"35%\">UPS Express Early vers les \u00c9tats-Unis<\/td>\n<\/tr>\n<tr>\n<td valign=\"top\" width=\"26%\">De 1 \u00e0 3 jours ouvrables<\/td>\n<td valign=\"top\" width=\"39%\">Livraison g\u00e9n\u00e9ralement effectu\u00e9e avant 10\u00a0h\u00a030 , 12\u00a0h ou 14\u00a0h\u00a030<\/td>\n<td valign=\"top\" width=\"35%\">UPS Worldwide Express<\/td>\n<\/tr>\n<tr>\n<td valign=\"top\" width=\"26%\">De 2 \u00e0 3 jours ouvrables<\/td>\n<td valign=\"top\" width=\"39%\">Livraison g\u00e9n\u00e9ralement effectu\u00e9e avant 9\u00a0h<\/td>\n<td valign=\"top\" width=\"35%\">UPS Worldwide Express Plus<\/td>\n<\/tr>\n<tr>\n<td valign=\"top\" width=\"26%\">De 1 \u00e0 3 jours ouvrables<\/td>\n<td valign=\"top\" width=\"39%\">Livraison avant la fin de la journ\u00e9e<\/td>\n<td valign=\"top\" width=\"35%\">UPS Worldwide Express Saver<\/td>\n<\/tr>\n<tr>\n<td valign=\"top\" width=\"26%\">3 jours ouvrables<\/td>\n<td valign=\"top\" width=\"39%\">Livraison avant la fin de la journ\u00e9e<\/td>\n<td valign=\"top\" width=\"35%\">UPS 3 Day Select aux \u00c9tats-Unis<\/td>\n<\/tr>\n<tr>\n<td valign=\"top\" width=\"26%\">De 2 \u00e0 5 jours ouvrables<\/td>\n<td valign=\"top\" width=\"39%\">Livraison avant la fin de la journ\u00e9e<\/td>\n<td valign=\"top\" width=\"35%\">UPS Worldwide Expedited<\/td>\n<\/tr>\n<tr>\n<td valign=\"top\" width=\"26%\">Livraison flexible selon la destination de l\u2019envoi<\/td>\n<td valign=\"top\" width=\"39%\">Livraison avant la fin de la journ\u00e9e<\/td>\n<td valign=\"top\" width=\"35%\">UPS Standard\u00a0vers les \u00c9tats-Unis<\/td>\n<\/tr>\n<\/tbody>\n<\/table>\n<p>&nbsp;<\/p>\n<h3>Suivi de colis<\/h3>\n<p>Utilisez <a href=\"https:\/\/www.theupsstore1.net\/fr\/track\/\">l\u2019outil de suivi<\/a> pour rep\u00e9rer vos envois et \u00e9valuer le d\u00e9lai de livraison.<\/p>\n<h3 id=\"questions-courantes-sur-la-livraison-internationale-title\" >Questions courantes sur la livraison internationale<\/h3><ul id=\"questions-courantes-sur-la-livraison-internationale\" class=\"accordion\"><\/p>\n<p><li><h3 class=\"faq-question\"><span class=\"faq-toggle\"><i class=\"fa fa-plus\"><\/i><\/span><span class=\"faq-question-text\">Faites-vous la livraison \u00e0 l\u2019international des colis surdimensionn\u00e9s ou de forme sp\u00e9ciale ?<\/span><\/h3><span class=\"faq-answer\"><p>\nOui. Bon nombre de nos centres exp\u00e9dient les objets surdimensionn\u00e9s ou dont le format n\u2019est pas standard, comme les meubles. Ces articles requi\u00e8rent tr\u00e8s souvent un emballage sp\u00e9cial. C\u2019est pourquoi les centres The UPS Store ont tout ce qu\u2019il faut pour offrir un service de manutention et d\u2019emballage personnalis\u00e9 : couvertures, bo\u00eetes sur mesure, caisses en bois, emballage par r\u00e9traction et palettisation. Les experts de votre centre le plus pr\u00e8s pourront vous conseiller sur les meilleures m\u00e9thodes d\u2019emballage.\u00a0<a href=\"https:\/\/www.theupsstore1.net\/fr\/localisateur\/\">Demandez-leur<\/a>\u00a0s\u2019ils offrent le service d\u2019emballage et d\u2019exp\u00e9dition des articles surdimensionn\u00e9s ou de forme sp\u00e9ciale.<br \/>\n<\/p><\/span><\/li><\/p>\n<p><li><h3 class=\"faq-question\"><span class=\"faq-toggle\"><i class=\"fa fa-plus\"><\/i><\/span><span class=\"faq-question-text\">Comment m\u2019assurer que mon envoi \u00e0 l\u2019international sera d\u00e9douan\u00e9 ?<\/span><\/h3><span class=\"faq-answer\"><p>\nThe UPS Store peut vous aider \u00e0 remplir la documentation appropri\u00e9e afin que votre envoi\u00a0soit en mesure de passer la douane. Les experts en livraison internationale des centres The UPS Store vous informeront, au moment de la\u00a0transaction, des restrictions qui pourraient poser probl\u00e8me aux douanes.<\/p>\n<p><\/p><\/span><\/li><\/p>\n<p><li><h3 class=\"faq-question\"><span class=\"faq-toggle\"><i class=\"fa fa-plus\"><\/i><\/span><span class=\"faq-question-text\">Que sont les droits, les tarifs et les frais de douane ?<\/span><\/h3><span class=\"faq-answer\"><p>\nLes droits de douane sont impos\u00e9s par les autorit\u00e9s douani\u00e8res sur des marchandises import\u00e9es. Le tarif qui s\u2019applique est calcul\u00e9 en pourcentage selon la valeur ou le poids brut (ou les deux), et il peut diff\u00e9rer d\u2019une marchandise \u00e0 l\u2019autre. Les frais de douane sont impos\u00e9s par le courtier en douane ou l\u2019agent pour ses services. Vous \u00eates responsable de payer tous les droits et frais de douane.<br \/>\n<\/p><\/span><\/li><\/p>\n<p><\/ul>\n<p><a href=\"https:\/\/www.theupsstore1.net\/fr\/service-a-la-clientele\/faq\/#questions-courantes-sur-la-livraison-internationale-title\">Voir toutes les questions courantes sur\u00a0la livraison internationale<br \/>\n<\/a><\/p>\n<\/div>","protected":false},"excerpt":{"rendered":"<p>Transportez-vous ailleurs Besoin de services de transport a\u00e9rien pour exp\u00e9dier un colis vers l\u2019\u00e9tranger ou de solutions pour assurer la livraison internationale et le suivi des envois de votre entreprise ? The UPS Store est un point de service autoris\u00e9 d\u2019UPS et un point de d\u00e9p\u00f4t pour les services de messagerie a\u00e9rienne et d\u2019exp\u00e9dition par &hellip; <a href=\"https:\/\/www.theupsstore1.net\/fr\/services\/emballage-expedition\/livraison-internationale\/\">Continued<\/a><\/p>\n","protected":false},"author":4,"featured_media":17716,"parent":947,"menu_order":0,"comment_status":"closed","ping_status":"closed","template":"","meta":{"footnotes":""},"class_list":["post-961","page","type-page","status-publish","has-post-thumbnail","hentry"],"_links":{"self":[{"href":"https:\/\/www.theupsstore1.net\/fr\/wp-json\/wp\/v2\/pages\/961","targetHints":{"allow":["GET"]}}],"collection":[{"href":"https:\/\/www.theupsstore1.net\/fr\/wp-json\/wp\/v2\/pages"}],"about":[{"href":"https:\/\/www.theupsstore1.net\/fr\/wp-json\/wp\/v2\/types\/page"}],"author":[{"embeddable":true,"href":"https:\/\/www.theupsstore1.net\/fr\/wp-json\/wp\/v2\/users\/4"}],"replies":[{"embeddable":true,"href":"https:\/\/www.theupsstore1.net\/fr\/wp-json\/wp\/v2\/comments?post=961"}],"version-history":[{"count":0,"href":"https:\/\/www.theupsstore1.net\/fr\/wp-json\/wp\/v2\/pages\/961\/revisions"}],"up":[{"embeddable":true,"href":"https:\/\/www.theupsstore1.net\/fr\/wp-json\/wp\/v2\/pages\/947"}],"wp:featuredmedia":[{"embeddable":true,"href":"https:\/\/www.theupsstore1.net\/fr\/wp-json\/wp\/v2\/media\/17716"}],"wp:attachment":[{"href":"https:\/\/www.theupsstore1.net\/fr\/wp-json\/wp\/v2\/media?parent=961"}],"curies":[{"name":"wp","href":"https:\/\/api.w.org\/{rel}","templated":true}]}}