{"id":966,"date":"2013-04-26T16:13:19","date_gmt":"2013-04-26T16:13:19","guid":{"rendered":"https:\/\/www.theupsstore1.net\/?page_id=966"},"modified":"2022-09-19T15:04:33","modified_gmt":"2022-09-19T19:04:33","slug":"complementaires","status":"publish","type":"page","link":"https:\/\/www.theupsstore1.net\/fr\/services\/complementaires\/","title":{"rendered":"Produits et services compl\u00e9mentaires"},"content":{"rendered":"<div class=\"wp-editor-content\"><p>The UPS Store Canada offre des produits et services compl\u00e9mentaires pour \u00e9pauler votre entreprise. Que vous recherchiez une fa\u00e7on s\u00e9curitaire de d\u00e9chiqueter vos documents ou un endroit o\u00f9 envoyer et recevoir des t\u00e9l\u00e9copies, les centres The UPS Store proposent des services de traitement des documents adapt\u00e9s \u00e0 vos besoins.<\/p>\n<p>Nous produisons aussi des timbres en caoutchouc personnalis\u00e9s pour apposer adresse, logo ou signature sur votre documentation d\u2019affaires. Saviez-vous que certains de nos centres offrent m\u00eame la location d\u2019ordinateurs et des services Internet\u00a0? Apprenez-en plus sur les services \u00e0 valeur ajout\u00e9e des centres The UPS Store.<\/p>\n\t\t<div class=\"find horizontal-widget long span-12 \">\n                    <div class=\"title\">\n                            <h2>Trouver un magasin<\/h2>\n                    <\/div>\n                    <div class=\"find-widget-content\">\n                        <span class=\"find-widget-header-text\"><i class=\"fa fa-map-marker\"><\/i>Trouver un magasin:<\/span>\n                        <span class=\"tile kit-text span-2 form-text\"><strong>Entrez votre Adresse, Ville, Province ou Code Postal:<\/strong><\/span>\n                        <span class=\"tile horizontal-search \">\n                            <span id=\"searchbox\">\n                                <form action=\"\/fr\/localisateur\/\" method=\"post\" name=\"FindLocationForm\" class=\"findLocationForm\">\n\t<input name=\"FindLocationTextBox\" type=\"text\" maxlength=\"100\"  class=\"form_box findLocationTextBox\">\n\t<input type=\"hidden\" value=\"\" name=\"lat\" class=\"findLocationLat\"\/>\n\t<input type=\"hidden\" value=\"\" name=\"lng\" class=\"findLocationLng\"\/>\n    <button type=\"submit\" name=\"FindLocationButton\" class=\"search_submit button findLocationButton\"><i class=\"fa fa-search\"><\/i><\/button>\n<\/form>                            <\/span>\n                        <\/span>\n                        <div class=\"clearfix\"><\/div>\n                        <div class=\"tile kit-text span-2\"><\/div>\n                    <\/div>\n\t\t<\/div>\n\t\t\n<h2>Compte de membre<\/h2>\n<p>Les comptes de membre The UPS Store permettent aux clients habituels ainsi qu\u2019aux petites entreprises de b\u00e9n\u00e9ficier d\u2019un service personnalis\u00e9 et d\u2019une gamme compl\u00e8te de produits et services regroup\u00e9s sous un m\u00eame toit.<\/p>\n<p>\u00c0 titre de membre, vous pouvez b\u00e9n\u00e9ficier des avantages suivants:<\/p>\n<ul>\n<li>Facturation mensuelle pour faciliter le suivi de vos d\u00e9penses;<\/li>\n<li>D\u00e9signation des personnes autoris\u00e9es \u00e0 faire des transactions en votre nom \u00e0 un centre The UPS Store;<\/li>\n<li>Guichet unique pour tous vos besoins d\u2019emballage, d\u2019exp\u00e9dition ou autres services d\u2019affaires.<\/li>\n<\/ul>\n<p>Ouvrez-vous un compte de membre \u00e0 votre centre local <a href=\"https:\/\/www.theupsstore1.net\/fr\/localisateur\/\">The UPS Store<\/a> d\u00e8s aujourd\u2019hui pour profiter pleinement de nos services!<\/p>\n<h2>D\u00e9chiquetage s\u00e9curitaire de documents<\/h2>\n<p>Besoin d\u2019un endroit o\u00f9 d\u00e9truire vos documents confidentiels ? Certains centres <a href=\"https:\/\/www.theupsstore1.net\/fr\/localisateur\/\">The UPS Store <\/a>participants poss\u00e8dent une d\u00e9chiqueteuse \u00e0 papier et une bo\u00eete \u00e0 ordures ferm\u00e9e \u00e0 cl\u00e9 o\u00f9 vous pouvez vous d\u00e9barrasser de vos documents personnels et professionnels. Communiquez avec le centre le plus pr\u00e8s pour savoir s\u2019il offre ce service.<\/p>\n<h2>Timbres en caoutchouc<\/h2>\n<p>Les centres The UPS Store produisent des timbres de haute qualit\u00e9 dans une vari\u00e9t\u00e9 de mod\u00e8les et de formats, y compris des mod\u00e8les autoencreurs. Que vous ayez besoin d\u2019un timbre de d\u00e9p\u00f4t, d\u2019adresse d\u2019exp\u00e9diteur ou d\u2019autorisation, vous le trouverez au <a href=\"https:\/\/www.theupsstore1.net\/fr\/localisateur\/\">centre le plus pr\u00e8s<\/a> d\u00e8s aujourd\u2019hui.<\/p>\n<h2>Services de t\u00e9l\u00e9copie<\/h2>\n<p>Les centres The UPS Store proposent des services d\u2019envoi et de r\u00e9ception de t\u00e9l\u00e9copies. Communiquez avec <a href=\"https:\/\/www.theupsstore1.net\/fr\/localisateur\/\">votre centre le plus pr\u00e8s<\/a> pour coordonner ce service de premi\u00e8re utilit\u00e9 pour votre entreprise.<\/p>\n<p>&nbsp;<\/p>\n<h3 id=\"questions-courantes-sur-les-produits-et-services-compl%c3%a9mentaires-title\" >Questions courantes sur les produits et services compl\u00e9mentaires<\/h3><ul id=\"questions-courantes-sur-les-produits-et-services-compl%c3%a9mentaires\" class=\"accordion\"><\/p>\n<p><li><h3 class=\"faq-question\"><span class=\"faq-toggle\"><i class=\"fa fa-plus\"><\/i><\/span><span class=\"faq-question-text\">Qu\u2019est-ce qu\u2019un compte de membre?<\/span><\/h3><span class=\"faq-answer\"><p>\nD\u00e9tenir un compte de membre permet aux clients habituels ainsi qu\u2019aux petites entreprises de b\u00e9n\u00e9ficier d\u2019un service personnalis\u00e9 et d\u2019une gamme compl\u00e8te de produits et services regroup\u00e9s sous un m\u00eame toit. \u00c0 titre de membre, vous recevez une facture mensuelle, qui facilite le suivi de vos d\u00e9penses. Vous pouvez \u00e9galement d\u00e9signer des personnes autoris\u00e9es \u00e0 faire des transactions en votre nom, en plus de profiter d\u2019un guichet unique pour tous vos besoins d\u2019emballage, d\u2019impression et de finition de documents.<br \/>\n<\/p><\/span><\/li><\/p>\n<p><li><h3 class=\"faq-question\"><span class=\"faq-toggle\"><i class=\"fa fa-plus\"><\/i><\/span><span class=\"faq-question-text\">M\u2019ouvrir un compte de membre en vaut-il la peine?<\/span><\/h3><span class=\"faq-answer\"><p>\nCommuniquez avec le centre The UPS Store le plus pr\u00e8s pour d\u00e9terminer si un tel compte est la meilleure solution pour vous.<br \/>\nComme nos centres sont d\u00e9tenus et exploit\u00e9s par des franchis\u00e9s ind\u00e9pendants, le prix des services peuvent varier. Informez-vous aupr\u00e8s de votre centre le plus pr\u00e8s pour en savoir plus.<br \/>\n<\/p><\/span><\/li><\/p>\n<p><li><h3 class=\"faq-question\"><span class=\"faq-toggle\"><i class=\"fa fa-plus\"><\/i><\/span><span class=\"faq-question-text\">Pouvez-vous cr\u00e9er des timbres en caoutchouc personnalis\u00e9s?<\/span><\/h3><span class=\"faq-answer\"><p>\nNous produisons des timbres de haute qualit\u00e9 dans une vari\u00e9t\u00e9 de formats et de mod\u00e8les, y compris des mod\u00e8les autoencreurs. Adressez-vous au centre The UPS Store le plus pr\u00e8s afin de remplir un bon de commande pour personnaliser votre timbre en caoutchouc.<br \/>\n<\/p><\/span><\/li><\/p>\n<p><\/ul>\n<p><a href=\"https:\/\/www.theupsstore1.net\/fr\/service-a-la-clientele\/faq\/#questions-courantes-sur-les-produits-et-services-compl%c3%a9mentaires-title\">Voir toutes les questions courantes sur les produits et services<\/a><\/p>\n<\/div>","protected":false},"excerpt":{"rendered":"<p>The UPS Store Canada offre des produits et services compl\u00e9mentaires pour \u00e9pauler votre entreprise. Que vous recherchiez une fa\u00e7on s\u00e9curitaire de d\u00e9chiqueter vos documents ou un endroit o\u00f9 envoyer et recevoir des t\u00e9l\u00e9copies, les centres The UPS Store proposent des services de traitement des documents adapt\u00e9s \u00e0 vos besoins. Nous produisons aussi des timbres en &hellip; <a href=\"https:\/\/www.theupsstore1.net\/fr\/services\/complementaires\/\">Continued<\/a><\/p>\n","protected":false},"author":4,"featured_media":0,"parent":894,"menu_order":3,"comment_status":"closed","ping_status":"closed","template":"","meta":{"footnotes":""},"class_list":["post-966","page","type-page","status-publish","hentry"],"_links":{"self":[{"href":"https:\/\/www.theupsstore1.net\/fr\/wp-json\/wp\/v2\/pages\/966","targetHints":{"allow":["GET"]}}],"collection":[{"href":"https:\/\/www.theupsstore1.net\/fr\/wp-json\/wp\/v2\/pages"}],"about":[{"href":"https:\/\/www.theupsstore1.net\/fr\/wp-json\/wp\/v2\/types\/page"}],"author":[{"embeddable":true,"href":"https:\/\/www.theupsstore1.net\/fr\/wp-json\/wp\/v2\/users\/4"}],"replies":[{"embeddable":true,"href":"https:\/\/www.theupsstore1.net\/fr\/wp-json\/wp\/v2\/comments?post=966"}],"version-history":[{"count":0,"href":"https:\/\/www.theupsstore1.net\/fr\/wp-json\/wp\/v2\/pages\/966\/revisions"}],"up":[{"embeddable":true,"href":"https:\/\/www.theupsstore1.net\/fr\/wp-json\/wp\/v2\/pages\/894"}],"wp:attachment":[{"href":"https:\/\/www.theupsstore1.net\/fr\/wp-json\/wp\/v2\/media?parent=966"}],"curies":[{"name":"wp","href":"https:\/\/api.w.org\/{rel}","templated":true}]}}