{"id":970,"date":"2013-04-26T16:51:44","date_gmt":"2013-04-26T16:51:44","guid":{"rendered":"https:\/\/www.theupsstore1.net\/?page_id=970"},"modified":"2024-01-22T17:15:33","modified_gmt":"2024-01-22T22:15:33","slug":"solutions-petites-entreprises","status":"publish","type":"page","link":"https:\/\/www.theupsstore1.net\/fr\/solutions-petites-entreprises\/","title":{"rendered":"Solutions petites entreprises"},"content":{"rendered":"<div class=\"wp-editor-content\"><h2><strong>Solutions pour votre petite entreprise, apport\u00e9es par The UPS Store<\/strong><\/h2>\n<p>Exploitez votre petite entreprise avec l\u2019efficience d\u2019une grande, gr\u00e2ce aux Solutions pour petite entreprise de The UPS Store. Nos produits et services en magasin, y compris l\u2019impression et l\u2019exp\u00e9dition, sont con\u00e7us de fa\u00e7on \u00e0 r\u00e9pondre \u00e0 <u>vos<\/u> besoins. Vous avez des difficult\u00e9s pour lesquelles vous avez besoin d\u2019aide? Des questions? Notre personnel veillera \u00e0 ce que vous ayez tout ce qu\u2019il vous faut pour r\u00e9ussir.<\/p>\n<h2><strong>En savoir plus sur le programme de fid\u00e9lit\u00e9 <\/strong><strong>OBTENEZ PLUS<\/strong><strong> \u2013 Une solution pour petite entreprise de The UPS Store<\/strong><\/h2>\n<p>The UPS Store est fi\u00e8re de vous apporter le programme de fid\u00e9lit\u00e9 OBTENEZ PLUS, sans frais. OBTENEZ PLUS permet \u00e0 votre petite entreprise de tirer le maximum de nos services, comme des \u00e9conomies sur l\u2019exp\u00e9dition UPS (exp\u00e9ditions port\u00e9es au compte en magasin), l\u2019impression et la location de bo\u00eetes postales en magasin. Votre succ\u00e8s est aussi le n\u00f4tre. Faites de The UPS Store, le partenaire de votre petite entreprise.<\/p>\n<div>En tant que membre du programme de r\u00e9compenses OBTENEZ PLUS, vous recevez ce qui suit<\/div>\n<ul>\n<li><strong>RABAIS DE 10 %\u00a0<\/strong>sur l\u2019exp\u00e9dition par UPS<\/li>\n<li><strong>RABAIS DE 10 %\u00a0<\/strong>sur les fournitures et les services d\u2019emballage<\/li>\n<li><strong>RABAIS DE 10 %\u00a0<\/strong>sur les services d\u2019impression<\/li>\n<li><strong>RABAIS DE 10 %\u00a0<\/strong>sur la location de bo\u00eetes postales<\/li>\n<li><strong>RABAIS DE 10 %\u00a0<\/strong>sur le d\u00e9chiquetage s\u00e9curitaire de documents<\/li>\n<\/ul>\n<div>Le meilleur de tous, c\u2019est\u00a0<strong>GRATUIT<\/strong>\u00a0de s\u2019inscrire!<\/div>\n<h3><strong><a href=\"https:\/\/www.theupsstore1.net\/fr\/solutions-petites-entreprises\/obtenez-plus\/\">Inscrivez-vous aujourd&rsquo;hui!<\/a><\/strong><\/h3>\n<div class=\"col-md-4 col-sm-6\"><div class=\"content-image-module-wrap\"><a href=\"https:\/\/www.theupsstore1.net\/fr\/solutions-petites-entreprises\/obtenez-plus\/\"><div class=\"content-image-module\" style=\"background-image: url(http:\/\/www.theupsstore.ca\/wp-content\/uploads\/2024\/01\/FRE-2022-GetMore-Card-new-trim.png\"><div class=\"content-image-module-title\"><\/p>\n<p>Programme OBTENEZ PLUS<\/p>\n<p><\/div><\/div><\/a><\/div><\/div>\n<p>&nbsp;<\/p>\n<h2>Comment The UPS Store peut-il aider votre entreprise ?<\/h2>\n<h3>Location de bo\u00eetes postales<\/h3>\n<p>Nos <a href=\"https:\/\/www.theupsstore1.net\/fr\/services\/boites-postales\/\">bo\u00eetes postales<\/a> vous offrent une foule d\u2019avantages, dont les suivants :<\/p>\n<ul>\n<li>V\u00e9ritable adresse municipale, et non un num\u00e9ro de case postale<\/li>\n<li>R\u00e9ception de colis livr\u00e9s par toutes les entreprises de messagerie<\/li>\n<li>Acc\u00e8s s\u00e9curitaire \u00e0 votre bo\u00eete postale en tout temps, jour et nuit*<\/li>\n<li>Avis de r\u00e9ception du courrier<\/li>\n<li>Retenue et r\u00e9acheminement du courrier<\/li>\n<li>Suivi de courrier par t\u00e9l\u00e9phone<\/li>\n<\/ul>\n<p>*<em>Offert seulement dans certains centres participants<\/em><\/p>\n<h3>Services d\u2019impression en magasin et en ligne<\/h3>\n<p>Pour votre commodit\u00e9, nous offrons des services d\u2019impression <a href=\"https:\/\/www.theupsstore1.net\/fr\/localisateur\/\">en magasin<\/a> et <a href=\"https:\/\/www.theupsstore1.net\/fr\/services\/impression\/impression-en-ligne\/\">en ligne<\/a>. Nous nous engageons \u00e0 vous fournir des documents imprim\u00e9s d\u2019allure professionnelle, pr\u00eats quand et l\u00e0 o\u00f9 vous le voulez. Pensez \u00e0 nous pour imprimer tous vos documents professionnels et commerciaux :<\/p>\n<ul>\n<li>Pr\u00e9sentations<\/li>\n<li>Cartes professionnelles<\/li>\n<li>D\u00e9pliants publicitaires<\/li>\n<li>Et bien plus encore<\/li>\n<\/ul>\n<h3>Services d\u2019emballage et d\u2019exp\u00e9dition<\/h3>\n<p><a href=\"https:\/\/www.theupsstore1.net\/fr\/services\/emballage-expedition\/emballage\">L\u2019emballage et l\u2019exp\u00e9dition<\/a> comptent parmi nos sp\u00e9cialit\u00e9s ! Nous offrons notamment:<\/p>\n<ul>\n<li>Les services de plusieurs entreprises de messagerie, dont UPS<sup>MD<\/sup> ;<\/li>\n<li>La livraison locale, int\u00e9rieure et internationale ;<\/li>\n<li>Une multitude de solutions allant de la livraison le lendemain \u00e0 la livraison par voie terrestre ;<\/li>\n<li>Des fournitures et services d\u2019emballage.<\/li>\n<\/ul>\n<h3>Services de finition de documents<\/h3>\n<p>Donnez fi\u00e8re allure \u00e0 vos documents gr\u00e2ce \u00e0 nos services de finition de document. Ils comprennent notamment ce qui suit :<\/p>\n<ul>\n<li>Intercalaires \u00e0 onglet<\/li>\n<li>Assemblage<\/li>\n<li>Reliure<\/li>\n<li>Pliage<\/li>\n<li>Mise en bloc<\/li>\n<li>Massicotage et perforage<\/li>\n<li>Laminage<\/li>\n<\/ul>\n<h3>Services de d\u00e9chiquetage<\/h3>\n<p>Quand vient le temps de d\u00e9truire vos documents confidentiels, vous avez besoin d\u2019une personne de confiance vers qui vous tourner. D\u00e9barrassez-vous de vos documents personnels et professionnels superflus gr\u00e2ce aux services de d\u00e9chiquetage des centres The UPS Store.<\/p>\n<ul>\n<li aria-level=\"1\">Facile : Il suffit de nous apporter vos documents.<\/li>\n<li aria-level=\"1\">Sans risque : Notre solution est plus s\u00fbre que le d\u00e9chiquetage \u00e0 domicile.<\/li>\n<li aria-level=\"1\">Recycl\u00e9 : Une fois d\u00e9chiquet\u00e9s, vos documents sont recycl\u00e9s en toute s\u00e9curit\u00e9.<\/li>\n<li aria-level=\"1\">Pratique : Nous sommes situ\u00e9s pr\u00e8s de chez vous. Nul besoin de prendre rendez-vous\u2009!<\/li>\n<\/ul>\n<p>&nbsp;<\/p>\n\t\t<div class=\"find horizontal-widget long span-12 \">\n                    <div class=\"title\">\n                            <h2>Trouver un magasin<\/h2>\n                    <\/div>\n                    <div class=\"find-widget-content\">\n                        <span class=\"find-widget-header-text\"><i class=\"fa fa-map-marker\"><\/i>Trouver un magasin:<\/span>\n                        <span class=\"tile kit-text span-2 form-text\"><strong>Entrez votre Adresse, Ville, Province ou Code Postal:<\/strong><\/span>\n                        <span class=\"tile horizontal-search \">\n                            <span id=\"searchbox\">\n                                <form action=\"\/fr\/localisateur\/\" method=\"post\" name=\"FindLocationForm\" class=\"findLocationForm\">\n\t<input name=\"FindLocationTextBox\" type=\"text\" maxlength=\"100\"  class=\"form_box findLocationTextBox\">\n\t<input type=\"hidden\" value=\"\" name=\"lat\" class=\"findLocationLat\"\/>\n\t<input type=\"hidden\" value=\"\" name=\"lng\" class=\"findLocationLng\"\/>\n    <button type=\"submit\" name=\"FindLocationButton\" class=\"search_submit button findLocationButton\"><i class=\"fa fa-search\"><\/i><\/button>\n<\/form>                            <\/span>\n                        <\/span>\n                        <div class=\"clearfix\"><\/div>\n                        <div class=\"tile kit-text span-2\"><\/div>\n                    <\/div>\n\t\t<\/div>\n\t\t\n<\/div>","protected":false},"excerpt":{"rendered":"<p>Solutions pour votre petite entreprise, apport\u00e9es par The UPS Store Exploitez votre petite entreprise avec l\u2019efficience d\u2019une grande, gr\u00e2ce aux Solutions pour petite entreprise de The UPS Store. Nos produits et services en magasin, y compris l\u2019impression et l\u2019exp\u00e9dition, sont con\u00e7us de fa\u00e7on \u00e0 r\u00e9pondre \u00e0 vos besoins. Vous avez des difficult\u00e9s pour lesquelles vous &hellip; <a href=\"https:\/\/www.theupsstore1.net\/fr\/solutions-petites-entreprises\/\">Continued<\/a><\/p>\n","protected":false},"author":4,"featured_media":67340,"parent":0,"menu_order":0,"comment_status":"open","ping_status":"closed","template":"template-small-business-sub.php","meta":{"footnotes":""},"class_list":["post-970","page","type-page","status-publish","has-post-thumbnail","hentry"],"_links":{"self":[{"href":"https:\/\/www.theupsstore1.net\/fr\/wp-json\/wp\/v2\/pages\/970","targetHints":{"allow":["GET"]}}],"collection":[{"href":"https:\/\/www.theupsstore1.net\/fr\/wp-json\/wp\/v2\/pages"}],"about":[{"href":"https:\/\/www.theupsstore1.net\/fr\/wp-json\/wp\/v2\/types\/page"}],"author":[{"embeddable":true,"href":"https:\/\/www.theupsstore1.net\/fr\/wp-json\/wp\/v2\/users\/4"}],"replies":[{"embeddable":true,"href":"https:\/\/www.theupsstore1.net\/fr\/wp-json\/wp\/v2\/comments?post=970"}],"version-history":[{"count":0,"href":"https:\/\/www.theupsstore1.net\/fr\/wp-json\/wp\/v2\/pages\/970\/revisions"}],"wp:featuredmedia":[{"embeddable":true,"href":"https:\/\/www.theupsstore1.net\/fr\/wp-json\/wp\/v2\/media\/67340"}],"wp:attachment":[{"href":"https:\/\/www.theupsstore1.net\/fr\/wp-json\/wp\/v2\/media?parent=970"}],"curies":[{"name":"wp","href":"https:\/\/api.w.org\/{rel}","templated":true}]}}