{"id":971,"date":"2013-04-26T16:59:41","date_gmt":"2013-04-26T16:59:41","guid":{"rendered":"https:\/\/www.theupsstore1.net\/?page_id=971"},"modified":"2025-08-29T17:12:37","modified_gmt":"2025-08-29T21:12:37","slug":"calculatrice-frais-expedition","status":"publish","type":"page","link":"https:\/\/www.theupsstore1.net\/fr\/calculatrice-frais-expedition\/","title":{"rendered":"Calculatrice de frais d&rsquo;exp\u00e9dition"},"content":{"rendered":"<div class=\"wp-editor-content\"><p>Besoin de calculer vos frais d\u2019exp\u00e9dition ? Notre calculatrice en ligne peut vous aider \u00e0 estimer les tarifs de livraison au Canada et vous donner un aper\u00e7u de ce qu\u2019il vous en co\u00fbtera pour envoyer vos colis \u00e0 l\u2019international.<\/p>\n<p>Pour conna\u00eetre les frais d\u2019exp\u00e9dition estim\u00e9s, veuillez fournir les renseignements requis \u00e0 propos de votre envoi. Les frais calcul\u00e9s s\u2019appliquent aux services d\u2019UPS suivants :<\/p>\n<ul>\n<li>UPS Early<\/li>\n<li>UPS Express<\/li>\n<li>UPS Express Saver<\/li>\n<li>UPS Expedited<\/li>\n<li>UPS 3 Day Select<\/li>\n<li>UPS Standard<\/li>\n<\/ul>\n<p>Si vous souhaitez emballer et exp\u00e9dier des articles surdimensionn\u00e9s, fragiles ou de forme sp\u00e9ciale, communiquez avec <a title=\"Localisateur de centres\" href=\"https:\/\/www.theupsstore1.net\/fr\/localisateur\/\">le centre le plus pr\u00e8s<\/a> pour en savoir plus sur nos <a title=\"Services d\u2019emballage et d\u2019exp\u00e9dition\" href=\"https:\/\/www.theupsstore1.net\/fr\/services\/emballage-expedition\/\">services d\u2019emballage et d\u2019exp\u00e9dition<\/a>.<\/p>\n<\/div>","protected":false},"excerpt":{"rendered":"<p>Besoin de calculer vos frais d\u2019exp\u00e9dition ? Notre calculatrice en ligne peut vous aider \u00e0 estimer les tarifs de livraison au Canada et vous donner un aper\u00e7u de ce qu\u2019il vous en co\u00fbtera pour envoyer vos colis \u00e0 l\u2019international. Pour conna\u00eetre les frais d\u2019exp\u00e9dition estim\u00e9s, veuillez fournir les renseignements requis \u00e0 propos de votre envoi. &hellip; <a href=\"https:\/\/www.theupsstore1.net\/fr\/calculatrice-frais-expedition\/\">Continued<\/a><\/p>\n","protected":false},"author":4,"featured_media":17714,"parent":0,"menu_order":0,"comment_status":"closed","ping_status":"closed","template":"page-shipping-cost-calculator.php","meta":{"footnotes":""},"class_list":["post-971","page","type-page","status-publish","has-post-thumbnail","hentry"],"_links":{"self":[{"href":"https:\/\/www.theupsstore1.net\/fr\/wp-json\/wp\/v2\/pages\/971","targetHints":{"allow":["GET"]}}],"collection":[{"href":"https:\/\/www.theupsstore1.net\/fr\/wp-json\/wp\/v2\/pages"}],"about":[{"href":"https:\/\/www.theupsstore1.net\/fr\/wp-json\/wp\/v2\/types\/page"}],"author":[{"embeddable":true,"href":"https:\/\/www.theupsstore1.net\/fr\/wp-json\/wp\/v2\/users\/4"}],"replies":[{"embeddable":true,"href":"https:\/\/www.theupsstore1.net\/fr\/wp-json\/wp\/v2\/comments?post=971"}],"version-history":[{"count":1,"href":"https:\/\/www.theupsstore1.net\/fr\/wp-json\/wp\/v2\/pages\/971\/revisions"}],"predecessor-version":[{"id":82726,"href":"https:\/\/www.theupsstore1.net\/fr\/wp-json\/wp\/v2\/pages\/971\/revisions\/82726"}],"wp:featuredmedia":[{"embeddable":true,"href":"https:\/\/www.theupsstore1.net\/fr\/wp-json\/wp\/v2\/media\/17714"}],"wp:attachment":[{"href":"https:\/\/www.theupsstore1.net\/fr\/wp-json\/wp\/v2\/media?parent=971"}],"curies":[{"name":"wp","href":"https:\/\/api.w.org\/{rel}","templated":true}]}}